{"id":2910,"date":"2022-04-24T13:43:56","date_gmt":"2022-04-24T11:43:56","guid":{"rendered":"https:\/\/cormac.eu\/?post_type=product&#038;p=2910"},"modified":"2022-06-01T11:13:13","modified_gmt":"2022-06-01T09:13:13","slug":"cokoladovy-depozitar-kcm-omega","status":"publish","type":"product","link":"https:\/\/cormac.eu\/cs\/product\/chocolate-depositor-kcm-omega\/","title":{"rendered":"\u010cokol\u00e1dov\u00fd vkladatel KCM Alpha"},"content":{"rendered":"<p>\u0158ada Knobel KCM Alpha je novou generac\u00ed zaklada\u010d\u016f.Stroje jsou vyrobeny v t\u011b\u017ek\u00e9m proveden\u00ed a jsou vhodn\u00e9 pro t\u0159\u00edsm\u011bnn\u00fd provoz. K dispozici je jak\u00e1koli konfigurace stroje od 12 do 144 p\u00edst\u016f. Lze pou\u017e\u00edt standardn\u00ed v\u00e1lce o pr\u016fm\u011bru 21, 30\/2, 35 a 45 mm s p\u00edsty o pr\u016fm\u011bru 6,8,10,17,25,30 a 45 mm. D\u00e9lka zdvihu: 52 mm. Tento stroj lze dodat tak\u00e9 v proveden\u00ed CAD s line\u00e1rn\u00ed servotechnologi\u00ed v os\u00e1ch X a Y.<br \/>\nOsa Z: 150 mm<br \/>\nOsa X: 300 mm (voliteln\u011b)<br \/>\nOsa Y: 150 mm (voliteln\u011b).<\/p>\n<p>\u0158adu KCM Alpha lze um\u00edstit p\u0159\u00edmo na linku pro v\u00fdrobu dresovan\u00fdch v\u00fdrobk\u016f a v dob\u011b, kdy se nepou\u017e\u00edv\u00e1 pro dresovan\u00e9 v\u00fdrobky, lze makovici vyt\u00e1hnout a pou\u017e\u00edt ji pro v\u00fdrobu jednor\u00e1zov\u00fdch v\u00fdrobk\u016f.<\/p>\n<p>&nbsp;<\/p>\n<table style=\"height: 360px;\" width=\"656\">\n<tbody>\n<tr>\n<td width=\"169\">\u00a0<strong>Funkce<\/strong><\/td>\n<td width=\"169\">\u00a0<strong>V\u00fdhody<\/strong><\/td>\n<\/tr>\n<tr>\n<td>T\u011b\u017ek\u00e9 proveden\u00ed<\/td>\n<td>\n<ul>\n<li>trvanliv\u00e9<\/li>\n<li>siln\u00e1<\/li>\n<li>vhodn\u00e9 pro t\u0159\u00edsm\u011bnn\u00fd provoz<\/li>\n<\/ul>\n<\/td>\n<\/tr>\n<tr>\n<td>Pln\u011b elektro servo droven<\/td>\n<td>\n<ul>\n<li>p\u0159esn\u00e9<\/li>\n<li>rychle<\/li>\n<\/ul>\n<\/td>\n<\/tr>\n<tr>\n<td>Konzolov\u00e1 konstrukce<\/td>\n<td>\n<ul>\n<li>snadn\u00e1 manipulace<\/li>\n<li>snadn\u00e9 \u010di\u0161t\u011bn\u00ed<\/li>\n<\/ul>\n<\/td>\n<\/tr>\n<\/tbody>\n<\/table>\n<p>&nbsp;<\/p>","protected":false},"excerpt":{"rendered":"<p>Stroj na nan\u00e1\u0161en\u00ed \u010dokol\u00e1dy pro v\u00fdrobu \u010dokol\u00e1dov\u00fdch bonb\u00f3n\u016f a voln\u00e9 dresinky v n\u00e1ro\u010dn\u00fdch pr\u016fmyslov\u00fdch podm\u00ednk\u00e1ch.<\/p>","protected":false},"featured_media":2914,"comment_status":"open","ping_status":"closed","template":"","meta":{"uix_meta_title":"","uix_meta_description":"","uix_canonical_url":""},"product_brand":[],"product_cat":[104],"product_tag":[],"class_list":{"0":"post-2910","1":"product","2":"type-product","3":"status-publish","4":"has-post-thumbnail","6":"product_cat-processing","8":"first","9":"instock","10":"shipping-taxable","11":"product-type-simple"},"_links":{"self":[{"href":"https:\/\/cormac.eu\/cs\/wp-json\/wp\/v2\/product\/2910","targetHints":{"allow":["GET"]}}],"collection":[{"href":"https:\/\/cormac.eu\/cs\/wp-json\/wp\/v2\/product"}],"about":[{"href":"https:\/\/cormac.eu\/cs\/wp-json\/wp\/v2\/types\/product"}],"replies":[{"embeddable":true,"href":"https:\/\/cormac.eu\/cs\/wp-json\/wp\/v2\/comments?post=2910"}],"wp:featuredmedia":[{"embeddable":true,"href":"https:\/\/cormac.eu\/cs\/wp-json\/wp\/v2\/media\/2914"}],"wp:attachment":[{"href":"https:\/\/cormac.eu\/cs\/wp-json\/wp\/v2\/media?parent=2910"}],"wp:term":[{"taxonomy":"product_brand","embeddable":true,"href":"https:\/\/cormac.eu\/cs\/wp-json\/wp\/v2\/product_brand?post=2910"},{"taxonomy":"product_cat","embeddable":true,"href":"https:\/\/cormac.eu\/cs\/wp-json\/wp\/v2\/product_cat?post=2910"},{"taxonomy":"product_tag","embeddable":true,"href":"https:\/\/cormac.eu\/cs\/wp-json\/wp\/v2\/product_tag?post=2910"}],"curies":[{"name":"wp","href":"https:\/\/api.w.org\/{rel}","templated":true}]}}