{"id":2908,"date":"2022-04-24T13:38:47","date_gmt":"2022-04-24T11:38:47","guid":{"rendered":"https:\/\/cormac.eu\/?post_type=product&#038;p=2908"},"modified":"2022-05-30T16:22:12","modified_gmt":"2022-05-30T14:22:12","slug":"cokoladovy-depozitar-kcm-alpha-compact","status":"publish","type":"product","link":"https:\/\/cormac.eu\/cs\/product\/chocolate-depositor-kcm-alpha-compact\/","title":{"rendered":"\u010cokol\u00e1dov\u00fd depozit\u00e1\u0159 KCM Alpha Compact"},"content":{"rendered":"<p>Formovac\u00ed stroje na \u010dokol\u00e1du \u0159ady KCM spole\u010dnosti Knobel jsou dokonal\u00fdm n\u00e1strojem pro \u0159emeslnou v\u00fdrobu. Stroj se dod\u00e1v\u00e1 v n\u011bkolika verz\u00edch, nap\u0159\u00edklad KCM 9,12, 9\/18 a 12\/24. V\u0161echny tyto stroje pou\u017e\u00edvaj\u00ed stejn\u00e9 standardn\u00ed 35mm vlo\u017eky v\u00e1lc\u016f s p\u00edsty o pr\u016fm\u011bru 6,8,10,17,25 a 30 mm, stejn\u011b jako stroj KCM 24\/48, kter\u00fd pou\u017e\u00edv\u00e1 18mm p\u00edst. D\u00e9lka zdvihu je 52 mm. D\u00e9lka osy Z je 100 mm. V\u0161echny syst\u00e9my Knobel umo\u017e\u0148uj\u00ed snadnou obsluhu, snadn\u00e9 \u010di\u0161t\u011bn\u00ed a rychlou v\u00fdm\u011bnu. NEN\u00cd t\u0159eba vytahovat \u017e\u00e1dnou h\u0159\u00eddel ani vym\u011b\u0148ovat \u017e\u00e1dn\u00e9 hlavy, sta\u010d\u00ed jednodu\u0161e vyjmout blok p\u00edstu po bloku p\u00edstu.<\/p>\n<p>&nbsp;<\/p>\n<table style=\"height: 284px;\" width=\"613\">\n<tbody>\n<tr>\n<td width=\"159\">\u00a0<strong>Funkce<\/strong><\/td>\n<td width=\"159\">\u00a0<strong>V\u00fdhody<\/strong><\/td>\n<\/tr>\n<tr>\n<td>\u00a0Elektrick\u00fd servopohon<\/td>\n<td>\n<ul>\n<li>dokonal\u00e9 \u0159\u00edzen\u00ed pohybu<\/li>\n<li>p\u0159esn\u00e9<\/li>\n<\/ul>\n<\/td>\n<\/tr>\n<tr>\n<td>\u00a0Konzolov\u00e1 konstrukce<\/td>\n<td>\n<ul>\n<li>Snadn\u00e1 manipulace<\/li>\n<li>Snadn\u00e9 \u010di\u0161t\u011bn\u00ed<\/li>\n<li>Snadn\u00fd p\u0159\u00edstup<\/li>\n<\/ul>\n<\/td>\n<\/tr>\n<\/tbody>\n<\/table>","protected":false},"excerpt":{"rendered":"<p>Dokonal\u00fd z\u00e1sobn\u00edk na chol\u00e1t pro malou a st\u0159edn\u00ed v\u00fdrobu tuh\u00fdch nebo pln\u011bn\u00fdch pralinek.<\/p>","protected":false},"featured_media":2912,"comment_status":"open","ping_status":"closed","template":"","meta":{"uix_meta_title":"","uix_meta_description":"","uix_canonical_url":""},"product_brand":[],"product_cat":[104],"product_tag":[],"class_list":{"0":"post-2908","1":"product","2":"type-product","3":"status-publish","4":"has-post-thumbnail","6":"product_cat-processing","8":"first","9":"instock","10":"shipping-taxable","11":"product-type-simple"},"_links":{"self":[{"href":"https:\/\/cormac.eu\/cs\/wp-json\/wp\/v2\/product\/2908","targetHints":{"allow":["GET"]}}],"collection":[{"href":"https:\/\/cormac.eu\/cs\/wp-json\/wp\/v2\/product"}],"about":[{"href":"https:\/\/cormac.eu\/cs\/wp-json\/wp\/v2\/types\/product"}],"replies":[{"embeddable":true,"href":"https:\/\/cormac.eu\/cs\/wp-json\/wp\/v2\/comments?post=2908"}],"wp:featuredmedia":[{"embeddable":true,"href":"https:\/\/cormac.eu\/cs\/wp-json\/wp\/v2\/media\/2912"}],"wp:attachment":[{"href":"https:\/\/cormac.eu\/cs\/wp-json\/wp\/v2\/media?parent=2908"}],"wp:term":[{"taxonomy":"product_brand","embeddable":true,"href":"https:\/\/cormac.eu\/cs\/wp-json\/wp\/v2\/product_brand?post=2908"},{"taxonomy":"product_cat","embeddable":true,"href":"https:\/\/cormac.eu\/cs\/wp-json\/wp\/v2\/product_cat?post=2908"},{"taxonomy":"product_tag","embeddable":true,"href":"https:\/\/cormac.eu\/cs\/wp-json\/wp\/v2\/product_tag?post=2908"}],"curies":[{"name":"wp","href":"https:\/\/api.w.org\/{rel}","templated":true}]}}