{"id":2905,"date":"2022-04-24T13:34:09","date_gmt":"2022-04-24T11:34:09","guid":{"rendered":"https:\/\/cormac.eu\/?post_type=product&#038;p=2905"},"modified":"2022-06-05T19:05:25","modified_gmt":"2022-06-05T17:05:25","slug":"vyrovnavaci-nadrz-2","status":"publish","type":"product","link":"https:\/\/cormac.eu\/cs\/product\/storage-buffer-tank\/","title":{"rendered":"Skladovac\u00ed\/vyrovn\u00e1vac\u00ed n\u00e1dr\u017e"},"content":{"rendered":"<p>N\u00e1dr\u017ee AR se vyr\u00e1b\u011bj\u00ed s dvojit\u00fdm pl\u00e1\u0161t\u011bm a jsou vybaveny v souladu s aplikac\u00ed. Existuje nap\u0159\u00edklad typ ARFO pou\u017e\u00edvan\u00fd pro taven\u00ed, typ ARA pou\u017e\u00edvan\u00fd pro skladov\u00e1n\u00ed a typ ARX pou\u017e\u00edvan\u00fd pro popou\u0161t\u011bn\u00ed a kon\u0161ov\u00e1n\u00ed. Obecn\u011b maj\u00ed n\u00e1dr\u017ee AR dvojit\u00fd pl\u00e1\u0161\u0165 s vodou rozvedenou po cel\u00e9 n\u00e1dr\u017ei v \u00fa\u010dinn\u00e9m okruhu, \u010d\u00edm\u017e se dos\u00e1hne dokonal\u00e9ho rozlo\u017een\u00ed tepla. N\u00e1dr\u017ee jsou konstruov\u00e1ny s planet\u00e1rn\u00edm m\u00edchadlem, aby se zabr\u00e1nilo tvorb\u011b hrudek ve hmot\u011b a dos\u00e1hlo se jej\u00ed v\u011bt\u0161\u00ed homogenity a plasticity. Oh\u0159\u00edvac\u00ed syst\u00e9m se skl\u00e1d\u00e1 z elektrick\u00fdch oh\u0159\u00edva\u010d\u016f pono\u0159en\u00fdch ve dvojit\u00e9m pl\u00e1\u0161ti a \u0159\u00edzen\u00fdch termostatem. Pro lep\u0161\u00ed temperov\u00e1n\u00ed lze voliteln\u011b dodat pln\u011b automatickou regulaci teploty. N\u00e1dr\u017e se dod\u00e1v\u00e1 s motoreduktorem, teplom\u011brem obsahu a \u010derpadlem pro cirkulaci vody um\u00edst\u011bn\u00fdm ve spodn\u00ed \u010d\u00e1sti stroje. Urychlova\u010d kon\u0161ov\u00e1n\u00ed pou\u017e\u00edvan\u00fd ve verzi ARX je um\u00edst\u011bn v horn\u00ed \u010d\u00e1sti n\u00e1dr\u017ee. \u010cokol\u00e1du odeb\u00edr\u00e1 od stejn\u00e9ho \u010derpadla, kter\u00e9 n\u00e1dr\u017e vyprazd\u0148uje a recirkuluje ji p\u0159es \u010derpadlo do horn\u00ed \u010d\u00e1sti n\u00e1dr\u017ee. Jakmile potrub\u00ed dos\u00e1hne vrcholu, jeho v\u00fdstup je z\u00fa\u017een do zakon\u010den\u00ed ryb\u00edm ocasem, a proto se vytvo\u0159\u00ed velmi tenk\u00e1 vrstva \u010dokol\u00e1dy. Hork\u00fd vzduch je vh\u00e1n\u011bn p\u0159\u00edmo skrz tuto vrstvu \u010dokol\u00e1dy, \u010d\u00edm\u017e se odpa\u0159uje vlhkost, t\u011bkav\u00e9 kyseliny a \u010dokol\u00e1dov\u00e1 hmota se kondenzuje. Recirkulaci p\u0159es toto za\u0159\u00edzen\u00ed lze podle pot\u0159eby prodlou\u017eit. kapacita se pohybuje od 250 do 7 000 kg.<\/p>\n<p>&nbsp;<\/p>\n<table style=\"height: 592px\" width=\"776\">\n<tbody>\n<tr>\n<td width=\"197\"><strong>\u00a0Funkce<\/strong><\/td>\n<td width=\"197\">\u00a0<strong>V\u00fdhody<\/strong><\/td>\n<\/tr>\n<tr>\n<td>N\u00e1dr\u017e s dvojit\u00fdm pl\u00e1\u0161t\u011bm<\/td>\n<td>\n<ul>\n<li>Vynikaj\u00edc\u00ed tempera\u010dn\u00ed vlastnosti<\/li>\n<\/ul>\n<\/td>\n<\/tr>\n<tr>\n<td>M\u00edchadlo s planet\u00e1rn\u00edm pohybem<\/td>\n<td>\n<ul>\n<li>Kondicionov\u00e1n\u00ed homogenn\u00ed hmoty<\/li>\n<\/ul>\n<\/td>\n<\/tr>\n<tr>\n<td>V\u010detn\u011b motoreduktoru, teplom\u011bru a \u010derpadla pro cirkulaci vody<\/td>\n<td>\n<ul>\n<li>Robustn\u00ed a spolehliv\u00e9<\/li>\n<li>kompletn\u00ed<\/li>\n<li>dobr\u00e1 kontrola procesu<\/li>\n<\/ul>\n<\/td>\n<\/tr>\n<tr>\n<td>Voliteln\u00fd urychlova\u010d kon\u0161ov\u00e1n\u00ed<\/td>\n<td>\n<ul>\n<li>zv\u00fd\u0161en\u00e1 kvalita v\u00fdrobk\u016f<\/li>\n<li>lep\u0161\u00ed homogenizace<\/li>\n<li>lep\u0161\u00ed chu\u0165<\/li>\n<\/ul>\n<\/td>\n<\/tr>\n<tr>\n<td>Voliteln\u00e9 proveden\u00ed z nerezov\u00e9 oceli<\/td>\n<td>\n<ul>\n<li>Hygienick\u00e9 proveden\u00ed<\/li>\n<\/ul>\n<\/td>\n<\/tr>\n<\/tbody>\n<\/table>","protected":false},"excerpt":{"rendered":"<p>N\u00e1dr\u017e pro skladov\u00e1n\u00ed a m\u00edch\u00e1n\u00ed p\u0159i nastaven\u00e9 teplot\u011b pro tukov\u00e9 hmoty, jako jsou sm\u011bsi, \u010dokol\u00e1dov\u00e9 hmoty a smetany.<\/p>","protected":false},"featured_media":2904,"comment_status":"open","ping_status":"closed","template":"","meta":{"uix_meta_title":"","uix_meta_description":"","uix_canonical_url":""},"product_brand":[],"product_cat":[104],"product_tag":[238,237,239],"class_list":{"0":"post-2905","1":"product","2":"type-product","3":"status-publish","4":"has-post-thumbnail","6":"product_cat-processing","7":"product_tag-chocolate-mass","8":"product_tag-fat-masses","9":"product_tag-storage","11":"first","12":"instock","13":"shipping-taxable","14":"product-type-simple"},"_links":{"self":[{"href":"https:\/\/cormac.eu\/cs\/wp-json\/wp\/v2\/product\/2905","targetHints":{"allow":["GET"]}}],"collection":[{"href":"https:\/\/cormac.eu\/cs\/wp-json\/wp\/v2\/product"}],"about":[{"href":"https:\/\/cormac.eu\/cs\/wp-json\/wp\/v2\/types\/product"}],"replies":[{"embeddable":true,"href":"https:\/\/cormac.eu\/cs\/wp-json\/wp\/v2\/comments?post=2905"}],"wp:featuredmedia":[{"embeddable":true,"href":"https:\/\/cormac.eu\/cs\/wp-json\/wp\/v2\/media\/2904"}],"wp:attachment":[{"href":"https:\/\/cormac.eu\/cs\/wp-json\/wp\/v2\/media?parent=2905"}],"wp:term":[{"taxonomy":"product_brand","embeddable":true,"href":"https:\/\/cormac.eu\/cs\/wp-json\/wp\/v2\/product_brand?post=2905"},{"taxonomy":"product_cat","embeddable":true,"href":"https:\/\/cormac.eu\/cs\/wp-json\/wp\/v2\/product_cat?post=2905"},{"taxonomy":"product_tag","embeddable":true,"href":"https:\/\/cormac.eu\/cs\/wp-json\/wp\/v2\/product_tag?post=2905"}],"curies":[{"name":"wp","href":"https:\/\/api.w.org\/{rel}","templated":true}]}}