{"id":2897,"date":"2022-04-24T12:40:29","date_gmt":"2022-04-24T10:40:29","guid":{"rendered":"https:\/\/cormac.eu\/?post_type=product&#038;p=2897"},"modified":"2022-04-24T12:40:29","modified_gmt":"2022-04-24T10:40:29","slug":"rozsireny-laboratorni-lakovaci-stroj","status":"publish","type":"product","link":"https:\/\/cormac.eu\/cs\/product\/extended-laboratory-coating-machine\/","title":{"rendered":"Roz\u0161\u00ed\u0159en\u00fd laboratorn\u00ed lakovac\u00ed stroj"},"content":{"rendered":"<p>Lakovac\u00ed stroj ADG je laboratorn\u00ed stroj vybaven\u00fd za\u0159\u00edzen\u00edm pro oh\u0159ev a\/nebo chlazen\u00ed procesn\u00edho vzduchu. Cel\u00fd klimatiza\u010dn\u00ed syst\u00e9m je uzav\u0159en v z\u00e1kladn\u00ed jednotce, na kter\u00e9 je upevn\u011bna laboratorn\u00ed lakovac\u00ed p\u00e1nev. Ovl\u00e1dac\u00ed panel je instalov\u00e1n v bl\u00edzkosti n\u00e1t\u011brov\u00e9ho stroje, tak\u017ee ovl\u00e1dac\u00ed panel a stroj tvo\u0159\u00ed jeden u\u017eivatelsky p\u0159\u00edjemn\u00fd celek. Stejn\u011b jako potahovac\u00ed stroj ADO maj\u00ed v\u0161echny p\u00e1nve stejn\u00e9 p\u0159\u00edrubov\u00e9 p\u0159ipojen\u00ed. Jsou tedy snadno zam\u011bniteln\u00e9. \u00dahel p\u00e1nve je v rozmez\u00ed 0\u00b0 a\u017e 50\u00b0 k vodorovn\u00e9 \u010d\u00e1\u0159e a lze jej m\u011bnit pomoc\u00ed ru\u010dn\u011b ovl\u00e1dan\u00e9 p\u00e1ky. Proto lze \u00fahel p\u00e1nve p\u0159izp\u016fsobit r\u016fzn\u00fdm v\u00fdrobk\u016fm.<\/p>\n<p>&nbsp;<\/p>\n<table style=\"height: 356px\" width=\"633\">\n<tbody>\n<tr>\n<td width=\"171\">\u00a0<strong>Funkce<\/strong><\/td>\n<td width=\"171\">\u00a0<strong>V\u00fdhody<\/strong><\/td>\n<\/tr>\n<tr>\n<td>Nerezov\u00e1 ocel 1.4301<\/td>\n<td>\n<ul>\n<li>Hygienick\u00e9 proveden\u00ed<\/li>\n<\/ul>\n<\/td>\n<\/tr>\n<tr>\n<td>\u00a0Frekven\u010dn\u011b \u0159\u00edzen\u00fd pohon<\/td>\n<td>\n<ul>\n<li>regulace rychlosti<\/li>\n<\/ul>\n<\/td>\n<\/tr>\n<tr>\n<td>\u00a0Digit\u00e1ln\u00ed ukazatel rychlosti<\/td>\n<td>\n<ul>\n<li>\u0159\u00edzen\u00ed procesu<\/li>\n<\/ul>\n<\/td>\n<\/tr>\n<tr>\n<td>kontrola receptury na vy\u017e\u00e1d\u00e1n\u00ed<\/td>\n<td>\n<ul>\n<li>rozmanit\u00e9 laboratorn\u00ed pr\u00e1ce<\/li>\n<\/ul>\n<\/td>\n<\/tr>\n<\/tbody>\n<\/table>","protected":false},"excerpt":{"rendered":"<p>Laboratorn\u00ed lakovac\u00ed p\u00e1nev, kompletn\u011b vybaven\u00e1 za\u0159\u00edzen\u00edm pro oh\u0159ev a\/nebo chlazen\u00ed procesn\u00edho vzduchu.<\/p>","protected":false},"featured_media":2896,"comment_status":"open","ping_status":"closed","template":"","meta":{"uix_meta_title":"","uix_meta_description":"","uix_canonical_url":""},"product_brand":[],"product_cat":[107,135,104],"product_tag":[],"class_list":{"0":"post-2897","1":"product","2":"type-product","3":"status-publish","4":"has-post-thumbnail","6":"product_cat-artisanal","7":"product_cat-laboratory","8":"product_cat-processing","10":"first","11":"instock","12":"shipping-taxable","13":"product-type-simple"},"_links":{"self":[{"href":"https:\/\/cormac.eu\/cs\/wp-json\/wp\/v2\/product\/2897","targetHints":{"allow":["GET"]}}],"collection":[{"href":"https:\/\/cormac.eu\/cs\/wp-json\/wp\/v2\/product"}],"about":[{"href":"https:\/\/cormac.eu\/cs\/wp-json\/wp\/v2\/types\/product"}],"replies":[{"embeddable":true,"href":"https:\/\/cormac.eu\/cs\/wp-json\/wp\/v2\/comments?post=2897"}],"wp:featuredmedia":[{"embeddable":true,"href":"https:\/\/cormac.eu\/cs\/wp-json\/wp\/v2\/media\/2896"}],"wp:attachment":[{"href":"https:\/\/cormac.eu\/cs\/wp-json\/wp\/v2\/media?parent=2897"}],"wp:term":[{"taxonomy":"product_brand","embeddable":true,"href":"https:\/\/cormac.eu\/cs\/wp-json\/wp\/v2\/product_brand?post=2897"},{"taxonomy":"product_cat","embeddable":true,"href":"https:\/\/cormac.eu\/cs\/wp-json\/wp\/v2\/product_cat?post=2897"},{"taxonomy":"product_tag","embeddable":true,"href":"https:\/\/cormac.eu\/cs\/wp-json\/wp\/v2\/product_tag?post=2897"}],"curies":[{"name":"wp","href":"https:\/\/api.w.org\/{rel}","templated":true}]}}