{"id":2895,"date":"2022-04-24T12:37:20","date_gmt":"2022-04-24T10:37:20","guid":{"rendered":"https:\/\/cormac.eu\/?post_type=product&#038;p=2895"},"modified":"2022-04-24T12:37:20","modified_gmt":"2022-04-24T10:37:20","slug":"laboratorni-panev-na-potahovani-cukrem-2","status":"publish","type":"product","link":"https:\/\/cormac.eu\/cs\/product\/laboratory-sugar-coating-pan\/","title":{"rendered":"Laboratorn\u00ed p\u00e1nev na potahov\u00e1n\u00ed cukrem"},"content":{"rendered":"<p>Lakovac\u00ed stroj typu ADO je men\u0161\u00ed stroj vhodn\u00fd pro laborato\u0159. \u00dahel nat\u00e1\u010den\u00ed je v rozmez\u00ed 0\u00b0 a\u017e 50\u00b0 v\u016f\u010di vodorovn\u00e9 \u010d\u00e1\u0159e a lze jej m\u011bnit pomoc\u00ed ru\u010dn\u011b ovl\u00e1dan\u00e9 p\u00e1ky. Proto lze \u00fahel p\u00e1nve p\u0159izp\u016fsobit r\u016fzn\u00fdm v\u00fdrobk\u016fm. Zadn\u00ed \u010d\u00e1st p\u00e1nve, h\u0159\u00eddele, lo\u017eiska atd. jsou opat\u0159eny dvouslo\u017ekovou barvou. Na p\u0159\u00e1n\u00ed mohou b\u00fdt zadn\u00ed strana p\u00e1nve a h\u0159\u00eddele vyrobeny tak\u00e9 z nerezov\u00e9 oceli. Je mo\u017en\u00e1 dod\u00e1vka strojn\u00edho za\u0159\u00edzen\u00ed pro lakov\u00e1n\u00ed \u0159\u00edzen\u00e9ho podle receptury.<\/p>\n<p>&nbsp;<\/p>\n<table style=\"height: 350px\" width=\"620\">\n<tbody>\n<tr>\n<td width=\"153\">\u00a0<strong>Funkce<\/strong><\/td>\n<td width=\"153\">\u00a0<strong>V\u00fdhody<\/strong><\/td>\n<\/tr>\n<tr>\n<td>Proveden\u00ed z nerezov\u00e9 oceli<\/td>\n<td>\n<ul>\n<li>Hygenic<\/li>\n<\/ul>\n<\/td>\n<\/tr>\n<tr>\n<td>Robustn\u00ed konstrukce<\/td>\n<td>\n<ul>\n<li>Odoln\u00e9<\/li>\n<\/ul>\n<\/td>\n<\/tr>\n<tr>\n<td>Frekven\u010dn\u011b \u0159\u00edzen\u00fd pohon<\/td>\n<td>\n<ul>\n<li>regulace rychlosti<\/li>\n<\/ul>\n<\/td>\n<\/tr>\n<tr>\n<td>Digit\u00e1ln\u00ed ukazatel rychlosti<\/td>\n<td>\n<ul>\n<li>\u0159\u00edzen\u00ed procesu<\/li>\n<\/ul>\n<\/td>\n<\/tr>\n<\/tbody>\n<\/table>","protected":false},"excerpt":{"rendered":"<p>P\u00e1nev na potahov\u00e1n\u00ed cukrem pro laboratorn\u00ed a \u0159emesln\u00e9 pou\u017eit\u00ed.<\/p>","protected":false},"featured_media":2894,"comment_status":"open","ping_status":"closed","template":"","meta":{"uix_meta_title":"","uix_meta_description":"","uix_canonical_url":""},"product_brand":[],"product_cat":[107,135,104],"product_tag":[],"class_list":{"0":"post-2895","1":"product","2":"type-product","3":"status-publish","4":"has-post-thumbnail","6":"product_cat-artisanal","7":"product_cat-laboratory","8":"product_cat-processing","10":"first","11":"instock","12":"shipping-taxable","13":"product-type-simple"},"_links":{"self":[{"href":"https:\/\/cormac.eu\/cs\/wp-json\/wp\/v2\/product\/2895","targetHints":{"allow":["GET"]}}],"collection":[{"href":"https:\/\/cormac.eu\/cs\/wp-json\/wp\/v2\/product"}],"about":[{"href":"https:\/\/cormac.eu\/cs\/wp-json\/wp\/v2\/types\/product"}],"replies":[{"embeddable":true,"href":"https:\/\/cormac.eu\/cs\/wp-json\/wp\/v2\/comments?post=2895"}],"wp:featuredmedia":[{"embeddable":true,"href":"https:\/\/cormac.eu\/cs\/wp-json\/wp\/v2\/media\/2894"}],"wp:attachment":[{"href":"https:\/\/cormac.eu\/cs\/wp-json\/wp\/v2\/media?parent=2895"}],"wp:term":[{"taxonomy":"product_brand","embeddable":true,"href":"https:\/\/cormac.eu\/cs\/wp-json\/wp\/v2\/product_brand?post=2895"},{"taxonomy":"product_cat","embeddable":true,"href":"https:\/\/cormac.eu\/cs\/wp-json\/wp\/v2\/product_cat?post=2895"},{"taxonomy":"product_tag","embeddable":true,"href":"https:\/\/cormac.eu\/cs\/wp-json\/wp\/v2\/product_tag?post=2895"}],"curies":[{"name":"wp","href":"https:\/\/api.w.org\/{rel}","templated":true}]}}