{"id":2893,"date":"2022-04-24T12:31:25","date_gmt":"2022-04-24T10:31:25","guid":{"rendered":"https:\/\/cormac.eu\/?post_type=product&#038;p=2893"},"modified":"2022-04-24T12:31:25","modified_gmt":"2022-04-24T10:31:25","slug":"klimatizacni-system-pro-proces-nanaseni-naterovych-hmot-2","status":"publish","type":"product","link":"https:\/\/cormac.eu\/cs\/product\/airconditioning-system-for-coating-process\/","title":{"rendered":"Klimatiza\u010dn\u00ed syst\u00e9m pro proces nan\u00e1\u0161en\u00ed n\u00e1t\u011brov\u00fdch hmot"},"content":{"rendered":"<p>Klimatiza\u010dn\u00ed syst\u00e9my LAA jsou ur\u010deny pro vzduchov\u00e9 vyt\u00e1p\u011bn\u00ed, vzduchov\u00e9 chlazen\u00ed nebo kombinovan\u00e9 syst\u00e9my vzduchov\u00e9ho vyt\u00e1p\u011bn\u00ed a chlazen\u00ed. Zaru\u010duj\u00ed vysokou kvalitu p\u0159iv\u00e1d\u011bn\u00e9ho a odv\u00e1d\u011bn\u00e9ho vzduchu. Teplota, mno\u017estv\u00ed a \u010distota p\u0159iv\u00e1d\u011bn\u00e9ho vzduchu z\u016fst\u00e1vaj\u00ed st\u00e1le konstantn\u00ed. Pro bezpra\u0161n\u00fd odv\u00e1d\u011bn\u00fd vzduch jsou instalov\u00e1ny filtry odv\u00e1d\u011bn\u00e9ho vzduchu. Podle po\u017eadovan\u00e9ho pou\u017eit\u00ed a individu\u00e1ln\u00edch pot\u0159eb na\u0161ich z\u00e1kazn\u00edk\u016f jsou navr\u017eeny a zkombinov\u00e1ny p\u0159edfiltry a jemn\u00e9 filtry, ventil\u00e1tor, oh\u0159\u00edvac\u00ed\/chladic\u00ed za\u0159\u00edzen\u00ed, obtokov\u00fd syst\u00e9m a kompenz\u00e1tor.<\/p>\n<p>Procesy nan\u00e1\u0161en\u00ed n\u00e1t\u011bru mohou b\u00fdt \u010dasov\u011b velmi n\u00e1ro\u010dn\u00e9, proto\u017ee odstran\u011bn\u00ed \u010d\u00e1stic vody p\u0159\u00edtomn\u00fdch v n\u00e1t\u011brov\u00e9m m\u00e9diu nanesen\u00e9m na v\u00fdrobek vy\u017eaduje \u010das. Zkr\u00e1cen\u00ed doby schnut\u00ed v\u00fdrazn\u011b ovliv\u0148uje produktivitu a ziskovost n\u00e1t\u011brov\u00e9ho syst\u00e9mu. Standardn\u00ed proveden\u00ed klimatiza\u010dn\u00edho syst\u00e9mu LAA zahrnuje ventil\u00e1tor p\u0159\u00edvodn\u00edho vzduchu, ventil\u00e1tor odv\u00e1d\u011bn\u00e9ho vzduchu, filtr p\u0159\u00edvodn\u00edho vzduchu a filtr odv\u00e1d\u011bn\u00e9ho vzduchu. V z\u00e1vislosti na aplikaci se instaluj\u00ed filtry t\u0159\u00eddy G3 (p\u0159edfiltr) a\u017e H11. Krom\u011b toho z\u00e1kladn\u00ed klimatiza\u010dn\u00ed syst\u00e9m obsahuje oh\u0159\u00edva\u010d, dv\u011b \u0161krtic\u00ed klapky a obtokov\u00fd ventil. Oh\u0159\u00edva\u010d m\u016f\u017ee b\u00fdt dod\u00e1n jako elektrick\u00fd oh\u0159\u00edva\u010d nebo parn\u00ed v\u00fdm\u011bn\u00edk tepla, kter\u00e9 jsou oba p\u0159izp\u016fsobeny po\u017eadovan\u00e9mu teplu. Klimatiza\u010dn\u00ed syst\u00e9m lze roz\u0161\u00ed\u0159it o n\u011bkolik modul\u016f jako chladic\u00ed nebo odvlh\u010dovac\u00ed. P\u0159i standardn\u00edm odvlh\u010dov\u00e1n\u00ed vzduchu pomoc\u00ed kondenzace lze dos\u00e1hnout kone\u010dn\u00e9 vlhkosti (absolutn\u00ed) 10 g vody\/kg vzduchu. Pokud se nav\u00edc k chladi\u010di pou\u017eije absorp\u010dn\u00ed odvlh\u010dova\u010d, je mo\u017en\u00e9 dos\u00e1hnout vlhkosti 2 g vody\/kg vzduchu. Pokud klimatiza\u010dn\u00ed syst\u00e9m vyu\u017e\u00edv\u00e1 venkovn\u00ed vzduch, je v zim\u011b nutn\u00fd p\u0159edeh\u0159ev. V z\u00e1jmu \u00faspory energie, \u0161et\u0159en\u00ed zdroj\u016f a ochrany \u017eivotn\u00edho prost\u0159ed\u00ed lze teplo odv\u00e1d\u011bn\u00e9ho vzduchu recyklovat.<\/p>\n<p>&nbsp;<\/p>\n<table style=\"height: 309px\" width=\"580\">\n<tbody>\n<tr>\n<td width=\"153\">\u00a0<strong>Funkce<\/strong><\/td>\n<td width=\"153\">\u00a0<strong>V\u00fdhody<\/strong><\/td>\n<\/tr>\n<tr>\n<td>Filtry v\u00fdfukov\u00e9ho vzduchu<\/td>\n<td>\n<ul>\n<li>bezpra\u0161n\u00fd odv\u00e1d\u011bn\u00fd vzduch<\/li>\n<\/ul>\n<\/td>\n<\/tr>\n<tr>\n<td>K dispozici je cel\u00e1 \u0159ada filtr\u016f<\/td>\n<td>\n<ul>\n<li>v\u0161estrannost<\/li>\n<\/ul>\n<\/td>\n<\/tr>\n<tr>\n<td>\u00a0Mo\u017enost recyklace vzduchu<\/td>\n<td>\n<ul>\n<li>\u00faspory energie<\/li>\n<li>ochrana \u017eivotn\u00edho prost\u0159ed\u00ed<\/li>\n<\/ul>\n<\/td>\n<\/tr>\n<\/tbody>\n<\/table>\n<p>&nbsp;<\/p>\n<p>&nbsp;<\/p>\n<p>&nbsp;<\/p>","protected":false},"excerpt":{"rendered":"<p>Syst\u00e9m pro \u00fapravu vzduchu pou\u017e\u00edvan\u00e9ho k su\u0161en\u00ed d\u00e1vky v\u00fdrobk\u016f v lakovac\u00ed van\u011b.<\/p>","protected":false},"featured_media":2892,"comment_status":"open","ping_status":"closed","template":"","meta":{"uix_meta_title":"","uix_meta_description":"","uix_canonical_url":""},"product_brand":[],"product_cat":[104],"product_tag":[],"class_list":{"0":"post-2893","1":"product","2":"type-product","3":"status-publish","4":"has-post-thumbnail","6":"product_cat-processing","8":"first","9":"instock","10":"shipping-taxable","11":"product-type-simple"},"_links":{"self":[{"href":"https:\/\/cormac.eu\/cs\/wp-json\/wp\/v2\/product\/2893","targetHints":{"allow":["GET"]}}],"collection":[{"href":"https:\/\/cormac.eu\/cs\/wp-json\/wp\/v2\/product"}],"about":[{"href":"https:\/\/cormac.eu\/cs\/wp-json\/wp\/v2\/types\/product"}],"replies":[{"embeddable":true,"href":"https:\/\/cormac.eu\/cs\/wp-json\/wp\/v2\/comments?post=2893"}],"wp:featuredmedia":[{"embeddable":true,"href":"https:\/\/cormac.eu\/cs\/wp-json\/wp\/v2\/media\/2892"}],"wp:attachment":[{"href":"https:\/\/cormac.eu\/cs\/wp-json\/wp\/v2\/media?parent=2893"}],"wp:term":[{"taxonomy":"product_brand","embeddable":true,"href":"https:\/\/cormac.eu\/cs\/wp-json\/wp\/v2\/product_brand?post=2893"},{"taxonomy":"product_cat","embeddable":true,"href":"https:\/\/cormac.eu\/cs\/wp-json\/wp\/v2\/product_cat?post=2893"},{"taxonomy":"product_tag","embeddable":true,"href":"https:\/\/cormac.eu\/cs\/wp-json\/wp\/v2\/product_tag?post=2893"}],"curies":[{"name":"wp","href":"https:\/\/api.w.org\/{rel}","templated":true}]}}