{"id":2868,"date":"2022-04-24T11:30:16","date_gmt":"2022-04-24T09:30:16","guid":{"rendered":"https:\/\/cormac.eu\/?post_type=product&#038;p=2868"},"modified":"2022-07-04T16:44:13","modified_gmt":"2022-07-04T14:44:13","slug":"potahovaci-buben","status":"publish","type":"product","link":"https:\/\/cormac.eu\/cs\/product\/coating-drum\/","title":{"rendered":"N\u00e1t\u011brov\u00fd buben"},"content":{"rendered":"<p>Cukrovac\u00ed buben Vomacoat nan\u00e1\u0161\u00ed na \u017eel\u00e9 a \u017ev\u00fdka\u010dky jemnou krystalickou cukrovou vrstvu. P\u0159es napa\u0159ovac\u00ed p\u00e1s jsou odpr\u00e1\u0161en\u00e9 v\u00fdrobky p\u0159iv\u00e1d\u011bny do parn\u00edho prostoru, kde se p\u016fsoben\u00edm such\u00e9 p\u00e1ry st\u00e1vaj\u00ed lepiv\u00fdmi. Pot\u00e9 se v\u00fdrobky vlo\u017e\u00ed do cukrovarnick\u00e9ho bubnu.  Transportn\u00ed dr\u00e1\u017eka uvnit\u0159 bubnu posouv\u00e1 v\u00fdrobek a krystalov\u00fd cukr bubnem. Na v\u00fdtla\u010dn\u00e9m konci m\u00e1 buben s dvojitou st\u011bnou perforovanou z\u00f3nu. Zde se produkt a p\u0159ebyte\u010dn\u00fd cukr odd\u011bl\u00ed. P\u0159ebyte\u010dn\u00fd cukr se sm\u00eds\u00ed s \u010derstv\u00fdm cukrem a p\u0159i su\u0161en\u00ed se spir\u00e1lovitou konstrukc\u00ed mezi vnit\u0159n\u00edm a vn\u011bj\u0161\u00edm bubnem dopravuje zp\u011bt do prostoru v\u00fddeje cukru. Cukrem obalen\u00fd v\u00fdrobek opou\u0161t\u00ed buben. Toto za\u0159\u00edzen\u00ed je vybaveno horkovzdu\u0161nou su\u0161i\u010dkou s parn\u00edm oh\u0159evem, kter\u00e1 odstra\u0148uje vlhkost. Buben se m\u016f\u017ee ot\u00e1\u010det doleva i doprava. To je nezbytn\u00e9 k odstran\u011bn\u00ed cukru z bubnu p\u0159i \u010di\u0161t\u011bn\u00ed. Rychlost ot\u00e1\u010den\u00ed bubnu je frekven\u010dn\u011b \u0159\u00edzena. Tyto stroje maj\u00ed hygienick\u00fd design a jsou vyrobeny v\u00fdhradn\u011b z nerezov\u00e9 oceli. Kapacita se pohybuje od 1 000 do 5 000 kg\/hod.<\/p>\n<p>&nbsp;<\/p>\n<p><img decoding=\"async\" class=\"alignnone size-full wp-image-2876\" src=\"https:\/\/cormac.eu\/wp-content\/uploads\/2022\/04\/Vomacoat-product-sample-2.jpg\" alt=\"\" width=\"220\" height=\"220\" srcset=\"https:\/\/cormac.eu\/wp-content\/uploads\/2022\/04\/Vomacoat-product-sample-2.jpg 220w, https:\/\/cormac.eu\/wp-content\/uploads\/2022\/04\/Vomacoat-product-sample-2-150x150.jpg 150w, https:\/\/cormac.eu\/wp-content\/uploads\/2022\/04\/Vomacoat-product-sample-2-100x100.jpg 100w\" sizes=\"(max-width: 220px) 100vw, 220px\" \/> <img decoding=\"async\" class=\"alignnone wp-image-2875\" src=\"https:\/\/cormac.eu\/wp-content\/uploads\/2022\/04\/sugar-coated-candy-300x300.jpg\" alt=\"\" width=\"222\" height=\"222\" srcset=\"https:\/\/cormac.eu\/wp-content\/uploads\/2022\/04\/sugar-coated-candy-300x300.jpg 300w, https:\/\/cormac.eu\/wp-content\/uploads\/2022\/04\/sugar-coated-candy-150x150.jpg 150w, https:\/\/cormac.eu\/wp-content\/uploads\/2022\/04\/sugar-coated-candy-100x100.jpg 100w, https:\/\/cormac.eu\/wp-content\/uploads\/2022\/04\/sugar-coated-candy.jpg 600w\" sizes=\"(max-width: 222px) 100vw, 222px\" \/>\u00a0 <img fetchpriority=\"high\" decoding=\"async\" class=\"alignnone wp-image-2874\" src=\"https:\/\/cormac.eu\/wp-content\/uploads\/2022\/04\/sugar-coated-2-300x233.jpg\" alt=\"\" width=\"291\" height=\"226\" srcset=\"https:\/\/cormac.eu\/wp-content\/uploads\/2022\/04\/sugar-coated-2-300x233.jpg 300w, https:\/\/cormac.eu\/wp-content\/uploads\/2022\/04\/sugar-coated-2.jpg 518w\" sizes=\"(max-width: 291px) 100vw, 291px\" \/><\/p>\n<p>&nbsp;<\/p>\n<table style=\"height: 687px\" width=\"771\">\n<tbody>\n<tr>\n<td width=\"197\">\u00a0<strong>Funkce<\/strong><\/td>\n<td width=\"249\">\u00a0<strong>V\u00fdhody<\/strong><\/td>\n<\/tr>\n<tr>\n<td>\u00a0P\u00e1sov\u00e9 vlo\u017eky pro pod\u00e1v\u00e1n\u00ed v\u00fdrobk\u016f<br \/>\ndo bubnu<\/td>\n<td>\n<ul>\n<li>p\u0159\u00edm\u00e9 vystaven\u00ed cukrov\u00e9 mlze<\/li>\n<\/ul>\n<\/td>\n<\/tr>\n<tr>\n<td>\u00a0Vynikaj\u00edc\u00ed technologie sva\u0159ov\u00e1n\u00ed<\/td>\n<td>\n<ul>\n<li>hygienick\u00e9 proveden\u00ed<\/li>\n<li>\u017e\u00e1dn\u00e9 trh\u00e1n\u00ed vlas\u016f v oceli<\/li>\n<li>snadn\u00e9 \u010di\u0161t\u011bn\u00ed a splachov\u00e1n\u00ed<\/li>\n<\/ul>\n<\/td>\n<\/tr>\n<tr>\n<td>\u00a0Teplovzdu\u0161n\u00e1 a topn\u00e1 spir\u00e1la<\/td>\n<td>\n<ul>\n<li>\u00fa\u010dinn\u00e9 su\u0161en\u00ed cukern\u00e9 sm\u011bsi<\/li>\n<\/ul>\n<\/td>\n<\/tr>\n<tr>\n<td>\u00a0P\u0159epravn\u00ed kl\u00edny<\/td>\n<td>\n<ul>\n<li>choulostiv\u00e1 manipulace s v\u00fdrobky<\/li>\n<\/ul>\n<\/td>\n<\/tr>\n<tr>\n<td>Tepl\u00fd vzduch a m\u00edch\u00e1n\u00ed \u010derstv\u00e9ho cukru<\/td>\n<td>\n<ul>\n<li>del\u0161\u00ed doba st\u00e1n\u00ed cukru<\/li>\n<li>cel\u00e1 a st\u00e1l\u00e1 cukrov\u00e1 clona<\/li>\n<\/ul>\n<\/td>\n<\/tr>\n<tr>\n<td>Krou\u017eek b\u011bhounu kola<\/td>\n<td>\n<ul>\n<li>\u017d\u00e1dn\u00e1 deformace bubnu<\/li>\n<\/ul>\n<\/td>\n<\/tr>\n<tr>\n<td>St\u0159edic\u00ed krou\u017eek kola<\/td>\n<td>\n<ul>\n<li>plynul\u00e9 ot\u00e1\u010den\u00ed bubnu<\/li>\n<\/ul>\n<\/td>\n<\/tr>\n<tr>\n<td>T\u011b\u017ek\u00e1 konstrukce<\/td>\n<td>\n<ul>\n<li>nen\u00e1ro\u010dn\u00e1 \u00fadr\u017eba<\/li>\n<\/ul>\n<\/td>\n<\/tr>\n<\/tbody>\n<\/table>\n<p>&nbsp;<\/p>\n<p>&nbsp;<\/p>\n<p>&nbsp;<\/p>\n<p>&nbsp;<\/p>","protected":false},"excerpt":{"rendered":"<p>Potahovac\u00ed buben pro nan\u00e1\u0161en\u00ed cukrov\u00e9ho povlaku na v\u00fdrobky tvarovan\u00e9 ze \u0161krobu, jako jsou \u017eel\u00e9 a \u017ev\u00fdka\u010dky.<\/p>","protected":false},"featured_media":2866,"comment_status":"open","ping_status":"closed","template":"","meta":{"uix_meta_title":"","uix_meta_description":"","uix_canonical_url":""},"product_brand":[],"product_cat":[104],"product_tag":[],"class_list":{"0":"post-2868","1":"product","2":"type-product","3":"status-publish","4":"has-post-thumbnail","6":"product_cat-processing","8":"first","9":"instock","10":"shipping-taxable","11":"product-type-simple"},"_links":{"self":[{"href":"https:\/\/cormac.eu\/cs\/wp-json\/wp\/v2\/product\/2868","targetHints":{"allow":["GET"]}}],"collection":[{"href":"https:\/\/cormac.eu\/cs\/wp-json\/wp\/v2\/product"}],"about":[{"href":"https:\/\/cormac.eu\/cs\/wp-json\/wp\/v2\/types\/product"}],"replies":[{"embeddable":true,"href":"https:\/\/cormac.eu\/cs\/wp-json\/wp\/v2\/comments?post=2868"}],"wp:featuredmedia":[{"embeddable":true,"href":"https:\/\/cormac.eu\/cs\/wp-json\/wp\/v2\/media\/2866"}],"wp:attachment":[{"href":"https:\/\/cormac.eu\/cs\/wp-json\/wp\/v2\/media?parent=2868"}],"wp:term":[{"taxonomy":"product_brand","embeddable":true,"href":"https:\/\/cormac.eu\/cs\/wp-json\/wp\/v2\/product_brand?post=2868"},{"taxonomy":"product_cat","embeddable":true,"href":"https:\/\/cormac.eu\/cs\/wp-json\/wp\/v2\/product_cat?post=2868"},{"taxonomy":"product_tag","embeddable":true,"href":"https:\/\/cormac.eu\/cs\/wp-json\/wp\/v2\/product_tag?post=2868"}],"curies":[{"name":"wp","href":"https:\/\/api.w.org\/{rel}","templated":true}]}}