{"id":2865,"date":"2022-04-24T11:24:01","date_gmt":"2022-04-24T09:24:01","guid":{"rendered":"https:\/\/cormac.eu\/?post_type=product&#038;p=2865"},"modified":"2022-04-24T11:36:31","modified_gmt":"2022-04-24T09:36:31","slug":"olejovaci-buben","status":"publish","type":"product","link":"https:\/\/cormac.eu\/cs\/product\/oiling-drum\/","title":{"rendered":"Olejov\u00e1n\u00ed bubnu"},"content":{"rendered":"<p>Vomashine je olejovac\u00ed buben k nan\u00e1\u0161en\u00ed leskl\u00e9ho povlaku na v\u00fdrobky, jako jsou \u017eel\u00e9 a \u017ev\u00fdka\u010dky. Prov\u00e1d\u00ed se po odstran\u011bn\u00ed pr\u00e1\u0161ku z v\u00fdrobku. Rychlost ot\u00e1\u010den\u00ed bubnu je \u0159\u00edzena frekvenc\u00ed. Buben se m\u016f\u017ee ot\u00e1\u010det doleva i doprava. Jeden sm\u011br ot\u00e1\u010den\u00ed slou\u017e\u00ed k v\u00fdrob\u011b a druh\u00fd sm\u011br ot\u00e1\u010den\u00ed slou\u017e\u00ed k vyprazd\u0148ov\u00e1n\u00ed. Tyto stroje maj\u00ed hygienick\u00fd design a jsou vyrobeny v\u00fdhradn\u011b z nerezov\u00e9 oceli. Kapacita se pohybuje od 1 000 do 5 000 kg\/hod.<\/p>\n<p><img decoding=\"async\" class=\"alignnone size-medium wp-image-2871\" src=\"https:\/\/cormac.eu\/wp-content\/uploads\/2022\/04\/iStock_000051985832_Large-300x161.jpg\" alt=\"\" width=\"300\" height=\"161\" srcset=\"https:\/\/cormac.eu\/wp-content\/uploads\/2022\/04\/iStock_000051985832_Large-300x161.jpg 300w, https:\/\/cormac.eu\/wp-content\/uploads\/2022\/04\/iStock_000051985832_Large-1024x549.jpg 1024w, https:\/\/cormac.eu\/wp-content\/uploads\/2022\/04\/iStock_000051985832_Large-768x412.jpg 768w, https:\/\/cormac.eu\/wp-content\/uploads\/2022\/04\/iStock_000051985832_Large-1536x823.jpg 1536w, https:\/\/cormac.eu\/wp-content\/uploads\/2022\/04\/iStock_000051985832_Large-2048x1097.jpg 2048w, https:\/\/cormac.eu\/wp-content\/uploads\/2022\/04\/iStock_000051985832_Large-600x321.jpg 600w\" sizes=\"(max-width: 300px) 100vw, 300px\" \/><\/p>\n<p>&nbsp;<\/p>\n<table style=\"height: 365px\" width=\"560\">\n<tbody>\n<tr>\n<td width=\"159\">\u00a0<strong>Funkce<\/strong><\/td>\n<td width=\"159\">\u00a0<strong>V\u00fdhody<\/strong><\/td>\n<\/tr>\n<tr>\n<td>\u00a0Odoln\u00e1 konstrukce<\/td>\n<td>\n<ul>\n<li>dlouh\u00e1 technick\u00e1 \u017eivotnost<\/li>\n<li>nen\u00e1ro\u010dn\u00e1 \u00fadr\u017eba<\/li>\n<\/ul>\n<\/td>\n<\/tr>\n<tr>\n<td>\u00a0konstrukce z nerezov\u00e9 oceli<\/td>\n<td>\n<ul>\n<li>hygenic<\/li>\n<li>snadn\u00e9 \u010di\u0161t\u011bn\u00ed<\/li>\n<\/ul>\n<\/td>\n<\/tr>\n<tr>\n<td>\u00a0frekven\u010dn\u011b \u0159\u00edzen\u00fd pohon<\/td>\n<td>\n<ul>\n<li>ovl\u00e1d\u00e1n\u00ed rychlosti ot\u00e1\u010den\u00ed<\/li>\n<\/ul>\n<\/td>\n<\/tr>\n<\/tbody>\n<\/table>","protected":false},"excerpt":{"rendered":"<p>OIling buben k nan\u00e1\u0161en\u00ed leskl\u00e9ho povlaku na \u0161krobov\u00e9 cukrovinky.<\/p>","protected":false},"featured_media":2864,"comment_status":"open","ping_status":"closed","template":"","meta":{"uix_meta_title":"","uix_meta_description":"","uix_canonical_url":""},"product_brand":[],"product_cat":[104],"product_tag":[],"class_list":{"0":"post-2865","1":"product","2":"type-product","3":"status-publish","4":"has-post-thumbnail","6":"product_cat-processing","8":"first","9":"instock","10":"shipping-taxable","11":"product-type-simple"},"_links":{"self":[{"href":"https:\/\/cormac.eu\/cs\/wp-json\/wp\/v2\/product\/2865","targetHints":{"allow":["GET"]}}],"collection":[{"href":"https:\/\/cormac.eu\/cs\/wp-json\/wp\/v2\/product"}],"about":[{"href":"https:\/\/cormac.eu\/cs\/wp-json\/wp\/v2\/types\/product"}],"replies":[{"embeddable":true,"href":"https:\/\/cormac.eu\/cs\/wp-json\/wp\/v2\/comments?post=2865"}],"wp:featuredmedia":[{"embeddable":true,"href":"https:\/\/cormac.eu\/cs\/wp-json\/wp\/v2\/media\/2864"}],"wp:attachment":[{"href":"https:\/\/cormac.eu\/cs\/wp-json\/wp\/v2\/media?parent=2865"}],"wp:term":[{"taxonomy":"product_brand","embeddable":true,"href":"https:\/\/cormac.eu\/cs\/wp-json\/wp\/v2\/product_brand?post=2865"},{"taxonomy":"product_cat","embeddable":true,"href":"https:\/\/cormac.eu\/cs\/wp-json\/wp\/v2\/product_cat?post=2865"},{"taxonomy":"product_tag","embeddable":true,"href":"https:\/\/cormac.eu\/cs\/wp-json\/wp\/v2\/product_tag?post=2865"}],"curies":[{"name":"wp","href":"https:\/\/api.w.org\/{rel}","templated":true}]}}