{"id":2863,"date":"2022-04-24T11:20:17","date_gmt":"2022-04-24T09:20:17","guid":{"rendered":"https:\/\/cormac.eu\/?post_type=product&#038;p=2863"},"modified":"2022-04-24T11:20:17","modified_gmt":"2022-04-24T09:20:17","slug":"davkovy-varic","status":"publish","type":"product","link":"https:\/\/cormac.eu\/cs\/product\/batch-cooker\/","title":{"rendered":"D\u00e1vkov\u00fd va\u0159i\u010d"},"content":{"rendered":"<p>V\u00e1rnice m\u00e1 tvar polovi\u010dn\u00ed koule s parn\u00edm pl\u00e1\u0161t\u011bm (dvojit\u00e1 st\u011bna). Jsou vybaveny kotevn\u00edmi m\u00edchadly, s teflonov\u00fdmi \u0161krabkami i bez nich. Kotle se dod\u00e1vaj\u00ed s vakuem nebo bez n\u011bj a mohou b\u00fdt konstruov\u00e1ny pro vypou\u0161t\u011bn\u00ed pod tlakem. Tyto kotle jsou vyrobeny z nerezov\u00e9 oceli a mohou b\u00fdt ovl\u00e1d\u00e1ny ru\u010dn\u011b nebo automaticky. Jsou k dispozici v r\u016fzn\u00fdch velikostech a v \u0161irok\u00e9 \u0161k\u00e1le proveden\u00ed. Je tak\u00e9 mo\u017en\u00e9 m\u00edt dvojit\u00e9 proveden\u00ed, kter\u00e9 zvy\u0161uje kapacitu a umo\u017e\u0148uje polopr\u016fb\u011b\u017en\u00e9 va\u0159en\u00ed. Rozsah kapacit: 100 kg, 250 kg, 500 kg.  Pro v\u00fdkony vy\u0161\u0161\u00ed ne\u017e 500 kg\/hod. obvykle doporu\u010dujeme pr\u016fb\u011b\u017en\u00e9 va\u0159en\u00ed.<\/p>\n<p>&nbsp;<\/p>\n<table style=\"height: 386px\" width=\"612\">\n<tbody>\n<tr>\n<td width=\"165\">\u00a0<strong>Funkce<\/strong><\/td>\n<td width=\"165\">\u00a0<strong>V\u00fdhody<\/strong><\/td>\n<\/tr>\n<tr>\n<td>\u00a0Nerezov\u00e1 ocel<\/td>\n<td>\n<ul>\n<li>hygienick\u00e9<\/li>\n<li>snadn\u00e9 \u010di\u0161t\u011bn\u00ed<\/li>\n<li>robustn\u00ed<\/li>\n<\/ul>\n<\/td>\n<\/tr>\n<tr>\n<td>\u00a0s dvojitou st\u011bnou<\/td>\n<td>\n<ul>\n<li>vynikaj\u00edc\u00ed p\u0159enos tepla<\/li>\n<\/ul>\n<\/td>\n<\/tr>\n<tr>\n<td>\u00a0kotevn\u00ed m\u00edchadlo voliteln\u011b s<br \/>\nteflonov\u00e1 \u0161krabka<\/td>\n<td>\n<ul>\n<li>dobr\u00e9 m\u00edch\u00e1n\u00ed<\/li>\n<li>\u017e\u00e1dn\u00e9 p\u00e1len\u00ed<\/li>\n<li>\u010dist\u00e9 vnit\u0159n\u00ed st\u011bny<\/li>\n<\/ul>\n<\/td>\n<\/tr>\n<\/tbody>\n<\/table>\n<p>&nbsp;<\/p>","protected":false},"excerpt":{"rendered":"<p>V\u00e1rka pro va\u0159en\u00ed cukern\u00fdch hmot.<\/p>","protected":false},"featured_media":2862,"comment_status":"open","ping_status":"closed","template":"","meta":{"uix_meta_title":"","uix_meta_description":"","uix_canonical_url":""},"product_brand":[],"product_cat":[104],"product_tag":[],"class_list":{"0":"post-2863","1":"product","2":"type-product","3":"status-publish","4":"has-post-thumbnail","6":"product_cat-processing","8":"first","9":"instock","10":"shipping-taxable","11":"product-type-simple"},"_links":{"self":[{"href":"https:\/\/cormac.eu\/cs\/wp-json\/wp\/v2\/product\/2863","targetHints":{"allow":["GET"]}}],"collection":[{"href":"https:\/\/cormac.eu\/cs\/wp-json\/wp\/v2\/product"}],"about":[{"href":"https:\/\/cormac.eu\/cs\/wp-json\/wp\/v2\/types\/product"}],"replies":[{"embeddable":true,"href":"https:\/\/cormac.eu\/cs\/wp-json\/wp\/v2\/comments?post=2863"}],"wp:featuredmedia":[{"embeddable":true,"href":"https:\/\/cormac.eu\/cs\/wp-json\/wp\/v2\/media\/2862"}],"wp:attachment":[{"href":"https:\/\/cormac.eu\/cs\/wp-json\/wp\/v2\/media?parent=2863"}],"wp:term":[{"taxonomy":"product_brand","embeddable":true,"href":"https:\/\/cormac.eu\/cs\/wp-json\/wp\/v2\/product_brand?post=2863"},{"taxonomy":"product_cat","embeddable":true,"href":"https:\/\/cormac.eu\/cs\/wp-json\/wp\/v2\/product_cat?post=2863"},{"taxonomy":"product_tag","embeddable":true,"href":"https:\/\/cormac.eu\/cs\/wp-json\/wp\/v2\/product_tag?post=2863"}],"curies":[{"name":"wp","href":"https:\/\/api.w.org\/{rel}","templated":true}]}}