{"id":2860,"date":"2022-04-24T11:12:01","date_gmt":"2022-04-24T09:12:01","guid":{"rendered":"https:\/\/cormac.eu\/?post_type=product&#038;p=2860"},"modified":"2022-04-24T11:52:52","modified_gmt":"2022-04-24T09:52:52","slug":"slehac-na-fondan-2","status":"publish","type":"product","link":"https:\/\/cormac.eu\/cs\/product\/fondant-beater\/","title":{"rendered":"\u0160leha\u010d na fond\u00e1n"},"content":{"rendered":"<p>Za\u0159\u00edzen\u00ed na \u0161leh\u00e1n\u00ed fond\u00e1nu Vomatab je pln\u011b automatick\u00e9. Pokud po spu\u0161t\u011bn\u00ed procesu \u0161leh\u00e1n\u00ed fond\u00e1nu hroz\u00ed zastaven\u00ed motoru rotoru z d\u016fvodu p\u0159et\u00ed\u017een\u00ed, automaticky se zastav\u00ed pod\u00e1v\u00e1n\u00ed cukru a stroj se propl\u00e1chne. Proplachovac\u00ed voda je pos\u00edl\u00e1na do odtoku pomoc\u00ed pneumaticky ovl\u00e1dan\u00e9ho ventilu. Jakmile je p\u0159et\u00ed\u017een\u00ed (amp\u00e9rmetr) vy\u0159e\u0161eno, v\u00fdroba fond\u00e1nu se automaticky obnov\u00ed. Tyto stroje mohou b\u00fdt dod\u00e1v\u00e1ny bu\u010f samostatn\u011b, nebo mohou b\u00fdt integrov\u00e1ny do v\u00fdrobn\u00ed linky.<\/p>\n<p>&nbsp;<\/p>\n<p>Rotor\u00a0 \u00a0 \u00a0 \u00a0 \u00a0 \u00a0 \u00a0 \u00a0<img fetchpriority=\"high\" decoding=\"async\" class=\"alignnone size-medium wp-image-2872\" src=\"https:\/\/cormac.eu\/wp-content\/uploads\/2022\/04\/Rotor-fondant-beater-300x225.jpg\" alt=\"\" width=\"300\" height=\"225\" srcset=\"https:\/\/cormac.eu\/wp-content\/uploads\/2022\/04\/Rotor-fondant-beater-300x225.jpg 300w, https:\/\/cormac.eu\/wp-content\/uploads\/2022\/04\/Rotor-fondant-beater-1024x768.jpg 1024w, https:\/\/cormac.eu\/wp-content\/uploads\/2022\/04\/Rotor-fondant-beater-768x576.jpg 768w, https:\/\/cormac.eu\/wp-content\/uploads\/2022\/04\/Rotor-fondant-beater-1536x1152.jpg 1536w, https:\/\/cormac.eu\/wp-content\/uploads\/2022\/04\/Rotor-fondant-beater-600x450.jpg 600w, https:\/\/cormac.eu\/wp-content\/uploads\/2022\/04\/Rotor-fondant-beater.jpg 1745w\" sizes=\"(max-width: 300px) 100vw, 300px\" \/>\u00a0 \u00a0 <img decoding=\"async\" class=\"alignnone  wp-image-2878\" src=\"https:\/\/cormac.eu\/wp-content\/uploads\/2022\/04\/Fondant-candy-300x282.jpg\" alt=\"\" width=\"240\" height=\"226\" srcset=\"https:\/\/cormac.eu\/wp-content\/uploads\/2022\/04\/Fondant-candy-300x282.jpg 300w, https:\/\/cormac.eu\/wp-content\/uploads\/2022\/04\/Fondant-candy.jpg 402w\" sizes=\"(max-width: 240px) 100vw, 240px\" \/><\/p>\n<p>&nbsp;<\/p>\n<table style=\"height: 482px\" width=\"685\">\n<tbody>\n<tr>\n<td width=\"197\">\u00a0<strong>Funkce<\/strong><\/td>\n<td width=\"197\">\u00a0<strong>V\u00fdhody<\/strong><\/td>\n<\/tr>\n<tr>\n<td>Nerezov\u00e1 ocel<\/td>\n<td>\n<ul>\n<li>hygenic<\/li>\n<li>snadno se \u010dist\u00ed<\/li>\n<\/ul>\n<\/td>\n<\/tr>\n<tr>\n<td>\u00a0Automatick\u00e9 ovl\u00e1d\u00e1n\u00ed<\/td>\n<td>\n<ul>\n<li>prevence ucp\u00e1n\u00ed<\/li>\n<li>automatick\u00e9 \u010di\u0161t\u011bn\u00ed<\/li>\n<\/ul>\n<\/td>\n<\/tr>\n<tr>\n<td>speci\u00e1ln\u00ed chladic\u00ed konstrukce s<br \/>\ntenkost\u011bnn\u00fd vnit\u0159n\u00ed v\u00e1lec<\/td>\n<td>\n<ul>\n<li>vynikaj\u00edc\u00ed chlazen\u00ed<\/li>\n<\/ul>\n<\/td>\n<\/tr>\n<tr>\n<td>P\u0159esn\u00e9 in\u017een\u00fdrstv\u00ed<\/td>\n<td>\n<ul>\n<li>dokonal\u00e9 spojen\u00ed rotoru a v\u00e1lce<\/li>\n<li>vynikaj\u00edc\u00ed \u0161krabac\u00ed vlastnosti<\/li>\n<\/ul>\n<\/td>\n<\/tr>\n<\/tbody>\n<\/table>\n<p>&nbsp;<\/p>","protected":false},"excerpt":{"rendered":"<p>\u0160leha\u010d fond\u00e1nu je k dispozici s v\u00fdkonem od 300 do 2000 kg\/hod.<\/p>","protected":false},"featured_media":2859,"comment_status":"open","ping_status":"closed","template":"","meta":{"uix_meta_title":"","uix_meta_description":"","uix_canonical_url":""},"product_brand":[],"product_cat":[104],"product_tag":[],"class_list":{"0":"post-2860","1":"product","2":"type-product","3":"status-publish","4":"has-post-thumbnail","6":"product_cat-processing","8":"first","9":"instock","10":"shipping-taxable","11":"product-type-simple"},"_links":{"self":[{"href":"https:\/\/cormac.eu\/cs\/wp-json\/wp\/v2\/product\/2860","targetHints":{"allow":["GET"]}}],"collection":[{"href":"https:\/\/cormac.eu\/cs\/wp-json\/wp\/v2\/product"}],"about":[{"href":"https:\/\/cormac.eu\/cs\/wp-json\/wp\/v2\/types\/product"}],"replies":[{"embeddable":true,"href":"https:\/\/cormac.eu\/cs\/wp-json\/wp\/v2\/comments?post=2860"}],"wp:featuredmedia":[{"embeddable":true,"href":"https:\/\/cormac.eu\/cs\/wp-json\/wp\/v2\/media\/2859"}],"wp:attachment":[{"href":"https:\/\/cormac.eu\/cs\/wp-json\/wp\/v2\/media?parent=2860"}],"wp:term":[{"taxonomy":"product_brand","embeddable":true,"href":"https:\/\/cormac.eu\/cs\/wp-json\/wp\/v2\/product_brand?post=2860"},{"taxonomy":"product_cat","embeddable":true,"href":"https:\/\/cormac.eu\/cs\/wp-json\/wp\/v2\/product_cat?post=2860"},{"taxonomy":"product_tag","embeddable":true,"href":"https:\/\/cormac.eu\/cs\/wp-json\/wp\/v2\/product_tag?post=2860"}],"curies":[{"name":"wp","href":"https:\/\/api.w.org\/{rel}","templated":true}]}}