{"id":2857,"date":"2022-04-24T10:56:55","date_gmt":"2022-04-24T08:56:55","guid":{"rendered":"https:\/\/cormac.eu\/?post_type=product&#038;p=2857"},"modified":"2022-04-24T11:01:45","modified_gmt":"2022-04-24T09:01:45","slug":"davkovaci-stanice-barvy-a-kyseliny-2","status":"publish","type":"product","link":"https:\/\/cormac.eu\/cs\/product\/colour-and-acid-dosing-station\/","title":{"rendered":"D\u00e1vkovac\u00ed stanice barev a kyselin"},"content":{"rendered":"<p>D\u00e1vkovac\u00ed syst\u00e9m Vomados vst\u0159ikuje barviva, p\u0159\u00edchut\u011b a kyseliny INLINE. Tento syst\u00e9m lze vyrobit v r\u016fzn\u00fdch proveden\u00edch. Nejjednodu\u0161\u0161\u00ed je Vomados 1+1+1, pro 1 vst\u0159ik barvy, 1 p\u0159\u00edchuti a 1 kyseliny. Kapacitu v\u0161ak lze pln\u011b p\u0159izp\u016fsobit kapacit\u011b kuchyn\u011b, receptur\u00e1m z\u00e1kazn\u00edka a po\u010dtu pot\u0159ebn\u00fdch barviv a p\u0159\u00edchut\u00ed. \u010casto dod\u00e1van\u00fdm proveden\u00edm je nap\u0159\u00edklad pr\u016ftok Vomados 6+6+1. To znamen\u00e1, \u017ee hlavn\u00ed proud je rozd\u011blen na 6 proud\u016f (flow), ve kter\u00fdch se vst\u0159ikuje 6 barev, 6 p\u0159\u00edchut\u00ed a 1 kyselina. V\u017edy dv\u011b barevn\u00e1 \u010derpadla jsou spojena a maj\u00ed jeden spole\u010dn\u00fd frekven\u010dn\u011b \u0159\u00edzen\u00fd pohon. Tot\u00e9\u017e plat\u00ed pro \u010derpadla p\u0159\u00edchut\u00ed. De hlavy \u010derpadel jsou poh\u00e1n\u011bny frekven\u010dn\u011b \u0159\u00edzen\u00fdmi elektromotory. V\u00fdkony \u010derpadel se nastavuj\u00ed pomoc\u00ed oto\u010dn\u00e9ho tla\u010d\u00edtka s mikrometrick\u00fdm ode\u010dtem. Pohon je \u0159\u00edzen pomoc\u00ed elektrick\u00e9ho pr\u016ftokom\u011bru, kter\u00fd m\u011b\u0159\u00ed pr\u016ftok cukru a odes\u00edl\u00e1 tuto informaci do frekven\u010dn\u00edho \u0159\u00edzen\u00ed. Vst\u0159ikovac\u00ed \u010derpadlo kyseliny m\u00e1 vlastn\u00ed frekven\u010dn\u011b \u0159\u00edzen\u00fd pohon a vlastn\u00ed pr\u016ftokom\u011br v hlavn\u00edm proudu. Spr\u00e1vnou funkci \u010derpadel kyseliny a aromatu hl\u00edd\u00e1 syst\u00e9m detekce pr\u016ftoku. Vst\u0159ikovan\u00e9 kapaliny jsou homogenizov\u00e1ny (d\u016fkladn\u011b prom\u00edch\u00e1ny) pomoc\u00ed statick\u00fdch m\u00edchadel. Vst\u0159ikovac\u00ed syst\u00e9m lze snadno \u010distit teplou vodou. Vypou\u0161t\u011bc\u00ed body v potrubn\u00edm syst\u00e9mu zaji\u0161\u0165uj\u00ed minim\u00e1ln\u00ed ztr\u00e1ty drah\u00fdch p\u0159\u00edsad.<\/p>\n<p>&nbsp;<\/p>\n<p><img fetchpriority=\"high\" decoding=\"async\" class=\"alignnone size-medium wp-image-2858\" src=\"https:\/\/cormac.eu\/wp-content\/uploads\/2022\/04\/Vomados-2-300x208.jpg\" alt=\"\" width=\"300\" height=\"208\" srcset=\"https:\/\/cormac.eu\/wp-content\/uploads\/2022\/04\/Vomados-2-300x208.jpg 300w, https:\/\/cormac.eu\/wp-content\/uploads\/2022\/04\/Vomados-2-1024x709.jpg 1024w, https:\/\/cormac.eu\/wp-content\/uploads\/2022\/04\/Vomados-2-768x532.jpg 768w, https:\/\/cormac.eu\/wp-content\/uploads\/2022\/04\/Vomados-2-1536x1064.jpg 1536w, https:\/\/cormac.eu\/wp-content\/uploads\/2022\/04\/Vomados-2-2048x1418.jpg 2048w, https:\/\/cormac.eu\/wp-content\/uploads\/2022\/04\/Vomados-2-600x416.jpg 600w\" sizes=\"(max-width: 300px) 100vw, 300px\" \/><\/p>\n<p>&nbsp;<\/p>\n<table style=\"height: 499px\" width=\"690\">\n<tbody>\n<tr>\n<td width=\"197\">\u00a0<strong>Funkce<\/strong><\/td>\n<td width=\"197\">\u00a0<strong>V\u00fdhody<\/strong><\/td>\n<\/tr>\n<tr>\n<td>\u00a0jedna jednotka na li\u017ein\u011b<\/td>\n<td>\n<ul>\n<li>snadn\u00e1 integrace<\/li>\n<\/ul>\n<\/td>\n<\/tr>\n<tr>\n<td>\u00a0elektrick\u00e9 pr\u016ftokom\u011bry<\/td>\n<td>\n<ul>\n<li>\u0159\u00edzen\u00ed d\u00e1vkov\u00e1n\u00ed<\/li>\n<\/ul>\n<\/td>\n<\/tr>\n<tr>\n<td>\u00a0syst\u00e9m detekce pr\u016ftoku<\/td>\n<td>\n<ul>\n<li>funkce alarmu<\/li>\n<li>zaji\u0161\u0165uje spr\u00e1vn\u00e9 fungov\u00e1n\u00ed kyselin a<br \/>\nchu\u0165ov\u00e1 \u010derpadla<\/li>\n<\/ul>\n<\/td>\n<\/tr>\n<tr>\n<td>\u00a0statick\u00e9 m\u00edcha\u010dky<\/td>\n<td>\n<ul>\n<li>homogenizace<\/li>\n<li>snadn\u00e9 \u010di\u0161t\u011bn\u00ed<\/li>\n<\/ul>\n<\/td>\n<\/tr>\n<tr>\n<td>Vypou\u0161t\u011bc\u00ed body v potrubn\u00edm syst\u00e9mu<\/td>\n<td>\n<ul>\n<li>min. ztr\u00e1ta slo\u017eek<\/li>\n<\/ul>\n<\/td>\n<\/tr>\n<\/tbody>\n<\/table>","protected":false},"excerpt":{"rendered":"<p>D\u00e1vkovac\u00ed stanice pro automatick\u00e9 d\u00e1vkov\u00e1n\u00ed aromat, barviv a kyselin v kontinu\u00e1ln\u00ed varn\u00e9 lince.<\/p>","protected":false},"featured_media":2856,"comment_status":"open","ping_status":"closed","template":"","meta":{"uix_meta_title":"","uix_meta_description":"","uix_canonical_url":""},"product_brand":[],"product_cat":[104],"product_tag":[],"class_list":{"0":"post-2857","1":"product","2":"type-product","3":"status-publish","4":"has-post-thumbnail","6":"product_cat-processing","8":"first","9":"instock","10":"shipping-taxable","11":"product-type-simple"},"_links":{"self":[{"href":"https:\/\/cormac.eu\/cs\/wp-json\/wp\/v2\/product\/2857","targetHints":{"allow":["GET"]}}],"collection":[{"href":"https:\/\/cormac.eu\/cs\/wp-json\/wp\/v2\/product"}],"about":[{"href":"https:\/\/cormac.eu\/cs\/wp-json\/wp\/v2\/types\/product"}],"replies":[{"embeddable":true,"href":"https:\/\/cormac.eu\/cs\/wp-json\/wp\/v2\/comments?post=2857"}],"wp:featuredmedia":[{"embeddable":true,"href":"https:\/\/cormac.eu\/cs\/wp-json\/wp\/v2\/media\/2856"}],"wp:attachment":[{"href":"https:\/\/cormac.eu\/cs\/wp-json\/wp\/v2\/media?parent=2857"}],"wp:term":[{"taxonomy":"product_brand","embeddable":true,"href":"https:\/\/cormac.eu\/cs\/wp-json\/wp\/v2\/product_brand?post=2857"},{"taxonomy":"product_cat","embeddable":true,"href":"https:\/\/cormac.eu\/cs\/wp-json\/wp\/v2\/product_cat?post=2857"},{"taxonomy":"product_tag","embeddable":true,"href":"https:\/\/cormac.eu\/cs\/wp-json\/wp\/v2\/product_tag?post=2857"}],"curies":[{"name":"wp","href":"https:\/\/api.w.org\/{rel}","templated":true}]}}