{"id":2855,"date":"2022-04-24T10:48:12","date_gmt":"2022-04-24T08:48:12","guid":{"rendered":"https:\/\/cormac.eu\/?post_type=product&#038;p=2855"},"modified":"2022-04-24T10:48:24","modified_gmt":"2022-04-24T08:48:24","slug":"pilotni-varna","status":"publish","type":"product","link":"https:\/\/cormac.eu\/cs\/product\/pilot-cooking-plant\/","title":{"rendered":"Pilotn\u00ed varna"},"content":{"rendered":"<p>Toto miniaturn\u00ed varn\u00e9 za\u0159\u00edzen\u00ed slou\u017e\u00ed k v\u00fdvoji produkt\u016f a men\u0161\u00edm v\u00fdrob\u00e1m. Tento typ za\u0159\u00edzen\u00ed se hojn\u011b vyu\u017e\u00edv\u00e1 v laborato\u0159\u00edch cukr\u00e1ren a v\u00fdrobc\u016f surovin. Tato pilotn\u00ed za\u0159\u00edzen\u00ed pou\u017e\u00edvaj\u00ed tak\u00e9 spole\u010dnosti, kter\u00e9 instalovaly v\u011bt\u0161\u00ed za\u0159\u00edzen\u00ed Vomadiss. Toto univerz\u00e1ln\u00ed varn\u00e9 za\u0159\u00edzen\u00ed je velmi \u017e\u00e1dan\u00e9, mimo jin\u00e9 proto, \u017ee zji\u0161t\u011bn\u00e9 parametry lze p\u0159en\u00e9st 1:1 do velk\u00fdch v\u00fdrobn\u00edch stroj\u016f. Tato mini za\u0159\u00edzen\u00ed se dod\u00e1vaj\u00ed plug &amp; play, ve v\u011bt\u0161in\u011b p\u0159\u00edpad\u016f na kole\u010dk\u00e1ch, a jsou vhodn\u00e1 pro \u017eel\u00e9 a \u017ev\u00fdka\u010dkov\u00e9 v\u00fdrobky, Je tak\u00e9 mo\u017en\u00e9 sestavit dohromady kombinaci r\u016fzn\u00fdch va\u0159i\u010d\u016f, tak\u017ee lze vyr\u00e1b\u011bt r\u016fzn\u00e9 v\u00fdrobky, nap\u0159\u00edklad parn\u00ed vst\u0159ikovac\u00ed va\u0159i\u010d Jet Cooker pro \u0161krobov\u00e9 v\u00fdrobky \u0161krabkov\u00fd v\u00fdm\u011bn\u00edk tepla pro karamel a karamel nebo speci\u00e1ln\u00ed \u0161krobov\u00e9 v\u00fdrobky. Za\u0159\u00edzen\u00ed lze tak\u00e9 pronajmout. Kapacita: 50-100 kg\/hod.<\/p>\n<p>&nbsp;<\/p>\n<table style=\"height: 451px\" width=\"533\">\n<tbody>\n<tr>\n<td width=\"159\">\u00a0<strong>Funkce<\/strong><\/td>\n<td width=\"159\">\u00a0<strong>V\u00fdhody<\/strong><\/td>\n<\/tr>\n<tr>\n<td>\u00a0v\u0161e postaveno na jednom r\u00e1mu<\/td>\n<td>\n<ul>\n<li>Instalace plug &amp; play<\/li>\n<li>kompaktn\u00ed<\/li>\n<\/ul>\n<\/td>\n<\/tr>\n<tr>\n<td>\u00a0p\u0159izp\u016fsoben\u00e1 konfigurace<\/td>\n<td>\n<ul>\n<li>univerz\u00e1ln\u00ed<\/li>\n<\/ul>\n<\/td>\n<\/tr>\n<tr>\n<td>\u00a0konstrukce z nerezov\u00e9 oceli<\/td>\n<td>\n<ul>\n<li>hygenic<\/li>\n<li>snadn\u00e9 \u010di\u0161t\u011bn\u00ed<\/li>\n<\/ul>\n<\/td>\n<\/tr>\n<tr>\n<td>\u00a0PLC (voliteln\u011b)<\/td>\n<td>\n<ul>\n<li>skladov\u00e1n\u00ed receptur<\/li>\n<li>\u0159\u00edzen\u00ed procesu<\/li>\n<\/ul>\n<\/td>\n<\/tr>\n<\/tbody>\n<\/table>","protected":false},"excerpt":{"rendered":"<p>Pilotn\u00ed varna pro testov\u00e1n\u00ed varn\u00fdch aplikac\u00ed se v\u0161emi druhy cukern\u00fdch hmot.<\/p>","protected":false},"featured_media":2854,"comment_status":"open","ping_status":"closed","template":"","meta":{"uix_meta_title":"","uix_meta_description":"","uix_canonical_url":""},"product_brand":[],"product_cat":[104],"product_tag":[],"class_list":{"0":"post-2855","1":"product","2":"type-product","3":"status-publish","4":"has-post-thumbnail","6":"product_cat-processing","8":"first","9":"instock","10":"shipping-taxable","11":"product-type-simple"},"_links":{"self":[{"href":"https:\/\/cormac.eu\/cs\/wp-json\/wp\/v2\/product\/2855","targetHints":{"allow":["GET"]}}],"collection":[{"href":"https:\/\/cormac.eu\/cs\/wp-json\/wp\/v2\/product"}],"about":[{"href":"https:\/\/cormac.eu\/cs\/wp-json\/wp\/v2\/types\/product"}],"replies":[{"embeddable":true,"href":"https:\/\/cormac.eu\/cs\/wp-json\/wp\/v2\/comments?post=2855"}],"wp:featuredmedia":[{"embeddable":true,"href":"https:\/\/cormac.eu\/cs\/wp-json\/wp\/v2\/media\/2854"}],"wp:attachment":[{"href":"https:\/\/cormac.eu\/cs\/wp-json\/wp\/v2\/media?parent=2855"}],"wp:term":[{"taxonomy":"product_brand","embeddable":true,"href":"https:\/\/cormac.eu\/cs\/wp-json\/wp\/v2\/product_brand?post=2855"},{"taxonomy":"product_cat","embeddable":true,"href":"https:\/\/cormac.eu\/cs\/wp-json\/wp\/v2\/product_cat?post=2855"},{"taxonomy":"product_tag","embeddable":true,"href":"https:\/\/cormac.eu\/cs\/wp-json\/wp\/v2\/product_tag?post=2855"}],"curies":[{"name":"wp","href":"https:\/\/api.w.org\/{rel}","templated":true}]}}