{"id":2849,"date":"2022-04-24T10:01:33","date_gmt":"2022-04-24T08:01:33","guid":{"rendered":"https:\/\/cormac.eu\/?post_type=product&#038;p=2849"},"modified":"2022-04-24T11:37:04","modified_gmt":"2022-04-24T09:37:04","slug":"instalace-vareni-na-klic-2","status":"publish","type":"product","link":"https:\/\/cormac.eu\/cs\/product\/turn-key-cooking-installation\/","title":{"rendered":"Kompletn\u00ed v\u00fdrobn\u00ed kuchyn\u011b na kl\u00ed\u010d"},"content":{"rendered":"<p>Pln\u011b automatick\u00e1 v\u00fdrobn\u00ed kuchy\u0148 postaven\u00e1 na jedn\u00e9 li\u017ein\u011b, p\u0159ipraven\u00e1 k p\u0159ipojen\u00ed plug &amp; play. Tento zp\u016fsob stavby umo\u017e\u0148uje prostorov\u011b \u00faspornou instalaci. Ka\u017ed\u00e1 instalace je kompletn\u011b postavena na m\u00edru. Takov\u00e1 v\u00fdrobn\u00ed kuchyn\u011b m\u016f\u017ee zahrnovat automatick\u00e9 v\u00e1\u017een\u00ed a d\u00e1vkov\u00e1n\u00ed p\u0159\u00edsad, za\u0159\u00edzen\u00ed pro p\u0159edm\u00edch\u00e1v\u00e1n\u00ed a m\u00edch\u00e1n\u00ed, kontinu\u00e1ln\u00ed va\u0159i\u010d , va\u0159i\u010d s tryskov\u00fdm vst\u0159ikov\u00e1n\u00edm p\u00e1ry, vakuovou komoru, centr\u00e1ln\u00ed \u0159\u00eddic\u00ed sk\u0159\u00ed\u0148 s PLC Siemens a tak\u00e9 d\u00e1vkovac\u00ed soupravu pro p\u0159\u00edchut\u011b , barviva a kyseliny. Kapacita op a\u017e 3 tuny za hodinu.<\/p>\n<p><img fetchpriority=\"high\" decoding=\"async\" class=\"alignnone size-medium wp-image-2869\" src=\"https:\/\/cormac.eu\/wp-content\/uploads\/2022\/04\/Candy-iStock_000012762654_Large-300x199.jpg\" alt=\"\" width=\"300\" height=\"199\" srcset=\"https:\/\/cormac.eu\/wp-content\/uploads\/2022\/04\/Candy-iStock_000012762654_Large-300x199.jpg 300w, https:\/\/cormac.eu\/wp-content\/uploads\/2022\/04\/Candy-iStock_000012762654_Large-1024x680.jpg 1024w, https:\/\/cormac.eu\/wp-content\/uploads\/2022\/04\/Candy-iStock_000012762654_Large-768x510.jpg 768w, https:\/\/cormac.eu\/wp-content\/uploads\/2022\/04\/Candy-iStock_000012762654_Large-1536x1019.jpg 1536w, https:\/\/cormac.eu\/wp-content\/uploads\/2022\/04\/Candy-iStock_000012762654_Large-2048x1359.jpg 2048w, https:\/\/cormac.eu\/wp-content\/uploads\/2022\/04\/Candy-iStock_000012762654_Large-600x398.jpg 600w\" sizes=\"(max-width: 300px) 100vw, 300px\" \/><\/p>\n<p>&nbsp;<\/p>\n<table style=\"height: 396px\" width=\"547\">\n<tbody>\n<tr>\n<td width=\"179\">\u00a0<strong>Funkce<\/strong><\/td>\n<td width=\"179\">\u00a0<strong>V\u00fdhody<\/strong><\/td>\n<\/tr>\n<tr>\n<td>\u00a0postaven\u00e9 na smyku<\/td>\n<td>\n<ul>\n<li>snadn\u00e1 instalace<\/li>\n<li>kompaktn\u00ed<\/li>\n<\/ul>\n<\/td>\n<\/tr>\n<tr>\n<td>\u00a0v\u0161e z nerezov\u00e9 oceli<\/td>\n<td>\n<ul>\n<li>hygenic<\/li>\n<li>snadn\u00e9 \u010di\u0161t\u011bn\u00ed<\/li>\n<\/ul>\n<\/td>\n<\/tr>\n<tr>\n<td>\u00a0\u0158\u00edzen\u00e9 PLC<\/td>\n<td>\n<ul>\n<li>\u00fapln\u00e1 kontrola procesu<\/li>\n<li>skladov\u00e1n\u00ed receptur<\/li>\n<\/ul>\n<\/td>\n<\/tr>\n<tr>\n<td>\u00a0Stavba na zak\u00e1zku<\/td>\n<td>\n<ul>\n<li>vyrobeno podle specifikace z\u00e1kazn\u00edka<\/li>\n<\/ul>\n<\/td>\n<\/tr>\n<\/tbody>\n<\/table>","protected":false},"excerpt":{"rendered":"<p>Pln\u011b automatick\u00e1 v\u00fdrobn\u00ed kuchyn\u011b navr\u017een\u00e1 podle po\u017eadavk\u016f z\u00e1kazn\u00edka, postaven\u00e1 na li\u017ein\u011b, kompaktn\u00ed, plug &amp; play. Vhodn\u00e1 pro v\u00fdrobu va\u0159en\u00fdch cukrovinek v\u010detn\u011b \u017eel\u00e9 a \u017ev\u00fdka\u010dek, marshmallow, \u017ev\u00fdkac\u00edch bonbon\u016f, l\u00e9ko\u0159ice, fond\u00e1nu, nug\u00e1tu, tvrd\u00fdch bonbon\u016f, v\u00fdrobk\u016f bez cukru atd.<\/p>","protected":false},"featured_media":2853,"comment_status":"open","ping_status":"closed","template":"","meta":{"uix_meta_title":"","uix_meta_description":"","uix_canonical_url":""},"product_brand":[],"product_cat":[104],"product_tag":[],"class_list":{"0":"post-2849","1":"product","2":"type-product","3":"status-publish","4":"has-post-thumbnail","6":"product_cat-processing","8":"first","9":"instock","10":"shipping-taxable","11":"product-type-simple"},"_links":{"self":[{"href":"https:\/\/cormac.eu\/cs\/wp-json\/wp\/v2\/product\/2849","targetHints":{"allow":["GET"]}}],"collection":[{"href":"https:\/\/cormac.eu\/cs\/wp-json\/wp\/v2\/product"}],"about":[{"href":"https:\/\/cormac.eu\/cs\/wp-json\/wp\/v2\/types\/product"}],"replies":[{"embeddable":true,"href":"https:\/\/cormac.eu\/cs\/wp-json\/wp\/v2\/comments?post=2849"}],"wp:featuredmedia":[{"embeddable":true,"href":"https:\/\/cormac.eu\/cs\/wp-json\/wp\/v2\/media\/2853"}],"wp:attachment":[{"href":"https:\/\/cormac.eu\/cs\/wp-json\/wp\/v2\/media?parent=2849"}],"wp:term":[{"taxonomy":"product_brand","embeddable":true,"href":"https:\/\/cormac.eu\/cs\/wp-json\/wp\/v2\/product_brand?post=2849"},{"taxonomy":"product_cat","embeddable":true,"href":"https:\/\/cormac.eu\/cs\/wp-json\/wp\/v2\/product_cat?post=2849"},{"taxonomy":"product_tag","embeddable":true,"href":"https:\/\/cormac.eu\/cs\/wp-json\/wp\/v2\/product_tag?post=2849"}],"curies":[{"name":"wp","href":"https:\/\/api.w.org\/{rel}","templated":true}]}}