{"id":2847,"date":"2022-04-24T09:58:59","date_gmt":"2022-04-24T07:58:59","guid":{"rendered":"https:\/\/cormac.eu\/?post_type=product&#038;p=2847"},"modified":"2022-04-24T09:58:59","modified_gmt":"2022-04-24T07:58:59","slug":"speedmixer","status":"publish","type":"product","link":"https:\/\/cormac.eu\/cs\/product\/speedmixer\/","title":{"rendered":"Speedmixer"},"content":{"rendered":"<p>Speedmix je dobr\u00fdm \u0159e\u0161en\u00edm mnoha probl\u00e9m\u016f s m\u00edch\u00e1n\u00edm.  V m\u00edchac\u00ed turb\u00edn\u011b speedmix je rota\u010dn\u00ed h\u0159\u00eddel chr\u00e1n\u011bna pl\u00e1\u0161\u0165ovou trubkou. Pod touto trubkou je namontov\u00e1na z\u00e1chytn\u00e1 skluzavka, ve kter\u00e9 se ot\u00e1\u010d\u00ed h\u0159\u00eddel. Toto z\u00e1chytn\u00e9 stavidlo funguje jako \u010derpadlo a zp\u016fsobuje axi\u00e1ln\u00ed proud. Pl\u00e1\u0161\u0165ov\u00e1 trubka zabra\u0148uje vzniku fortexu, kter\u00fd se zved\u00e1 pod\u00e9l rychle rotuj\u00edc\u00edho h\u0159\u00eddele. Axi\u00e1ln\u00ed proudov\u00e1 kazeta speedmixu zaru\u010duje intenzivn\u00ed m\u00edch\u00e1n\u00ed bez n\u00e1razu vzduchu mezi kapalinami, kter\u00e9 je t\u0159eba sm\u00edchat s pr\u00e1\u0161ky a granul\u00e1ty, a to i p\u0159i vysok\u00fdch ot\u00e1\u010dk\u00e1ch. Speedmix lze pou\u017e\u00edt k m\u00edch\u00e1n\u00ed, homogenizaci, dispergaci, suspendov\u00e1n\u00ed a rozpou\u0161t\u011bn\u00ed \u0161irok\u00e9 \u0161k\u00e1ly hmot. Rozsah v\u00fdkonu: od 0,75 do 30 kW , 750 - 3000 ot\u00e1\u010dek za minutu.<\/p>\n<p><img fetchpriority=\"high\" decoding=\"async\" class=\"alignnone size-medium wp-image-2846\" src=\"https:\/\/cormac.eu\/wp-content\/uploads\/2022\/04\/Speedmix4-200x300.jpg\" alt=\"\" width=\"200\" height=\"300\" srcset=\"https:\/\/cormac.eu\/wp-content\/uploads\/2022\/04\/Speedmix4-200x300.jpg 200w, https:\/\/cormac.eu\/wp-content\/uploads\/2022\/04\/Speedmix4-681x1024.jpg 681w, https:\/\/cormac.eu\/wp-content\/uploads\/2022\/04\/Speedmix4-768x1154.jpg 768w, https:\/\/cormac.eu\/wp-content\/uploads\/2022\/04\/Speedmix4-1022x1536.jpg 1022w, https:\/\/cormac.eu\/wp-content\/uploads\/2022\/04\/Speedmix4-1363x2048.jpg 1363w, https:\/\/cormac.eu\/wp-content\/uploads\/2022\/04\/Speedmix4-600x902.jpg 600w, https:\/\/cormac.eu\/wp-content\/uploads\/2022\/04\/Speedmix4-scaled.jpg 1703w\" sizes=\"(max-width: 200px) 100vw, 200px\" \/><\/p>\n<table style=\"height: 514px\" width=\"653\">\n<tbody>\n<tr>\n<td width=\"252\">\u00a0<strong>Funkce<\/strong><\/td>\n<td width=\"249\">\u00a0<strong>V\u00fdhody<\/strong><\/td>\n<\/tr>\n<tr>\n<td>\u00a0Plynul\u00fd frekven\u010dn\u011b \u0159\u00edzen\u00fd pohon ot\u00e1\u010dek<\/td>\n<td>\n<ul>\n<li>\u0158\u00edzen\u00ed rychlosti<\/li>\n<\/ul>\n<\/td>\n<\/tr>\n<tr>\n<td>\u00a0Vynikaj\u00edc\u00ed technologie sva\u0159ov\u00e1n\u00ed<\/td>\n<td>\n<ul>\n<li>hygienick\u00e9 proveden\u00ed<\/li>\n<li>\u017e\u00e1dn\u00e9 trh\u00e1n\u00ed vlas\u016f v oceli<\/li>\n<li>snadn\u00e9 \u010di\u0161t\u011bn\u00ed a splachov\u00e1n\u00ed<\/li>\n<\/ul>\n<\/td>\n<\/tr>\n<tr>\n<td>\u00a0konstrukce z nerezov\u00e9 oceli<\/td>\n<td>\n<ul>\n<li>hygenic<\/li>\n<li>snadn\u00e9 \u010di\u0161t\u011bn\u00ed<\/li>\n<\/ul>\n<\/td>\n<\/tr>\n<tr>\n<td>\u00a0\u017d\u00e1dn\u00fd kontaktn\u00ed v\u00fdrobek s lo\u017eisky<\/td>\n<td>\n<ul>\n<li>\u017e\u00e1dn\u00e1 kontaminace<\/li>\n<li>hygiena<\/li>\n<\/ul>\n<\/td>\n<\/tr>\n<tr>\n<td>Standardizovan\u00e9 p\u0159\u00edruby<\/td>\n<td>\n<ul>\n<li>snadn\u00e1 v\u00fdm\u011bna a \u00fadr\u017eba<\/li>\n<\/ul>\n<\/td>\n<\/tr>\n<\/tbody>\n<\/table>\n<p>&nbsp;<\/p>\n<p>&nbsp;<\/p>","protected":false},"excerpt":{"rendered":"<p>Rychlom\u00edsi\u010d pro m\u00edch\u00e1n\u00ed, homogenizaci, dispergaci, suspendov\u00e1n\u00ed a rozpou\u0161t\u011bn\u00ed \u0161irok\u00e9 \u0161k\u00e1ly hmot.<\/p>","protected":false},"featured_media":2845,"comment_status":"open","ping_status":"closed","template":"","meta":{"uix_meta_title":"","uix_meta_description":"","uix_canonical_url":""},"product_brand":[],"product_cat":[104],"product_tag":[],"class_list":{"0":"post-2847","1":"product","2":"type-product","3":"status-publish","4":"has-post-thumbnail","6":"product_cat-processing","8":"first","9":"instock","10":"shipping-taxable","11":"product-type-simple"},"_links":{"self":[{"href":"https:\/\/cormac.eu\/cs\/wp-json\/wp\/v2\/product\/2847","targetHints":{"allow":["GET"]}}],"collection":[{"href":"https:\/\/cormac.eu\/cs\/wp-json\/wp\/v2\/product"}],"about":[{"href":"https:\/\/cormac.eu\/cs\/wp-json\/wp\/v2\/types\/product"}],"replies":[{"embeddable":true,"href":"https:\/\/cormac.eu\/cs\/wp-json\/wp\/v2\/comments?post=2847"}],"wp:featuredmedia":[{"embeddable":true,"href":"https:\/\/cormac.eu\/cs\/wp-json\/wp\/v2\/media\/2845"}],"wp:attachment":[{"href":"https:\/\/cormac.eu\/cs\/wp-json\/wp\/v2\/media?parent=2847"}],"wp:term":[{"taxonomy":"product_brand","embeddable":true,"href":"https:\/\/cormac.eu\/cs\/wp-json\/wp\/v2\/product_brand?post=2847"},{"taxonomy":"product_cat","embeddable":true,"href":"https:\/\/cormac.eu\/cs\/wp-json\/wp\/v2\/product_cat?post=2847"},{"taxonomy":"product_tag","embeddable":true,"href":"https:\/\/cormac.eu\/cs\/wp-json\/wp\/v2\/product_tag?post=2847"}],"curies":[{"name":"wp","href":"https:\/\/api.w.org\/{rel}","templated":true}]}}