{"id":2840,"date":"2022-04-24T09:05:50","date_gmt":"2022-04-24T07:05:50","guid":{"rendered":"https:\/\/cormac.eu\/?post_type=product&#038;p=2840"},"modified":"2022-04-24T09:12:47","modified_gmt":"2022-04-24T07:12:47","slug":"system-kontinualniho-vareni","status":"publish","type":"product","link":"https:\/\/cormac.eu\/cs\/product\/continuous-cooking-system\/","title":{"rendered":"Syst\u00e9m kontinu\u00e1ln\u00edho va\u0159en\u00ed"},"content":{"rendered":"<p>Vomadiss je revolu\u010dn\u00ed syst\u00e9m va\u0159en\u00ed vyvinut\u00fd a patentovan\u00fd spole\u010dnost\u00ed Vomatec. Jedn\u00e1 se o horizont\u00e1ln\u00ed varn\u00fd syst\u00e9m, kter\u00fd se skl\u00e1d\u00e1 z v\u00e1lcov\u00e9 varn\u00e9 n\u00e1doby s \u0159adou trubek uvnit\u0159. Trubky jsou opat\u0159eny statick\u00fdmi sm\u011b\u0161ova\u010di, kter\u00e9 umo\u017e\u0148uj\u00ed rychl\u00e9 zah\u0159\u00e1t\u00ed hmoty, je\u017e je \u010derp\u00e1na trubkami.<\/p>\n<p><img decoding=\"async\" class=\"alignnone size-medium wp-image-2841\" src=\"https:\/\/cormac.eu\/wp-content\/uploads\/2022\/04\/Vomadiss-internal-2-300x153.jpg\" alt=\"\" width=\"300\" height=\"153\" srcset=\"https:\/\/cormac.eu\/wp-content\/uploads\/2022\/04\/Vomadiss-internal-2-300x153.jpg 300w, https:\/\/cormac.eu\/wp-content\/uploads\/2022\/04\/Vomadiss-internal-2.jpg 400w\" sizes=\"(max-width: 300px) 100vw, 300px\" \/><\/p>\n<p>Tento vyn\u00e1lez zkracuje dobu va\u0159en\u00ed na p\u0159ibli\u017en\u011b 30% obvykl\u00e9 doby va\u0159en\u00ed, \u010d\u00edm\u017e doch\u00e1z\u00ed k \u00faspor\u00e1m spot\u0159eby energie a n\u00e1klad\u016f. Pr\u016fm\u011brn\u00e1 doba va\u0159en\u00ed se pohybuje mezi 60 a 90 sekundami. Tato kr\u00e1tk\u00e1 doba setrv\u00e1n\u00ed p\u0159isp\u00edv\u00e1 k inverzi va\u0159en\u00e9ho produktu. To umo\u017e\u0148uje, aby se spolu s hmotou va\u0159ily i tepeln\u011b citliv\u00e9 p\u0159\u00edsady, jako je \u017eelatina. Vomadiss lze snadno otev\u0159\u00edt a vy\u010distit vodou a p\u00e1rou. To je velk\u00e1 v\u00fdhoda ve srovn\u00e1n\u00ed s jin\u00fdmi syst\u00e9my.<\/p>\n<p><img fetchpriority=\"high\" decoding=\"async\" class=\"alignnone  wp-image-2842\" src=\"https:\/\/cormac.eu\/wp-content\/uploads\/2022\/04\/Vomadiss-showing-static-mixers-3.jpg\" alt=\"\" width=\"267\" height=\"215\" \/><\/p>\n<p>Na p\u0159\u00edvodn\u00edm potrub\u00ed spor\u00e1ku byla provedena mimo\u0159\u00e1dn\u00e1 opat\u0159en\u00ed, aby v p\u0159\u00edpad\u011b p\u0159eru\u0161en\u00ed dod\u00e1vky elekt\u0159iny mohl b\u00fdt spor\u00e1k vyfouknut a nedo\u0161lo k jeho sp\u00e1len\u00ed. Vnit\u0159ek spor\u00e1ku lze snadno zkontrolovat sejmut\u00edm nerezov\u00fdch \u010deln\u00edch desek. Va\u0159i\u010d Vomadiss je vhodn\u00fd pro v\u011bt\u0161inu cukern\u00fdch v\u00fdrobk\u016f nebo cukern\u00fdch n\u00e1hra\u017eek a dod\u00e1v\u00e1 se s vakuovou komorou nebo bez n\u00ed v z\u00e1vislosti na v\u00fdrobku. Vakuov\u00e1 komora slou\u017e\u00ed k odv\u00e1d\u011bn\u00ed varn\u00fdch par pomoc\u00ed podtlaku. P\u00e1ry se kondenzuj\u00ed v kondenz\u00e1toru. Sou\u010dasn\u011b se va\u0159en\u00e1 hmota teplotn\u011b ochlazuje.<\/p>\n<p>&nbsp;<\/p>\n<table style=\"height: 578px\" width=\"634\">\n<tbody>\n<tr>\n<td width=\"182\">\u00a0<strong>Funkce<\/strong><\/td>\n<td width=\"182\">\u00a0<strong>V\u00fdhody<\/strong><\/td>\n<\/tr>\n<tr>\n<td>\u00a0namontovan\u00e9 na r\u00e1mu<\/td>\n<td>\n<ul>\n<li>kompaktn\u00ed<\/li>\n<li>snadn\u00e1 instalace<\/li>\n<\/ul>\n<\/td>\n<\/tr>\n<tr>\n<td>\u00a0\u0161roubovan\u00e1 bo\u010dn\u00ed deska<\/td>\n<td>\n<ul>\n<li>snadn\u00e9 otev\u00edr\u00e1n\u00ed<\/li>\n<li>extrakce statick\u00fdch m\u00edcha\u010dek<\/li>\n<li>snadn\u00e9 \u010di\u0161t\u011bn\u00ed<\/li>\n<\/ul>\n<\/td>\n<\/tr>\n<tr>\n<td>\u00a0trubky a statick\u00e9 sm\u011b\u0161ova\u010de<\/td>\n<td>\n<ul>\n<li>kr\u00e1tk\u00e9 doby va\u0159en\u00ed<\/li>\n<li>\u017e\u00e1dn\u00e9 p\u00e1len\u00ed v\u00fdrobk\u016f<\/li>\n<li>\u00faspory energie<\/li>\n<\/ul>\n<\/td>\n<\/tr>\n<tr>\n<td>\u00a0p\u0159ipojen\u00e1 vakuov\u00e1 komora<\/td>\n<td>\n<ul>\n<li>\u00fa\u010dinn\u00e9 ochlazov\u00e1n\u00ed hmoty<\/li>\n<li>rychl\u00e1 extrakce par<\/li>\n<li>exekuce tvrd\u00fdch a m\u011bkk\u00fdch cukrovinek<\/li>\n<\/ul>\n<\/td>\n<\/tr>\n<\/tbody>\n<\/table>","protected":false},"excerpt":{"rendered":"<p>Pr\u016fb\u011b\u017en\u00fd va\u0159i\u010d pro cukrovinky, jako jsou \u017eel\u00e9 a \u017ev\u00fdka\u010dky, marshmallows, \u017ev\u00fdkac\u00ed bonbony, l\u00e9ko\u0159ice, fond\u00e1n, nug\u00e1t, tvrd\u00e9 bonbony, v\u00fdrobky bez cukru.<\/p>","protected":false},"featured_media":2839,"comment_status":"open","ping_status":"closed","template":"","meta":{"uix_meta_title":"","uix_meta_description":"","uix_canonical_url":""},"product_brand":[],"product_cat":[104],"product_tag":[],"class_list":{"0":"post-2840","1":"product","2":"type-product","3":"status-publish","4":"has-post-thumbnail","6":"product_cat-processing","8":"first","9":"instock","10":"shipping-taxable","11":"product-type-simple"},"_links":{"self":[{"href":"https:\/\/cormac.eu\/cs\/wp-json\/wp\/v2\/product\/2840","targetHints":{"allow":["GET"]}}],"collection":[{"href":"https:\/\/cormac.eu\/cs\/wp-json\/wp\/v2\/product"}],"about":[{"href":"https:\/\/cormac.eu\/cs\/wp-json\/wp\/v2\/types\/product"}],"replies":[{"embeddable":true,"href":"https:\/\/cormac.eu\/cs\/wp-json\/wp\/v2\/comments?post=2840"}],"wp:featuredmedia":[{"embeddable":true,"href":"https:\/\/cormac.eu\/cs\/wp-json\/wp\/v2\/media\/2839"}],"wp:attachment":[{"href":"https:\/\/cormac.eu\/cs\/wp-json\/wp\/v2\/media?parent=2840"}],"wp:term":[{"taxonomy":"product_brand","embeddable":true,"href":"https:\/\/cormac.eu\/cs\/wp-json\/wp\/v2\/product_brand?post=2840"},{"taxonomy":"product_cat","embeddable":true,"href":"https:\/\/cormac.eu\/cs\/wp-json\/wp\/v2\/product_cat?post=2840"},{"taxonomy":"product_tag","embeddable":true,"href":"https:\/\/cormac.eu\/cs\/wp-json\/wp\/v2\/product_tag?post=2840"}],"curies":[{"name":"wp","href":"https:\/\/api.w.org\/{rel}","templated":true}]}}