{"id":2838,"date":"2022-04-24T09:00:12","date_gmt":"2022-04-24T07:00:12","guid":{"rendered":"https:\/\/cormac.eu\/?post_type=product&#038;p=2838"},"modified":"2022-04-24T09:00:22","modified_gmt":"2022-04-24T07:00:22","slug":"instalace-premixu","status":"publish","type":"product","link":"https:\/\/cormac.eu\/cs\/product\/premix-installlation\/","title":{"rendered":"Instalace premixu"},"content":{"rendered":"<p>Toto za\u0159\u00edzen\u00ed na p\u0159\u00edpravu premix\u016f se pou\u017e\u00edv\u00e1 k rozpou\u0161t\u011bn\u00ed a p\u0159edb\u011b\u017en\u00e9mu m\u00edch\u00e1n\u00ed p\u0159\u00edsad, jako je cukr, voda, gluk\u00f3za a dal\u0161\u00ed, za \u00fa\u010delem p\u0159\u00edpravy d\u00e1vky k va\u0159en\u00ed. Toto za\u0159\u00edzen\u00ed je kombinac\u00ed dvou m\u00edchac\u00edch n\u00e1dob. Prvn\u00ed a horn\u00ed z nich slou\u017e\u00ed jako premixer, kter\u00fd se obvykle pou\u017e\u00edv\u00e1 k rozpou\u0161t\u011bn\u00ed pevn\u00fdch slo\u017eek ve vod\u011b a k jejich postupn\u00e9mu (p\u0159ed)m\u00edch\u00e1n\u00ed s ostatn\u00edmi slo\u017ekami. Druh\u00e1 m\u00edcha\u010dka se pak pou\u017e\u00edv\u00e1 k dal\u0161\u00edmu m\u00edch\u00e1n\u00ed, tak\u017ee sm\u00edchan\u00e1 d\u00e1vka je nyn\u00ed p\u0159ipravena k va\u0159en\u00ed. M\u00edchac\u00ed n\u00e1doby jsou dvoust\u011bnn\u00e9 a proveden\u00e9 v mo\u0159sk\u00e9 oceli vhodn\u00e9 pro n\u00edzkotlakou p\u00e1ru o tlaku maxim\u00e1ln\u011b 3 bary. Jsou dod\u00e1v\u00e1ny s v\u00fdklopn\u00fdm v\u00edkem a dvourychlostn\u00edm mix\u00e9rem Speedmix o v\u00fdkonu 2,2-3 kW p\u0159i 1500-3000 ot\/min. Teplom\u011bry se montuj\u00ed skrz st\u011bnu, do dna se montuje ru\u010dn\u011b ovl\u00e1dan\u00e1 \u0161oup\u00e1tkov\u00e1 klapka s vypou\u0161t\u011bn\u00edm DN 40.* N\u00e1dr\u017ee jsou podep\u0159eny t\u0159emi nohami. N\u00e1doby s kr\u00e1tk\u00fdm potrub\u00edm jsou spojeny spojkami podle normy DIN 11851.<br \/>\nRozsah kapacity: od 1 000 do 5 000 kg\/hod.<\/p>\n<p>&nbsp;<\/p>\n<table style=\"height: 494px\" width=\"534\">\n<tbody>\n<tr>\n<td width=\"143\">\u00a0<strong>Funkce<\/strong><\/td>\n<td width=\"143\">\u00a0<strong>V\u00fdhody<\/strong><\/td>\n<\/tr>\n<tr>\n<td>Digit\u00e1ln\u00ed zat\u011b\u017eovac\u00ed bu\u0148ky IP 65<\/td>\n<td>\n<ul>\n<li>P\u0159esn\u00e9 objemy d\u00e1vek<\/li>\n<li>Kontrola hmotnosti<\/li>\n<\/ul>\n<\/td>\n<\/tr>\n<tr>\n<td>PLC Siemens S7<\/td>\n<td>\n<ul>\n<li>p\u0159esn\u00e9 \u0159\u00edzen\u00ed procesu<\/li>\n<li>Voln\u011b programovateln\u00e9<\/li>\n<\/ul>\n<\/td>\n<\/tr>\n<tr>\n<td>Proveden\u00ed z nerezov\u00e9 oceli<\/td>\n<td>\n<ul>\n<li>Hygenic<\/li>\n<li>Snadn\u00e9 \u010di\u0161t\u011bn\u00ed<\/li>\n<\/ul>\n<\/td>\n<\/tr>\n<tr>\n<td>Konstrukce v souladu s HACCP<\/td>\n<td>\n<ul>\n<li>Hygenic<\/li>\n<li>Bezpe\u010dn\u00e9<\/li>\n<\/ul>\n<\/td>\n<\/tr>\n<\/tbody>\n<\/table>\n<p>&nbsp;<\/p>","protected":false},"excerpt":{"rendered":"<p>Instalace p\u0159edm\u00edsen\u00ed pro rozpou\u0161t\u011bn\u00ed a p\u0159edm\u00edsen\u00ed p\u0159\u00edsad p\u0159ed va\u0159en\u00edm.<\/p>","protected":false},"featured_media":2837,"comment_status":"open","ping_status":"closed","template":"","meta":{"uix_meta_title":"","uix_meta_description":"","uix_canonical_url":""},"product_brand":[],"product_cat":[104],"product_tag":[],"class_list":{"0":"post-2838","1":"product","2":"type-product","3":"status-publish","4":"has-post-thumbnail","6":"product_cat-processing","8":"first","9":"instock","10":"shipping-taxable","11":"product-type-simple"},"_links":{"self":[{"href":"https:\/\/cormac.eu\/cs\/wp-json\/wp\/v2\/product\/2838","targetHints":{"allow":["GET"]}}],"collection":[{"href":"https:\/\/cormac.eu\/cs\/wp-json\/wp\/v2\/product"}],"about":[{"href":"https:\/\/cormac.eu\/cs\/wp-json\/wp\/v2\/types\/product"}],"replies":[{"embeddable":true,"href":"https:\/\/cormac.eu\/cs\/wp-json\/wp\/v2\/comments?post=2838"}],"wp:featuredmedia":[{"embeddable":true,"href":"https:\/\/cormac.eu\/cs\/wp-json\/wp\/v2\/media\/2837"}],"wp:attachment":[{"href":"https:\/\/cormac.eu\/cs\/wp-json\/wp\/v2\/media?parent=2838"}],"wp:term":[{"taxonomy":"product_brand","embeddable":true,"href":"https:\/\/cormac.eu\/cs\/wp-json\/wp\/v2\/product_brand?post=2838"},{"taxonomy":"product_cat","embeddable":true,"href":"https:\/\/cormac.eu\/cs\/wp-json\/wp\/v2\/product_cat?post=2838"},{"taxonomy":"product_tag","embeddable":true,"href":"https:\/\/cormac.eu\/cs\/wp-json\/wp\/v2\/product_tag?post=2838"}],"curies":[{"name":"wp","href":"https:\/\/api.w.org\/{rel}","templated":true}]}}