{"id":2804,"date":"2022-04-22T15:56:07","date_gmt":"2022-04-22T13:56:07","guid":{"rendered":"https:\/\/cormac.eu\/?post_type=product&#038;p=2804"},"modified":"2022-05-31T17:58:00","modified_gmt":"2022-05-31T15:58:00","slug":"sponge-cake-waffle-cake-combo","status":"publish","type":"product","link":"https:\/\/cormac.eu\/cs\/product\/sponge-cake-waffle-cake-combo\/","title":{"rendered":"Sponge cake \/ waffle cake combo"},"content":{"rendered":"<p>Built on skid installation for the continuous preparation, aeration and mixing of sponge cake or waffle cake batter.<\/p>\n<p>&nbsp;<\/p>\n<p><img decoding=\"async\" class=\"alignnone wp-image-2805\" src=\"https:\/\/cormac.eu\/wp-content\/uploads\/2022\/04\/sponge-cake-300x273.jpg\" alt=\"\" width=\"216\" height=\"195\" \/>\u00a0 \u00a0 <img fetchpriority=\"high\" decoding=\"async\" class=\"alignnone size-medium wp-image-2806\" src=\"https:\/\/cormac.eu\/wp-content\/uploads\/2022\/04\/Waffle-cake-300x200.webp\" alt=\"\" width=\"300\" height=\"200\" srcset=\"https:\/\/cormac.eu\/wp-content\/uploads\/2022\/04\/Waffle-cake-300x200.webp 300w, https:\/\/cormac.eu\/wp-content\/uploads\/2022\/04\/Waffle-cake-768x512.webp 768w, https:\/\/cormac.eu\/wp-content\/uploads\/2022\/04\/Waffle-cake-600x400.webp 600w, https:\/\/cormac.eu\/wp-content\/uploads\/2022\/04\/Waffle-cake.webp 1024w\" sizes=\"(max-width: 300px) 100vw, 300px\" \/><\/p>\n<p>&nbsp;<\/p>\n<ul>\n<li>closed, hygienic production of sponge cake<\/li>\n<li>Jacketed premixer and tanks possible for cooling the batter<\/li>\n<li>cooling unit included<\/li>\n<\/ul>\n<table style=\"height: 400px;\" width=\"552\">\n<tbody>\n<tr>\n<td width=\"197\">\u00a0<strong>Funkce<\/strong><\/td>\n<td width=\"197\">\u00a0<strong>V\u00fdhody<\/strong><\/td>\n<\/tr>\n<tr>\n<td>PLC controlled (also the premixers)<\/td>\n<td>\n<ul>\n<li>process conrol<\/li>\n<li>skladov\u00e1n\u00ed recept\u016f<\/li>\n<li>snadn\u00e9 ovl\u00e1d\u00e1n\u00ed<\/li>\n<\/ul>\n<\/td>\n<\/tr>\n<tr>\n<td>Proveden\u00ed z nerezov\u00e9 oceli<\/td>\n<td>\n<ul>\n<li>hygiena<\/li>\n<li>snadn\u00e9 \u010di\u0161t\u011bn\u00ed<\/li>\n<\/ul>\n<\/td>\n<\/tr>\n<tr>\n<td>M\u00edchac\u00ed hlava s pl\u00e1\u0161t\u011bm<\/td>\n<td>\n<ul>\n<li>regulace teploty<\/li>\n<\/ul>\n<\/td>\n<\/tr>\n<tr>\n<td>CIP pumps<\/td>\n<td>\n<ul>\n<li>snadn\u00e9 \u010di\u0161t\u011bn\u00ed<\/li>\n<\/ul>\n<p>&nbsp;<\/td>\n<\/tr>\n<\/tbody>\n<\/table>","protected":false},"excerpt":{"rendered":"<p>Compact machine combo for the preparation of batter for sponge cake or waffle cakes.<\/p>","protected":false},"featured_media":2803,"comment_status":"open","ping_status":"closed","template":"","meta":{"uix_meta_title":"","uix_meta_description":"","uix_canonical_url":""},"product_brand":[],"product_cat":[104],"product_tag":[],"class_list":{"0":"post-2804","1":"product","2":"type-product","3":"status-publish","4":"has-post-thumbnail","6":"product_cat-processing","8":"first","9":"instock","10":"shipping-taxable","11":"product-type-simple"},"_links":{"self":[{"href":"https:\/\/cormac.eu\/cs\/wp-json\/wp\/v2\/product\/2804","targetHints":{"allow":["GET"]}}],"collection":[{"href":"https:\/\/cormac.eu\/cs\/wp-json\/wp\/v2\/product"}],"about":[{"href":"https:\/\/cormac.eu\/cs\/wp-json\/wp\/v2\/types\/product"}],"replies":[{"embeddable":true,"href":"https:\/\/cormac.eu\/cs\/wp-json\/wp\/v2\/comments?post=2804"}],"wp:featuredmedia":[{"embeddable":true,"href":"https:\/\/cormac.eu\/cs\/wp-json\/wp\/v2\/media\/2803"}],"wp:attachment":[{"href":"https:\/\/cormac.eu\/cs\/wp-json\/wp\/v2\/media?parent=2804"}],"wp:term":[{"taxonomy":"product_brand","embeddable":true,"href":"https:\/\/cormac.eu\/cs\/wp-json\/wp\/v2\/product_brand?post=2804"},{"taxonomy":"product_cat","embeddable":true,"href":"https:\/\/cormac.eu\/cs\/wp-json\/wp\/v2\/product_cat?post=2804"},{"taxonomy":"product_tag","embeddable":true,"href":"https:\/\/cormac.eu\/cs\/wp-json\/wp\/v2\/product_tag?post=2804"}],"curies":[{"name":"wp","href":"https:\/\/api.w.org\/{rel}","templated":true}]}}