{"id":2793,"date":"2022-04-22T11:37:24","date_gmt":"2022-04-22T09:37:24","guid":{"rendered":"https:\/\/cormac.eu\/?post_type=product&#038;p=2793"},"modified":"2022-05-30T16:29:02","modified_gmt":"2022-05-30T14:29:02","slug":"kontinualni-mixer","status":"publish","type":"product","link":"https:\/\/cormac.eu\/cs\/product\/continuous-blender\/","title":{"rendered":"Kontinu\u00e1ln\u00ed mix\u00e9r"},"content":{"rendered":"<p>Nov\u00fd m\u00edchac\u00ed stroj Trefa umo\u017e\u0148uje kontinu\u00e1ln\u00ed in-line m\u00edch\u00e1n\u00ed n\u011bkolika slo\u017eek. Jedine\u010dnou vlastnost\u00ed tohoto stroje je, \u017ee m\u00edch\u00e1n\u00ed\/sm\u011b\u0161ov\u00e1n\u00ed prob\u00edh\u00e1 s minim\u00e1ln\u00edm smykem a bez rizika ucp\u00e1n\u00ed nebo po\u0161kozen\u00ed p\u0159\u00edsad \u010di po\u0161kozen\u00ed jemn\u00e9 struktury p\u011bnov\u00fdch bun\u011bk.V p\u0159\u00edpad\u011b p\u0159ipojen\u00ed za kontinu\u00e1ln\u00ed p\u011bnovac\u00ed stroj Trefa lze tuto p\u011bnu nebo p\u011bnu kontinu\u00e1ln\u011b sm\u00edchat s jinou p\u011bnou\/p\u011bnou nebo s pevn\u00fdmi \u010d\u00e1sticemi r\u016fzn\u00fdch velikost\u00ed, jako jsou kousky (such\u00e9ho) ovoce, \u010dokol\u00e1dy, o\u0159ech\u016f, rozinek atd. Ve speci\u00e1ln\u011b navr\u017een\u00e9 m\u00edchac\u00ed hlav\u011b jsou p\u0159\u00edsady pe\u010dliv\u011b prom\u00edch\u00e1ny bez rizika po\u0161kozen\u00ed p\u0159\u00edsad nebo jemn\u00e9 struktury p\u011bny, co\u017e vede k velmi stabiln\u00edmu a homogenn\u00edmu kone\u010dn\u00e9mu produktu. B\u011bhem tohoto procesu lze m\u00edchac\u00ed hlavu v p\u0159\u00edpad\u011b pot\u0159eby chladit nebo zah\u0159\u00edvat. Tento stroj m\u016f\u017ee b\u00fdt vybaven vst\u0159ikovac\u00ed jednotkou pro vst\u0159ikov\u00e1n\u00ed aromat a\/nebo barvy. Tento stroj je samoz\u0159ejm\u011b navr\u017een a vyroben s ohledem na hygienick\u00e9 pou\u017eit\u00ed, proto je cel\u00fd vyroben z nerezov\u00e9 oceli a lze jej \u010distit in-line nebo p\u0159ipojit k syst\u00e9mu CIP (Cleaning In Place).<\/p>\n<p>&nbsp;<\/p>\n<p><img fetchpriority=\"high\" decoding=\"async\" class=\"alignnone size-medium wp-image-2796\" src=\"https:\/\/cormac.eu\/wp-content\/uploads\/2022\/04\/mixing-ingredients-into-batter-300x217.jpg\" alt=\"\" width=\"300\" height=\"217\" srcset=\"https:\/\/cormac.eu\/wp-content\/uploads\/2022\/04\/mixing-ingredients-into-batter-300x217.jpg 300w, https:\/\/cormac.eu\/wp-content\/uploads\/2022\/04\/mixing-ingredients-into-batter.jpg 406w\" sizes=\"(max-width: 300px) 100vw, 300px\" \/><\/p>\n<p>&nbsp;<\/p>\n<table style=\"height: 351px;\" width=\"587\">\n<tbody>\n<tr>\n<td width=\"197\">\u00a0<strong>Funkce<\/strong><\/td>\n<td width=\"197\">\u00a0<strong>V\u00fdhody<\/strong><\/td>\n<\/tr>\n<tr>\n<td>Speci\u00e1ln\u00ed konstrukce sm\u011b\u0161ovac\u00ed hlavy<\/td>\n<td>\n<ul>\n<li>n\u00edzk\u00fd smyk<\/li>\n<li>nepo\u0161kozuje jemn\u00e9 p\u011bnov\u00e9 struktury<\/li>\n<li>\u017e\u00e1dn\u00e9 po\u0161kozen\u00ed slo\u017eek<\/li>\n<\/ul>\n<\/td>\n<\/tr>\n<tr>\n<td>Proveden\u00ed z nerezov\u00e9 oceli<\/td>\n<td>\n<ul>\n<li>hygiena<\/li>\n<li>snadn\u00e9 \u010di\u0161t\u011bn\u00ed<\/li>\n<\/ul>\n<\/td>\n<\/tr>\n<tr>\n<td>M\u00edchac\u00ed hlava s pl\u00e1\u0161t\u011bm<\/td>\n<td>\n<ul>\n<li>regulace teploty<\/li>\n<\/ul>\n<\/td>\n<\/tr>\n<\/tbody>\n<\/table>\n<p>&nbsp;<\/p>","protected":false},"excerpt":{"rendered":"<p>Stroj na m\u00edch\u00e1n\u00ed (provzdu\u0161n\u011bn\u00fdch) p\u011bn s jin\u00fdmi hmotami nebo p\u0159\u00edsadami, jako jsou ovocn\u00e9 \u010d\u00e1stice, o\u0159echy, \u010dokol\u00e1dov\u00e9 lup\u00ednky, rozinky atd. Kapacita se pohybuje od 25 kg\/hod. do 7 500 kg\/hod.<\/p>","protected":false},"featured_media":2794,"comment_status":"open","ping_status":"closed","template":"","meta":{"uix_meta_title":"","uix_meta_description":"","uix_canonical_url":""},"product_brand":[],"product_cat":[104],"product_tag":[],"class_list":{"0":"post-2793","1":"product","2":"type-product","3":"status-publish","4":"has-post-thumbnail","6":"product_cat-processing","8":"first","9":"instock","10":"shipping-taxable","11":"product-type-simple"},"_links":{"self":[{"href":"https:\/\/cormac.eu\/cs\/wp-json\/wp\/v2\/product\/2793","targetHints":{"allow":["GET"]}}],"collection":[{"href":"https:\/\/cormac.eu\/cs\/wp-json\/wp\/v2\/product"}],"about":[{"href":"https:\/\/cormac.eu\/cs\/wp-json\/wp\/v2\/types\/product"}],"replies":[{"embeddable":true,"href":"https:\/\/cormac.eu\/cs\/wp-json\/wp\/v2\/comments?post=2793"}],"wp:featuredmedia":[{"embeddable":true,"href":"https:\/\/cormac.eu\/cs\/wp-json\/wp\/v2\/media\/2794"}],"wp:attachment":[{"href":"https:\/\/cormac.eu\/cs\/wp-json\/wp\/v2\/media?parent=2793"}],"wp:term":[{"taxonomy":"product_brand","embeddable":true,"href":"https:\/\/cormac.eu\/cs\/wp-json\/wp\/v2\/product_brand?post=2793"},{"taxonomy":"product_cat","embeddable":true,"href":"https:\/\/cormac.eu\/cs\/wp-json\/wp\/v2\/product_cat?post=2793"},{"taxonomy":"product_tag","embeddable":true,"href":"https:\/\/cormac.eu\/cs\/wp-json\/wp\/v2\/product_tag?post=2793"}],"curies":[{"name":"wp","href":"https:\/\/api.w.org\/{rel}","templated":true}]}}