{"id":2790,"date":"2022-04-22T11:31:49","date_gmt":"2022-04-22T09:31:49","guid":{"rendered":"https:\/\/cormac.eu\/?post_type=product&#038;p=2790"},"modified":"2022-06-07T18:35:43","modified_gmt":"2022-06-07T16:35:43","slug":"vyrovnavaci-nadrz","status":"publish","type":"product","link":"https:\/\/cormac.eu\/cs\/product\/buffer-tank\/","title":{"rendered":"Vyrovn\u00e1vac\u00ed n\u00e1dr\u017e"},"content":{"rendered":"<p>Vyrovn\u00e1vac\u00ed n\u00e1dr\u017e jako sou\u010d\u00e1st v\u00fdrobn\u00ed linky, m\u016f\u017ee b\u00fdt provedena jako jednost\u011bnn\u00e1 nebo dvoust\u011bnn\u00e1, izolovan\u00e1, s m\u00edchadlem nebo bez m\u00edchadla, s v\u00fdpust\u00ed pro produkt s n\u00edzkou nebo vysokou viskozitou. Voliteln\u011b lze k vyrovn\u00e1vac\u00ed n\u00e1dr\u017ei dodat vhodn\u00e9 \u010derpadlo. N\u00e1dr\u017e bude samoz\u0159ejm\u011b mo\u017en\u00e9 p\u0159ipravit bu\u010f pro ru\u010dn\u00ed \u010di\u0161t\u011bn\u00ed, nebo pro p\u0159ipojen\u00ed k syst\u00e9mu CIP.<\/p>\n<p>&nbsp;<\/p>\n<table style=\"height: 269px\" width=\"509\">\n<tbody>\n<tr>\n<td width=\"143\">\n<p style=\"text-align: center\">\u00a0<strong>Funkce<\/strong><\/p>\n<\/td>\n<td width=\"143\">\n<p style=\"text-align: center\">\u00a0<strong>V\u00fdhody<\/strong><\/p>\n<\/td>\n<\/tr>\n<tr>\n<td>Proveden\u00ed z nerezov\u00e9 oceli<\/td>\n<td>\n<ul>\n<li>Hygienick\u00e9<\/li>\n<li>Snadn\u00e9 \u010di\u0161t\u011bn\u00ed<\/li>\n<\/ul>\n<\/td>\n<\/tr>\n<tr>\n<td>Odoln\u00e1 konstrukce<\/td>\n<td>\n<ul>\n<li>Dlouh\u00e1 \u017eivotnost<\/li>\n<li>provoz v t\u011b\u017ek\u00fdch podm\u00ednk\u00e1ch<\/li>\n<\/ul>\n<\/td>\n<\/tr>\n<\/tbody>\n<\/table>","protected":false},"excerpt":{"rendered":"<p>Vyrovn\u00e1vac\u00ed n\u00e1dr\u017e pro za\u010dlen\u011bn\u00ed do v\u00fdrobn\u00edho procesu.<\/p>","protected":false},"featured_media":2791,"comment_status":"open","ping_status":"closed","template":"","meta":{"uix_meta_title":"","uix_meta_description":"","uix_canonical_url":""},"product_brand":[],"product_cat":[104],"product_tag":[],"class_list":{"0":"post-2790","1":"product","2":"type-product","3":"status-publish","4":"has-post-thumbnail","6":"product_cat-processing","8":"first","9":"instock","10":"shipping-taxable","11":"product-type-simple"},"_links":{"self":[{"href":"https:\/\/cormac.eu\/cs\/wp-json\/wp\/v2\/product\/2790","targetHints":{"allow":["GET"]}}],"collection":[{"href":"https:\/\/cormac.eu\/cs\/wp-json\/wp\/v2\/product"}],"about":[{"href":"https:\/\/cormac.eu\/cs\/wp-json\/wp\/v2\/types\/product"}],"replies":[{"embeddable":true,"href":"https:\/\/cormac.eu\/cs\/wp-json\/wp\/v2\/comments?post=2790"}],"wp:featuredmedia":[{"embeddable":true,"href":"https:\/\/cormac.eu\/cs\/wp-json\/wp\/v2\/media\/2791"}],"wp:attachment":[{"href":"https:\/\/cormac.eu\/cs\/wp-json\/wp\/v2\/media?parent=2790"}],"wp:term":[{"taxonomy":"product_brand","embeddable":true,"href":"https:\/\/cormac.eu\/cs\/wp-json\/wp\/v2\/product_brand?post=2790"},{"taxonomy":"product_cat","embeddable":true,"href":"https:\/\/cormac.eu\/cs\/wp-json\/wp\/v2\/product_cat?post=2790"},{"taxonomy":"product_tag","embeddable":true,"href":"https:\/\/cormac.eu\/cs\/wp-json\/wp\/v2\/product_tag?post=2790"}],"curies":[{"name":"wp","href":"https:\/\/api.w.org\/{rel}","templated":true}]}}