{"id":2736,"date":"2022-04-21T21:04:04","date_gmt":"2022-04-21T19:04:04","guid":{"rendered":"https:\/\/cormac.eu\/?post_type=product&#038;p=2736"},"modified":"2022-04-21T21:16:11","modified_gmt":"2022-04-21T19:16:11","slug":"run-universal-wrapping-machine","status":"publish","type":"product","link":"https:\/\/cormac.eu\/cs\/product\/run-universal-wrapping-machine\/","title":{"rendered":"Universal wrapping machine RUN"},"content":{"rendered":"<p><strong>Popis: <\/strong>Universal wrapping machine for various products, such as products with flat bottom, eggs, balls, barrels and hollow figures in diverse wrapping styles. This machine is a further development of the proven RU machine\u2019s with the difference that it\u2019s components are bundled in modules, the speed is higher and due to the latter usually this machine is delived with an automatic feeding system. Weight approx. 1700 kg; Power 3kVA.<\/p>\n<p><strong>\u00a0<\/strong><strong>Styl balen\u00ed<\/strong>: bunch wrap, double twist, string attachment; foot gluing attachment, \u00a0labeling, heat sealing, front folding, back folding, bottom folding seam, figure foiling, twisted string, string with adhesive tape.<\/p>\n<p><strong>Rozsah kapacity:<\/strong> up to 150 ppm , depending on shape and regularity<\/p>\n<p><img decoding=\"async\" class=\"alignnone size-medium wp-image-2732\" src=\"https:\/\/cormac.eu\/wp-content\/uploads\/2022\/04\/Products-Knipsel-300x157.jpg\" alt=\"\" width=\"300\" height=\"157\" srcset=\"https:\/\/cormac.eu\/wp-content\/uploads\/2022\/04\/Products-Knipsel-300x157.jpg 300w, https:\/\/cormac.eu\/wp-content\/uploads\/2022\/04\/Products-Knipsel.jpg 414w\" sizes=\"(max-width: 300px) 100vw, 300px\" \/><\/p>\n<p>&nbsp;<\/p>\n<table>\n<tbody>\n<tr>\n<td width=\"293\"><strong>Funkce (n\u011bkter\u00e9 voliteln\u00e9)<\/strong><\/td>\n<td width=\"293\"><strong>V\u00fdhody<\/strong><\/td>\n<\/tr>\n<tr>\n<td width=\"293\">\u0158\u00eddic\u00ed hlava registru<\/td>\n<td width=\"293\">\n<ul>\n<li>Pln\u00e9 ovl\u00e1d\u00e1n\u00ed funkc\u00ed stroje<\/li>\n<\/ul>\n<\/td>\n<\/tr>\n<tr>\n<td width=\"293\">Uzav\u0159en\u00e1 p\u0159evodovka s centr\u00e1ln\u00edm mazac\u00edm syst\u00e9mem a st\u00e1lou filtrac\u00ed oleje<\/td>\n<td width=\"293\">\n<ul>\n<li>Prevence kontaminace olejem<\/li>\n<li>nen\u00e1ro\u010dn\u00e1 \u00fadr\u017eba<\/li>\n<\/ul>\n<\/td>\n<\/tr>\n<tr>\n<td width=\"293\">Plynul\u00e1 regulace ot\u00e1\u010dek s frekven\u010dn\u00edm m\u011bni\u010dem<\/td>\n<td width=\"293\">\n<ul>\n<li>Dokonal\u00e1 regulace rychlosti<\/li>\n<\/ul>\n<\/td>\n<\/tr>\n<tr>\n<td width=\"293\">P\u0159eprava p\u0159i propu\u0161t\u011bn\u00ed<\/td>\n<td width=\"293\">\n<ul>\n<li>\u0158\u00edzen\u00e9 vypou\u0161t\u011bn\u00ed v\u00fdrobk\u016f<\/li>\n<\/ul>\n<\/td>\n<\/tr>\n<tr>\n<td width=\"293\">Pod\u00e1vac\u00ed p\u00e1s a automatick\u00e9 pod\u00e1vac\u00ed syst\u00e9my<\/td>\n<td width=\"293\">\n<ul>\n<li>Vy\u0161\u0161\u00ed \u00fa\u010dinnost<\/li>\n<\/ul>\n<\/td>\n<\/tr>\n<tr>\n<td width=\"293\">Kontrola fotobun\u011bk<\/td>\n<td width=\"293\">\n<ul>\n<li>\u0158\u00edzen\u00ed polohy tisku<\/li>\n<\/ul>\n<\/td>\n<\/tr>\n<tr>\n<td width=\"293\">Po\u010d\u00edtadlo kus\u016f a takt\u016f<\/td>\n<td width=\"293\">\n<ul>\n<li>Accurate output measurement<\/li>\n<\/ul>\n<\/td>\n<\/tr>\n<tr>\n<td width=\"293\">Snadno p\u0159\u00edstupn\u00e9 form\u00e1tovac\u00ed d\u00edly , vstupn\u00ed, skl\u00e1dac\u00ed a v\u00fdstupn\u00ed d\u00edly.<\/td>\n<td width=\"293\">\n<ul>\n<li>Rychl\u00fd p\u0159echod na nov\u00fd syst\u00e9m<\/li>\n<li>Snadn\u00e1 \u00fadr\u017eba<\/li>\n<\/ul>\n<\/td>\n<\/tr>\n<tr>\n<td width=\"293\">Automatick\u00e9 zastaven\u00ed pod\u00e1v\u00e1n\u00ed f\u00f3lie<\/td>\n<td width=\"293\">\n<ul>\n<li>\u017d\u00e1dn\u00fd v\u00fdrobek - \u017e\u00e1dn\u00fd obal<\/li>\n<li>P\u0159edch\u00e1zen\u00ed zaseknut\u00ed f\u00f3lie<\/li>\n<\/ul>\n<\/td>\n<\/tr>\n<tr>\n<td width=\"293\">Druh\u00e9 odv\u00edjec\u00ed za\u0159\u00edzen\u00ed f\u00f3lie<\/td>\n<td width=\"293\">\n<ul>\n<li>Pou\u017eit\u00ed vnit\u0159n\u00edho a vn\u011bj\u0161\u00edho obalov\u00e9ho materi\u00e1lu<\/li>\n<\/ul>\n<\/td>\n<\/tr>\n<tr>\n<td width=\"293\">Spl\u00e9tac\u00ed jednotka<\/td>\n<td width=\"293\">\n<ul>\n<li>Automatick\u00e1 v\u00fdm\u011bna c\u00edvky pro vy\u0161\u0161\u00ed \u00fa\u010dinnost<\/li>\n<\/ul>\n<\/td>\n<\/tr>\n<tr>\n<td width=\"293\">Rozv\u00e1d\u011b\u010d s SPS<\/td>\n<td width=\"293\">\n<ul>\n<li>Vynikaj\u00edc\u00ed centr\u00e1ln\u00ed \u0159\u00edzen\u00ed stroje<\/li>\n<\/ul>\n<\/td>\n<\/tr>\n<\/tbody>\n<\/table>\n<p>&nbsp;<\/p>\n<table>\n<tbody>\n<tr>\n<td colspan=\"4\" width=\"585\">\n<p style=\"text-align: center\"><strong>Packaging material dimensions<\/strong><\/p>\n<\/td>\n<\/tr>\n<tr>\n<td width=\"146\">\n<p style=\"text-align: center\">\u0160\u00ed\u0159ka<\/p>\n<\/td>\n<td style=\"text-align: center\" width=\"146\">D\u00e9lka od\u0159\u00edznut\u00ed<\/td>\n<td style=\"text-align: center\" width=\"146\">\u00d8 kotou\u010de<\/td>\n<td style=\"text-align: center\" width=\"146\">J\u00e1dro \u00d8<\/td>\n<\/tr>\n<tr>\n<td style=\"text-align: center\" width=\"146\">40 \u2013 100 mm<\/td>\n<td style=\"text-align: center\" width=\"146\">40 \u2013 100 mm<\/td>\n<td style=\"text-align: center\" width=\"146\">250 mm<\/td>\n<td width=\"146\">\n<p style=\"text-align: center\">35 \u2013 78 mm<\/p>\n<\/td>\n<\/tr>\n<\/tbody>\n<\/table>\n<p>&nbsp;<\/p>","protected":false},"excerpt":{"rendered":"<p>Universal wrapping machine for a wide range of chocolate products and some bakery products<\/p>","protected":false},"featured_media":2735,"comment_status":"open","ping_status":"closed","template":"","meta":{"uix_meta_title":"","uix_meta_description":"","uix_canonical_url":""},"product_brand":[],"product_cat":[105],"product_tag":[],"class_list":{"0":"post-2736","1":"product","2":"type-product","3":"status-publish","4":"has-post-thumbnail","6":"product_cat-packaging","8":"first","9":"instock","10":"shipping-taxable","11":"product-type-simple"},"_links":{"self":[{"href":"https:\/\/cormac.eu\/cs\/wp-json\/wp\/v2\/product\/2736","targetHints":{"allow":["GET"]}}],"collection":[{"href":"https:\/\/cormac.eu\/cs\/wp-json\/wp\/v2\/product"}],"about":[{"href":"https:\/\/cormac.eu\/cs\/wp-json\/wp\/v2\/types\/product"}],"replies":[{"embeddable":true,"href":"https:\/\/cormac.eu\/cs\/wp-json\/wp\/v2\/comments?post=2736"}],"wp:featuredmedia":[{"embeddable":true,"href":"https:\/\/cormac.eu\/cs\/wp-json\/wp\/v2\/media\/2735"}],"wp:attachment":[{"href":"https:\/\/cormac.eu\/cs\/wp-json\/wp\/v2\/media?parent=2736"}],"wp:term":[{"taxonomy":"product_brand","embeddable":true,"href":"https:\/\/cormac.eu\/cs\/wp-json\/wp\/v2\/product_brand?post=2736"},{"taxonomy":"product_cat","embeddable":true,"href":"https:\/\/cormac.eu\/cs\/wp-json\/wp\/v2\/product_cat?post=2736"},{"taxonomy":"product_tag","embeddable":true,"href":"https:\/\/cormac.eu\/cs\/wp-json\/wp\/v2\/product_tag?post=2736"}],"curies":[{"name":"wp","href":"https:\/\/api.w.org\/{rel}","templated":true}]}}