{"id":2734,"date":"2022-04-21T20:24:05","date_gmt":"2022-04-21T18:24:05","guid":{"rendered":"https:\/\/cormac.eu\/?post_type=product&#038;p=2734"},"modified":"2022-06-20T12:06:20","modified_gmt":"2022-06-20T10:06:20","slug":"ru-univerzalni-balici-stroj","status":"publish","type":"product","link":"https:\/\/cormac.eu\/cs\/product\/ru-universal-wrapping-machine\/","title":{"rendered":"Univerz\u00e1ln\u00ed balic\u00ed stroj RU"},"content":{"rendered":"<p>Univerz\u00e1ln\u00ed balic\u00ed stroj pro \u0161irokou \u0161k\u00e1lu v\u00fdrobk\u016f, jako jsou v\u00fdrobky s ploch\u00fdm dnem, vaj\u00ed\u010dka, kuli\u010dky, soudky, dut\u00e9 figurky, \u010dokol\u00e1dov\u00e1 l\u00edz\u00e1tka s ploch\u00fdm dnem, mal\u00e9 ty\u010dinky, lan\u00fd\u017ee atd., v r\u016fzn\u00fdch stylech balen\u00ed. Na p\u0159\u00e1n\u00ed lze tento stroj vybavit etiketovac\u00edm p\u0159\u00edstrojem.  Rozsah kapacity: A\u017e 120 kus\u016f za minutu. Hmotnost cca 1400 kg; v\u00fdkon 3 kVA;<\/p>\n<p><strong>Styl balen\u00ed<\/strong>: svazkov\u00fd obal, dvojit\u00fd twist, \u0161t\u00edtkov\u00e1n\u00ed, tepeln\u00e9 zatavov\u00e1n\u00ed , banderola, p\u0159edn\u00ed skl\u00e1d\u00e1n\u00ed, p\u0159edn\u00ed skl\u00e1d\u00e1n\u00ed s vyhlazovac\u00edm za\u0159\u00edzen\u00edm, zadn\u00ed \u0161ev, figur\u00e1ln\u00ed f\u00f3lie , de\u0161tn\u00edk tepeln\u011b zataven\u00fd, figur\u00e1ln\u00ed f\u00f3lie tepeln\u011b zataven\u00e1 , kroucen\u00fd prov\u00e1zek, prov\u00e1zek s lepic\u00ed p\u00e1skou, ob\u00e1lkov\u00fd obal, dvojit\u00fd nebo jednoduch\u00fd twist obal, banderola atd.<\/p>\n<p><img fetchpriority=\"high\" decoding=\"async\" class=\"alignnone wp-image-2732\" src=\"https:\/\/cormac.eu\/wp-content\/uploads\/2022\/04\/Products-Knipsel-300x157.jpg\" alt=\"\" width=\"334\" height=\"176\" srcset=\"https:\/\/cormac.eu\/wp-content\/uploads\/2022\/04\/Products-Knipsel-300x157.jpg 300w, https:\/\/cormac.eu\/wp-content\/uploads\/2022\/04\/Products-Knipsel.jpg 414w\" sizes=\"(max-width: 334px) 100vw, 334px\" \/><\/p>\n<p>&nbsp;<\/p>\n<table>\n<tbody>\n<tr>\n<td width=\"293\"><strong>Funkce (n\u011bkter\u00e9 voliteln\u00e9)<\/strong><\/td>\n<td width=\"293\"><strong>V\u00fdhody<\/strong><\/td>\n<\/tr>\n<tr>\n<td width=\"293\">\u0158\u00eddic\u00ed hlava registru<\/td>\n<td width=\"293\">\n<ul>\n<li>Pln\u00e9 ovl\u00e1d\u00e1n\u00ed funkc\u00ed stroje<\/li>\n<\/ul>\n<\/td>\n<\/tr>\n<tr>\n<td width=\"293\">Uzav\u0159en\u00e1 p\u0159evodovka s centr\u00e1ln\u00edm mazac\u00edm syst\u00e9mem a st\u00e1lou filtrac\u00ed oleje<\/td>\n<td width=\"293\">\n<ul>\n<li>Prevence kontaminace olejem<\/li>\n<li>nen\u00e1ro\u010dn\u00e1 \u00fadr\u017eba<\/li>\n<\/ul>\n<\/td>\n<\/tr>\n<tr>\n<td width=\"293\">Plynul\u00e1 regulace ot\u00e1\u010dek s frekven\u010dn\u00edm m\u011bni\u010dem<\/td>\n<td width=\"293\">\n<ul>\n<li>Dokonal\u00e1 regulace rychlosti<\/li>\n<\/ul>\n<\/td>\n<\/tr>\n<tr>\n<td width=\"293\">P\u0159eprava p\u0159i propu\u0161t\u011bn\u00ed<\/td>\n<td width=\"293\">\n<ul>\n<li>\u0158\u00edzen\u00e9 vypou\u0161t\u011bn\u00ed v\u00fdrobk\u016f<\/li>\n<\/ul>\n<\/td>\n<\/tr>\n<tr>\n<td width=\"293\">Pod\u00e1vac\u00ed p\u00e1s a automatick\u00e9 pod\u00e1vac\u00ed syst\u00e9my<\/td>\n<td width=\"293\">\n<ul>\n<li>Vy\u0161\u0161\u00ed \u00fa\u010dinnost<\/li>\n<\/ul>\n<\/td>\n<\/tr>\n<tr>\n<td width=\"293\">Kontrola fotobun\u011bk<\/td>\n<td width=\"293\">\n<ul>\n<li>\u0158\u00edzen\u00ed polohy tisku<\/li>\n<\/ul>\n<\/td>\n<\/tr>\n<tr>\n<td width=\"293\">Po\u010d\u00edtadlo kus\u016f a takt\u016f<\/td>\n<td width=\"293\">\n<ul>\n<li>P\u0159esn\u00e9 m\u011b\u0159en\u00ed produktu<\/li>\n<\/ul>\n<\/td>\n<\/tr>\n<tr>\n<td width=\"293\">Snadno p\u0159\u00edstupn\u00e9 form\u00e1tovac\u00ed d\u00edly , vstupn\u00ed, skl\u00e1dac\u00ed a v\u00fdstupn\u00ed d\u00edly.<\/td>\n<td width=\"293\">\n<ul>\n<li>Rychl\u00fd p\u0159echod na nov\u00fd syst\u00e9m<\/li>\n<li>Snadn\u00e1 \u00fadr\u017eba<\/li>\n<\/ul>\n<\/td>\n<\/tr>\n<tr>\n<td width=\"293\">Automatick\u00e9 zastaven\u00ed pod\u00e1v\u00e1n\u00ed f\u00f3lie<\/td>\n<td width=\"293\">\n<ul>\n<li>\u017d\u00e1dn\u00fd v\u00fdrobek - \u017e\u00e1dn\u00fd obal<\/li>\n<li>P\u0159edch\u00e1zen\u00ed zaseknut\u00ed f\u00f3lie<\/li>\n<\/ul>\n<\/td>\n<\/tr>\n<tr>\n<td width=\"293\">Druh\u00e9 odv\u00edjec\u00ed za\u0159\u00edzen\u00ed f\u00f3lie<\/td>\n<td width=\"293\">\n<ul>\n<li>Pou\u017eit\u00ed vnit\u0159n\u00edho a vn\u011bj\u0161\u00edho obalov\u00e9ho materi\u00e1lu<\/li>\n<\/ul>\n<\/td>\n<\/tr>\n<tr>\n<td width=\"293\">Spl\u00e9tac\u00ed jednotka<\/td>\n<td width=\"293\">\n<ul>\n<li>Automatick\u00e1 v\u00fdm\u011bna c\u00edvky pro vy\u0161\u0161\u00ed \u00fa\u010dinnost<\/li>\n<\/ul>\n<\/td>\n<\/tr>\n<tr>\n<td width=\"293\">Rozv\u00e1d\u011b\u010d s SPS<\/td>\n<td width=\"293\">\n<ul>\n<li>Vynikaj\u00edc\u00ed centr\u00e1ln\u00ed \u0159\u00edzen\u00ed stroje<\/li>\n<\/ul>\n<\/td>\n<\/tr>\n<\/tbody>\n<\/table>\n<p>&nbsp;<\/p>\n<table>\n<tbody>\n<tr>\n<td colspan=\"4\" width=\"585\">\n<p style=\"text-align: center\"><strong>Rozm\u011bry obalov\u00e9ho materi\u00e1lu<\/strong><\/p>\n<\/td>\n<\/tr>\n<tr>\n<td width=\"146\">\n<p style=\"text-align: center\">\u0160\u00ed\u0159ka<\/p>\n<\/td>\n<td style=\"text-align: center\" width=\"146\">D\u00e9lka od\u0159\u00edznut\u00ed<\/td>\n<td style=\"text-align: center\" width=\"146\">\u00d8 kotou\u010de<\/td>\n<td width=\"146\">\n<p style=\"text-align: center\">J\u00e1dro \u00d8<\/p>\n<\/td>\n<\/tr>\n<tr>\n<td style=\"text-align: center\" width=\"146\">40-100 mm<\/td>\n<td style=\"text-align: center\" width=\"146\">40-100 mm<\/td>\n<td style=\"text-align: center\" width=\"146\">250 mm<\/td>\n<td width=\"146\">\n<p style=\"text-align: center\">35-78 mm<\/p>\n<\/td>\n<\/tr>\n<\/tbody>\n<\/table>\n<p>&nbsp;<\/p>\n<p>&nbsp;<\/p>","protected":false},"excerpt":{"rendered":"<p>Univerz\u00e1ln\u00ed balic\u00ed stroj pro \u0161irokou \u0161k\u00e1lu \u010dokol\u00e1dov\u00fdch a n\u011bkter\u00fdch peka\u0159sk\u00fdch v\u00fdrobk\u016f<\/p>","protected":false},"featured_media":2733,"comment_status":"open","ping_status":"closed","template":"","meta":{"uix_meta_title":"","uix_meta_description":"","uix_canonical_url":""},"product_brand":[],"product_cat":[105],"product_tag":[],"class_list":{"0":"post-2734","1":"product","2":"type-product","3":"status-publish","4":"has-post-thumbnail","6":"product_cat-packaging","8":"first","9":"instock","10":"shipping-taxable","11":"product-type-simple"},"_links":{"self":[{"href":"https:\/\/cormac.eu\/cs\/wp-json\/wp\/v2\/product\/2734","targetHints":{"allow":["GET"]}}],"collection":[{"href":"https:\/\/cormac.eu\/cs\/wp-json\/wp\/v2\/product"}],"about":[{"href":"https:\/\/cormac.eu\/cs\/wp-json\/wp\/v2\/types\/product"}],"replies":[{"embeddable":true,"href":"https:\/\/cormac.eu\/cs\/wp-json\/wp\/v2\/comments?post=2734"}],"wp:featuredmedia":[{"embeddable":true,"href":"https:\/\/cormac.eu\/cs\/wp-json\/wp\/v2\/media\/2733"}],"wp:attachment":[{"href":"https:\/\/cormac.eu\/cs\/wp-json\/wp\/v2\/media?parent=2734"}],"wp:term":[{"taxonomy":"product_brand","embeddable":true,"href":"https:\/\/cormac.eu\/cs\/wp-json\/wp\/v2\/product_brand?post=2734"},{"taxonomy":"product_cat","embeddable":true,"href":"https:\/\/cormac.eu\/cs\/wp-json\/wp\/v2\/product_cat?post=2734"},{"taxonomy":"product_tag","embeddable":true,"href":"https:\/\/cormac.eu\/cs\/wp-json\/wp\/v2\/product_tag?post=2734"}],"curies":[{"name":"wp","href":"https:\/\/api.w.org\/{rel}","templated":true}]}}