{"id":2727,"date":"2022-04-21T19:02:27","date_gmt":"2022-04-21T17:02:27","guid":{"rendered":"https:\/\/cormac.eu\/?post_type=product&#038;p=2727"},"modified":"2022-04-21T22:38:40","modified_gmt":"2022-04-21T20:38:40","slug":"rks-wrapping-machine","status":"publish","type":"product","link":"https:\/\/cormac.eu\/cs\/product\/rks-wrapping-machine\/","title":{"rendered":"Wrapping machine RKS ll"},"content":{"rendered":"<p><span lang=\"EN-US\">High speed wrapping machine designed for products with flat bottom, wrapping in bottom folding, incl. feeding system SV 4 feeder. The machine can be optionally equipped with automatic feeding systems. Capacity range: Up to 400 pieces per minute;\u00a0 Application: Flat bottom products in bunch wrap, heat sealing\u00a0<\/span><\/p>\n<p><img decoding=\"async\" class=\"alignnone wp-image-2700\" src=\"https:\/\/cormac.eu\/wp-content\/uploads\/2022\/04\/sample-4.jpg\" alt=\"\" width=\"132\" height=\"95\" \/><img decoding=\"async\" class=\"alignnone wp-image-2701\" src=\"https:\/\/cormac.eu\/wp-content\/uploads\/2022\/04\/sample-5.jpg\" alt=\"\" width=\"99\" height=\"125\" \/><img decoding=\"async\" class=\"alignnone wp-image-2728\" src=\"https:\/\/cormac.eu\/wp-content\/uploads\/2022\/04\/style-Knipsel.jpg\" alt=\"\" width=\"128\" height=\"91\" \/><\/p>\n<table>\n<tbody>\n<tr>\n<td colspan=\"4\" width=\"585\"><strong>Packaging materials dimensions<\/strong><\/td>\n<\/tr>\n<tr>\n<td width=\"146\">\n<p style=\"text-align: center\"><strong>\u0160\u00ed\u0159ka<\/strong><\/p>\n<\/td>\n<td style=\"text-align: center\" width=\"146\"><strong>D\u00e9lka od\u0159\u00edznut\u00ed<\/strong><\/td>\n<td style=\"text-align: center\" width=\"146\"><strong>Reel <\/strong><strong>\u00d8<\/strong><\/td>\n<td style=\"text-align: center\" width=\"146\"><strong>Core <\/strong><strong>\u00d8<\/strong><\/td>\n<\/tr>\n<tr>\n<td style=\"text-align: center\" width=\"146\">40 \u2013 100 mm<\/td>\n<td style=\"text-align: center\" width=\"146\">40 -100 mm<\/td>\n<td style=\"text-align: center\" width=\"146\">250 mm<\/td>\n<td width=\"146\">\n<p style=\"text-align: center\">35 \u2013 78 mm<\/p>\n<\/td>\n<\/tr>\n<\/tbody>\n<\/table>\n<p>&nbsp;<\/p>\n<table style=\"height: 1081px\" width=\"612\">\n<tbody>\n<tr>\n<td width=\"293\">\n<p style=\"text-align: center\"><strong>Funkce (n\u011bkter\u00e9 voliteln\u00e9)<\/strong><\/p>\n<\/td>\n<td width=\"293\">\n<p style=\"text-align: center\"><strong>V\u00fdhody<\/strong><\/p>\n<\/td>\n<\/tr>\n<tr>\n<td width=\"293\">\u0158\u00eddic\u00ed hlava registru<\/td>\n<td width=\"293\">\n<ul>\n<li>Control of all machine functions<\/li>\n<\/ul>\n<\/td>\n<\/tr>\n<tr>\n<td width=\"293\">Closed gear box, centralized lubrication system, constant oil filtering<\/td>\n<td width=\"293\">\n<ul>\n<li>Prevention of oil contamination, low maintenance<\/li>\n<\/ul>\n<\/td>\n<\/tr>\n<tr>\n<td width=\"293\">Plynul\u00e1 regulace ot\u00e1\u010dek s frekven\u010dn\u00edm m\u011bni\u010dem<\/td>\n<td width=\"293\">\n<ul>\n<li>Dokonal\u00e1 regulace rychlosti<\/li>\n<\/ul>\n<p>&nbsp;<\/td>\n<\/tr>\n<tr>\n<td width=\"293\">Drive motor 1.1 kW<\/td>\n<td width=\"293\">\n<ul>\n<li>Smooth running, strong reliable drive<\/li>\n<\/ul>\n<\/td>\n<\/tr>\n<tr>\n<td width=\"293\">P\u0159eprava p\u0159i propu\u0161t\u011bn\u00ed<\/td>\n<td width=\"293\">\n<ul>\n<li>\u0158\u00edzen\u00e9 vypou\u0161t\u011bn\u00ed v\u00fdrobk\u016f<\/li>\n<\/ul>\n<\/td>\n<\/tr>\n<tr>\n<td width=\"293\">Pod\u00e1vac\u00ed p\u00e1s a automatick\u00e9 pod\u00e1vac\u00ed syst\u00e9my<\/td>\n<td width=\"293\">\n<ul>\n<li>Vy\u0161\u0161\u00ed \u00fa\u010dinnost<\/li>\n<\/ul>\n<p>&nbsp;<\/td>\n<\/tr>\n<tr>\n<td width=\"293\">Kontrola fotobun\u011bk<\/td>\n<td width=\"293\">\n<ul>\n<li>\u0158\u00edzen\u00ed polohy tisku<\/li>\n<\/ul>\n<\/td>\n<\/tr>\n<tr>\n<td width=\"293\">Po\u010d\u00edtadlo kus\u016f a takt\u016f<\/td>\n<td width=\"293\">\n<ul>\n<li>P\u0159esn\u00e9 m\u011b\u0159en\u00ed produktu<\/li>\n<\/ul>\n<\/td>\n<\/tr>\n<tr>\n<td width=\"293\">Format parts , Infeed, folding parts and discharge parts easily accessible<\/td>\n<td width=\"293\">\n<ul>\n<li>Rychl\u00fd p\u0159echod na nov\u00fd syst\u00e9m<\/li>\n<li>Snadn\u00e9 \u010di\u0161t\u011bn\u00ed<\/li>\n<\/ul>\n<\/td>\n<\/tr>\n<tr>\n<td width=\"293\">Automatick\u00e9 zastaven\u00ed pod\u00e1v\u00e1n\u00ed f\u00f3lie<\/td>\n<td width=\"293\">\n<ul>\n<li>\u017d\u00e1dn\u00fd v\u00fdrobek - \u017e\u00e1dn\u00fd obal<\/li>\n<li>P\u0159edch\u00e1zen\u00ed zaseknut\u00ed f\u00f3lie<\/li>\n<\/ul>\n<\/td>\n<\/tr>\n<tr>\n<td width=\"293\">Druh\u00e9 odv\u00edjec\u00ed za\u0159\u00edzen\u00ed f\u00f3lie<\/td>\n<td width=\"293\">\n<ul>\n<li>Pou\u017eit\u00ed vnit\u0159n\u00edho a vn\u011bj\u0161\u00edho obalov\u00e9ho materi\u00e1lu<\/li>\n<\/ul>\n<\/td>\n<\/tr>\n<tr>\n<td width=\"293\">Spl\u00e9tac\u00ed jednotka<\/td>\n<td width=\"293\">\n<ul>\n<li>Automatick\u00e1 v\u00fdm\u011bna c\u00edvky pro vy\u0161\u0161\u00ed \u00fa\u010dinnost<\/li>\n<\/ul>\n<\/td>\n<\/tr>\n<tr>\n<td width=\"293\">Rozv\u00e1d\u011b\u010d s SPS<\/td>\n<td width=\"293\">\n<ul>\n<li>Vynikaj\u00edc\u00ed ovl\u00e1d\u00e1n\u00ed stroje<\/li>\n<\/ul>\n<\/td>\n<\/tr>\n<\/tbody>\n<\/table>","protected":false},"excerpt":{"rendered":"<p>High speed wrapping machine for products with flat bottom.<\/p>","protected":false},"featured_media":2726,"comment_status":"open","ping_status":"closed","template":"","meta":{"uix_meta_title":"","uix_meta_description":"","uix_canonical_url":""},"product_brand":[],"product_cat":[105],"product_tag":[],"class_list":{"0":"post-2727","1":"product","2":"type-product","3":"status-publish","4":"has-post-thumbnail","6":"product_cat-packaging","8":"first","9":"instock","10":"shipping-taxable","11":"product-type-simple"},"_links":{"self":[{"href":"https:\/\/cormac.eu\/cs\/wp-json\/wp\/v2\/product\/2727","targetHints":{"allow":["GET"]}}],"collection":[{"href":"https:\/\/cormac.eu\/cs\/wp-json\/wp\/v2\/product"}],"about":[{"href":"https:\/\/cormac.eu\/cs\/wp-json\/wp\/v2\/types\/product"}],"replies":[{"embeddable":true,"href":"https:\/\/cormac.eu\/cs\/wp-json\/wp\/v2\/comments?post=2727"}],"wp:featuredmedia":[{"embeddable":true,"href":"https:\/\/cormac.eu\/cs\/wp-json\/wp\/v2\/media\/2726"}],"wp:attachment":[{"href":"https:\/\/cormac.eu\/cs\/wp-json\/wp\/v2\/media?parent=2727"}],"wp:term":[{"taxonomy":"product_brand","embeddable":true,"href":"https:\/\/cormac.eu\/cs\/wp-json\/wp\/v2\/product_brand?post=2727"},{"taxonomy":"product_cat","embeddable":true,"href":"https:\/\/cormac.eu\/cs\/wp-json\/wp\/v2\/product_cat?post=2727"},{"taxonomy":"product_tag","embeddable":true,"href":"https:\/\/cormac.eu\/cs\/wp-json\/wp\/v2\/product_tag?post=2727"}],"curies":[{"name":"wp","href":"https:\/\/api.w.org\/{rel}","templated":true}]}}