{"id":2725,"date":"2022-04-21T16:56:38","date_gmt":"2022-04-21T14:56:38","guid":{"rendered":"https:\/\/cormac.eu\/?post_type=product&#038;p=2725"},"modified":"2022-04-21T22:39:30","modified_gmt":"2022-04-21T20:39:30","slug":"rge-balici-stroj-2","status":"publish","type":"product","link":"https:\/\/cormac.eu\/cs\/product\/rge-wrapping-machine\/","title":{"rendered":"Balic\u00ed stroj RGE"},"content":{"rendered":"<p>Balic\u00ed stroj pro v\u00fdrobky, jako jsou vejce a kuli\u010dky (dut\u00e9 nebo pln\u011bn\u00e9), v proveden\u00ed s p\u0159edn\u00edm skl\u00e1d\u00e1n\u00edm, kroucen\u00fdm prov\u00e1zkem a dvojit\u00fdm kroucen\u00edm. Tento stroj na balen\u00ed \u010dokol\u00e1dy m\u016f\u017ee dos\u00e1hnout rychlosti a\u017e 55 kus\u016f za minutu. Standardn\u00ed verze RGE zvl\u00e1dne v\u00fdrobky o pr\u016fm\u011bru a\u017e 70 mm. , zat\u00edmco typ RGE-100 bal\u00ed v\u00fdrobky o maxim\u00e1ln\u00edm pr\u016fm\u011bru 100 mm. Stroj Rasch RGE m\u016f\u017ee b\u00fdt bu\u010f ru\u010dn\u011b pod\u00e1v\u00e1n, nebo vybaven automatick\u00fdm pod\u00e1vac\u00edm syst\u00e9mem, kter\u00fd m\u016f\u017ee zahrnovat nap\u0159\u00edklad pod\u00e1vac\u00ed p\u00e1sy, vyrovn\u00e1vac\u00ed syst\u00e9my a tak\u00e9 robotick\u00e9 syst\u00e9my pick &amp; place. Lze osadit d\u00edly p\u0159izp\u016fsoben\u00e9ho form\u00e1tu a v\u00fdm\u011bna nen\u00ed slo\u017eit\u00e1.<\/p>\n<p>&nbsp;<\/p>\n<table style=\"height: 924px\" width=\"949\">\n<tbody>\n<tr>\n<td width=\"197\"><strong>Funkce<\/strong><\/td>\n<td width=\"197\"><strong>V\u00fdhody<\/strong><\/td>\n<\/tr>\n<tr>\n<td>Pod\u00e1vac\u00ed st\u016fl a voliteln\u00e9 automatick\u00e9 pod\u00e1vac\u00ed syst\u00e9my<\/p>\n<p>&nbsp;<\/td>\n<td>\n<ul>\n<li>Vy\u0161\u0161\u00ed \u00fa\u010dinnost<\/li>\n<\/ul>\n<\/td>\n<\/tr>\n<tr>\n<td>\u0158\u00eddic\u00ed hlava registru<\/td>\n<td>\n<ul>\n<li>kontrola tisku<\/li>\n<\/ul>\n<\/td>\n<\/tr>\n<tr>\n<td>Automatick\u00e9 zastaven\u00ed pod\u00e1v\u00e1n\u00ed f\u00f3lie<\/td>\n<td>\n<ul>\n<li>\u017d\u00e1dn\u00fd v\u00fdrobek - \u017e\u00e1dn\u00fd obal<\/li>\n<li>zabr\u00e1nit zaseknut\u00ed f\u00f3lie<\/li>\n<\/ul>\n<\/td>\n<\/tr>\n<tr>\n<td>&nbsp;<\/p>\n<p>Plynul\u00e1 regulace ot\u00e1\u010dek s frekven\u010dn\u00edm m\u011bni\u010dem<\/td>\n<td>\n<ul>\n<li>Dokonal\u00e1 regulace rychlosti<\/li>\n<\/ul>\n<\/td>\n<\/tr>\n<tr>\n<td>Druh\u00e9 odv\u00edjec\u00ed za\u0159\u00edzen\u00ed f\u00f3lie<\/td>\n<td>\n<ul>\n<li>Pou\u017eit\u00ed vnit\u0159n\u00edho a vn\u011bj\u0161\u00edho obalov\u00e9ho materi\u00e1lu<\/li>\n<\/ul>\n<\/td>\n<\/tr>\n<tr>\n<td>Uzav\u0159en\u00e1 p\u0159evodovka s centr\u00e1ln\u00edm mazac\u00edm syst\u00e9mem<\/td>\n<td>\n<ul>\n<li>N\u00edzk\u00e9 n\u00e1roky na \u00fadr\u017ebu<\/li>\n<\/ul>\n<\/td>\n<\/tr>\n<tr>\n<td>Voliteln\u00e1 spojovac\u00ed jednotka<\/td>\n<td>\n<ul>\n<li>Automatick\u00e1 v\u00fdm\u011bna c\u00edvky<\/li>\n<li>vy\u0161\u0161\u00ed \u00fa\u010dinnost<\/li>\n<\/ul>\n<\/td>\n<\/tr>\n<tr>\n<td>Rozv\u00e1d\u011b\u010d s SPS<\/td>\n<td>\n<ul>\n<li>Vynikaj\u00edc\u00ed ovl\u00e1d\u00e1n\u00ed stroje<\/li>\n<\/ul>\n<\/td>\n<\/tr>\n<\/tbody>\n<\/table>\n<p>&nbsp;<\/p>","protected":false},"excerpt":{"rendered":"<p>Balic\u00ed stroj na \u010dokol\u00e1dov\u00e1 vaj\u00ed\u010dka a kuli\u010dky<\/p>","protected":false},"featured_media":2724,"comment_status":"open","ping_status":"closed","template":"","meta":{"uix_meta_title":"","uix_meta_description":"","uix_canonical_url":""},"product_brand":[],"product_cat":[105],"product_tag":[],"class_list":{"0":"post-2725","1":"product","2":"type-product","3":"status-publish","4":"has-post-thumbnail","6":"product_cat-packaging","8":"first","9":"instock","10":"shipping-taxable","11":"product-type-simple"},"_links":{"self":[{"href":"https:\/\/cormac.eu\/cs\/wp-json\/wp\/v2\/product\/2725","targetHints":{"allow":["GET"]}}],"collection":[{"href":"https:\/\/cormac.eu\/cs\/wp-json\/wp\/v2\/product"}],"about":[{"href":"https:\/\/cormac.eu\/cs\/wp-json\/wp\/v2\/types\/product"}],"replies":[{"embeddable":true,"href":"https:\/\/cormac.eu\/cs\/wp-json\/wp\/v2\/comments?post=2725"}],"wp:featuredmedia":[{"embeddable":true,"href":"https:\/\/cormac.eu\/cs\/wp-json\/wp\/v2\/media\/2724"}],"wp:attachment":[{"href":"https:\/\/cormac.eu\/cs\/wp-json\/wp\/v2\/media?parent=2725"}],"wp:term":[{"taxonomy":"product_brand","embeddable":true,"href":"https:\/\/cormac.eu\/cs\/wp-json\/wp\/v2\/product_brand?post=2725"},{"taxonomy":"product_cat","embeddable":true,"href":"https:\/\/cormac.eu\/cs\/wp-json\/wp\/v2\/product_cat?post=2725"},{"taxonomy":"product_tag","embeddable":true,"href":"https:\/\/cormac.eu\/cs\/wp-json\/wp\/v2\/product_tag?post=2725"}],"curies":[{"name":"wp","href":"https:\/\/api.w.org\/{rel}","templated":true}]}}