{"id":2722,"date":"2022-04-21T15:57:57","date_gmt":"2022-04-21T13:57:57","guid":{"rendered":"https:\/\/cormac.eu\/?post_type=product&#038;p=2722"},"modified":"2022-04-21T16:29:37","modified_gmt":"2022-04-21T14:29:37","slug":"cokoladove-cerpadlo","status":"publish","type":"product","link":"https:\/\/cormac.eu\/cs\/product\/chocolate-pump\/","title":{"rendered":"\u010cerpadlo na \u010dokol\u00e1du"},"content":{"rendered":"<p>Pomalu b\u011b\u017e\u00edc\u00ed \u010derpadla na hmotu se 4 p\u00edstnicemi vhodn\u00e1 pro p\u0159e\u010derp\u00e1v\u00e1n\u00ed \u010dokol\u00e1dy, kakaov\u00e9 hmoty, kakaov\u00e9ho m\u00e1sla a dal\u0161\u00edch tukov\u00fdch hmot.<br \/>\nV\u00fdkonnostn\u00ed rozsah - od 300 kg\/hod do 20 000 kg\/hod s v\u00fd\u0161kou a\u017e 20 metr\u016f a d\u00e9lkou vodorovn\u00e9ho potrub\u00ed 100 metr\u016f.<br \/>\nK dispozici jsou tak\u00e9 dvoucestn\u00e9 a t\u0159\u00edcestn\u00e9 ventily.<\/p>\n<p>&nbsp;<\/p>\n<table>\n<tbody>\n<tr>\n<td style=\"text-align: center\" width=\"141\"><strong>Typ P1<\/strong><\/td>\n<td style=\"text-align: center\" width=\"141\"><strong>Typ P2<\/strong><\/td>\n<td style=\"text-align: center\" width=\"141\"><strong>Typ P3<\/strong><\/td>\n<td style=\"text-align: center\" width=\"141\"><strong>Typ P4<\/strong><\/td>\n<\/tr>\n<tr>\n<td width=\"141\">A\u017e 1 000 kg\/hod<\/td>\n<td width=\"141\">A\u017e 2 500 kg\/hod<\/td>\n<td width=\"141\">A\u017e 5 000 kg\/hod<\/td>\n<td width=\"141\">A\u017e 20 000 kg\/hod<\/td>\n<\/tr>\n<tr>\n<td colspan=\"4\" width=\"563\"><em>\u00dadaje o kapacit\u011b jsou zalo\u017eeny na d\u00e9lce potrub\u00ed 10-20 metr\u016f.<\/em><\/td>\n<\/tr>\n<\/tbody>\n<\/table>\n<p>&nbsp;<\/p>\n<table width=\"563\">\n<tbody>\n<tr>\n<td width=\"270\"><strong>Funkce<\/strong><\/td>\n<td width=\"292\"><strong>V\u00fdhody<\/strong><\/td>\n<\/tr>\n<tr>\n<td>Pomalob\u011b\u017en\u00e1 \u010derpadla se 4 tlakov\u00fdmi \u010derpadly<\/td>\n<td>\n<ul>\n<li>Ochrana struktury \u010dokol\u00e1dy<\/li>\n<\/ul>\n<\/td>\n<\/tr>\n<tr>\n<td>Robustn\u00ed konstrukce a siln\u00fd pohon<\/td>\n<td>\n<ul>\n<li>P\u0159ev\u00fd\u0161en\u00ed 20 metr\u016f<\/li>\n<li>vodorovn\u00e9 potrub\u00ed o d\u00e9lce 100 metr\u016f<\/li>\n<li>Osv\u011bd\u010den\u00e9 v mnoha situac\u00edch<\/li>\n<\/ul>\n<\/td>\n<\/tr>\n<tr>\n<td>Je vybaven motorem IE3.<\/td>\n<td>\n<ul>\n<li>Efektivn\u00ed a v\u00fdkonn\u00e9<\/li>\n<\/ul>\n<\/td>\n<\/tr>\n<\/tbody>\n<\/table>\n<p>&nbsp;<\/p>","protected":false},"excerpt":{"rendered":"<p>\u010cokol\u00e1dov\u00e9 \u010derpadlo pro p\u0159e\u010derp\u00e1v\u00e1n\u00ed tepl\u00e9 \u010dokol\u00e1dov\u00e9 hmoty, kakaov\u00e9 hmoty, kakaov\u00e9ho m\u00e1sla a jin\u00fdch tukov\u00fdch hmot.<\/p>","protected":false},"featured_media":2721,"comment_status":"open","ping_status":"closed","template":"","meta":{"uix_meta_title":"","uix_meta_description":"","uix_canonical_url":""},"product_brand":[],"product_cat":[104],"product_tag":[],"class_list":{"0":"post-2722","1":"product","2":"type-product","3":"status-publish","4":"has-post-thumbnail","6":"product_cat-processing","8":"first","9":"instock","10":"shipping-taxable","11":"product-type-simple"},"_links":{"self":[{"href":"https:\/\/cormac.eu\/cs\/wp-json\/wp\/v2\/product\/2722","targetHints":{"allow":["GET"]}}],"collection":[{"href":"https:\/\/cormac.eu\/cs\/wp-json\/wp\/v2\/product"}],"about":[{"href":"https:\/\/cormac.eu\/cs\/wp-json\/wp\/v2\/types\/product"}],"replies":[{"embeddable":true,"href":"https:\/\/cormac.eu\/cs\/wp-json\/wp\/v2\/comments?post=2722"}],"wp:featuredmedia":[{"embeddable":true,"href":"https:\/\/cormac.eu\/cs\/wp-json\/wp\/v2\/media\/2721"}],"wp:attachment":[{"href":"https:\/\/cormac.eu\/cs\/wp-json\/wp\/v2\/media?parent=2722"}],"wp:term":[{"taxonomy":"product_brand","embeddable":true,"href":"https:\/\/cormac.eu\/cs\/wp-json\/wp\/v2\/product_brand?post=2722"},{"taxonomy":"product_cat","embeddable":true,"href":"https:\/\/cormac.eu\/cs\/wp-json\/wp\/v2\/product_cat?post=2722"},{"taxonomy":"product_tag","embeddable":true,"href":"https:\/\/cormac.eu\/cs\/wp-json\/wp\/v2\/product_tag?post=2722"}],"curies":[{"name":"wp","href":"https:\/\/api.w.org\/{rel}","templated":true}]}}