{"id":2703,"date":"2022-04-14T23:17:54","date_gmt":"2022-04-14T21:17:54","guid":{"rendered":"https:\/\/cormac.eu\/?post_type=product&#038;p=2703"},"modified":"2022-04-21T22:40:51","modified_gmt":"2022-04-21T20:40:51","slug":"balici-stroj-rg","status":"publish","type":"product","link":"https:\/\/cormac.eu\/cs\/product\/rg-wrapping-machine\/","title":{"rendered":"Balic\u00ed stroj RG"},"content":{"rendered":"<p><strong>Popis:<br \/>\n<\/strong>Univerz\u00e1ln\u00ed balic\u00ed stroj pro r\u016fzn\u00e9 v\u00fdrobky, jako jsou v\u00fdrobky s ploch\u00fdm dnem, ty\u010de, vejce, koule, sudy a dut\u00e9 postavy v r\u016fzn\u00fdch typech balen\u00ed.<br \/>\n<strong>Aplikace<\/strong><br \/>\nBalen\u00ed ty\u010d\u00ed , v\u00fdrobk\u016f s ploch\u00fdm dnem , vajec, koul\u00ed, sud\u016f , figurek, v\u0161ech druh\u016f dut\u00fdch figurek.<br \/>\n<strong>Rozsah kapacity<\/strong><br \/>\nA\u017e 70 kus\u016f za minutu (cca 55 ppm pro \u010d\u00edsla)<br \/>\n<strong>Styly balen\u00ed:<\/strong><br \/>\nBalen\u00ed svazk\u016f, p\u0159edn\u00ed skl\u00e1d\u00e1n\u00ed , dvojit\u00e9 kroucen\u00ed , p\u0159ipevn\u011bn\u00ed p\u0159\u00edslu\u0161enstv\u00ed ve spodn\u00ed \u010d\u00e1sti, tepeln\u00e9 zatavov\u00e1n\u00ed, etiketov\u00e1n\u00ed, p\u0159edn\u00ed skl\u00e1d\u00e1n\u00ed s vyhlazovac\u00edm za\u0159\u00edzen\u00edm \/ v\u00e1lcovac\u00ed formou, zadn\u00ed \u0161ev, f\u00f3liov\u00e1n\u00ed figurek.<\/p>\n<p><img decoding=\"async\" class=\"alignnone wp-image-2702\" src=\"https:\/\/cormac.eu\/wp-content\/uploads\/2022\/04\/sample-6.jpg\" alt=\"\" width=\"110\" height=\"102\" \/><img decoding=\"async\" class=\"alignnone wp-image-2701\" src=\"https:\/\/cormac.eu\/wp-content\/uploads\/2022\/04\/sample-5.jpg\" alt=\"\" width=\"83\" height=\"105\" \/><img decoding=\"async\" class=\"alignnone wp-image-2700\" src=\"https:\/\/cormac.eu\/wp-content\/uploads\/2022\/04\/sample-4.jpg\" alt=\"\" width=\"128\" height=\"92\" \/><img loading=\"lazy\" decoding=\"async\" class=\"alignnone wp-image-2699\" src=\"https:\/\/cormac.eu\/wp-content\/uploads\/2022\/04\/sample-3.jpg\" alt=\"\" width=\"124\" height=\"112\" \/><img loading=\"lazy\" decoding=\"async\" class=\"alignnone wp-image-2698\" src=\"https:\/\/cormac.eu\/wp-content\/uploads\/2022\/04\/sample-2.jpg\" alt=\"\" width=\"109\" height=\"116\" \/><img loading=\"lazy\" decoding=\"async\" class=\"alignnone wp-image-2697\" src=\"https:\/\/cormac.eu\/wp-content\/uploads\/2022\/04\/sample-1.jpg\" alt=\"\" width=\"147\" height=\"105\" \/><\/p>\n<table>\n<tbody>\n<tr>\n<td width=\"262\">\n<p style=\"text-align: center\"><strong>Funkce<\/strong><\/p>\n<\/td>\n<td width=\"323\">\n<p style=\"text-align: center\"><strong>V\u00fdhody<\/strong><\/p>\n<\/td>\n<\/tr>\n<tr>\n<td width=\"262\">Pod\u00e1vac\u00ed p\u00e1s<\/td>\n<td width=\"323\">\n<ul>\n<li>Zv\u00fd\u0161en\u00ed kapacity<\/li>\n<\/ul>\n<\/td>\n<\/tr>\n<tr>\n<td width=\"262\">\u0158\u00eddic\u00ed hlava registru<\/td>\n<td width=\"323\">\n<ul>\n<li>Kontrola tisku<\/li>\n<\/ul>\n<\/td>\n<\/tr>\n<tr>\n<td width=\"262\">\u017d\u00e1dn\u00fd v\u00fdrobek - \u017e\u00e1dn\u00fd obal<\/td>\n<td width=\"323\">\n<ul>\n<li>P\u0159edch\u00e1zen\u00ed zaseknut\u00ed f\u00f3lie<\/li>\n<\/ul>\n<\/td>\n<\/tr>\n<tr>\n<td width=\"262\">Plynul\u00e1 regulace ot\u00e1\u010dek<\/td>\n<td width=\"323\">\n<ul>\n<li>\u0158\u00edzen\u00ed rychlosti<\/li>\n<\/ul>\n<\/td>\n<\/tr>\n<tr>\n<td width=\"262\">Voliteln\u00fd 2<sup>nd<\/sup> za\u0159\u00edzen\u00ed pro odv\u00edjen\u00ed f\u00f3lie<\/td>\n<td width=\"323\">\n<ul>\n<li>Pou\u017eit\u00ed vnit\u0159n\u00edho a vn\u011bj\u0161\u00edho obalov\u00e9ho materi\u00e1lu<\/li>\n<\/ul>\n<\/td>\n<\/tr>\n<tr>\n<td width=\"262\">Uzav\u0159en\u00e1 p\u0159evodovka<\/td>\n<td width=\"323\">\n<ul>\n<li>\u017d\u00e1dn\u00fd \u00fanik oleje<\/li>\n<\/ul>\n<\/td>\n<\/tr>\n<tr>\n<td width=\"262\">Centralizovan\u00fd mazac\u00ed syst\u00e9m<\/td>\n<td width=\"323\">\n<ul>\n<li>N\u00edzk\u00e9 n\u00e1roky na \u00fadr\u017ebu<\/li>\n<li>Hladk\u00fd chod<\/li>\n<\/ul>\n<\/td>\n<\/tr>\n<tr>\n<td width=\"262\">Rozv\u00e1d\u011b\u010d s SPS<\/td>\n<td width=\"323\">\n<ul>\n<li>Snadn\u00e9 ovl\u00e1d\u00e1n\u00ed stroje<br \/>\nUlo\u017eit nastaven\u00ed<\/li>\n<\/ul>\n<\/td>\n<\/tr>\n<tr>\n<td width=\"262\">Mo\u017enosti<\/td>\n<td width=\"323\">\n<ul>\n<li>Automatick\u00fd pod\u00e1vac\u00ed syst\u00e9m<\/li>\n<li>Spl\u00e9tac\u00ed jednotka<\/li>\n<li>Druh\u00e9 odv\u00edjec\u00ed za\u0159\u00edzen\u00ed f\u00f3lie<\/li>\n<\/ul>\n<\/td>\n<\/tr>\n<tr>\n<td width=\"262\">Rozm\u011bry materi\u00e1lu<\/td>\n<td width=\"323\">\n<ul>\n<li>\u0160\u00ed\u0159ka: 80-300 mm<\/li>\n<li>D\u00e9lka od\u0159\u00edznut\u00ed: 60-250 mm<\/li>\n<li>Pr\u016fm\u011br c\u00edvky: max. 250 mm<\/li>\n<li>Pr\u016fm\u011br j\u00e1dra: 45-78 mm<\/li>\n<\/ul>\n<\/td>\n<\/tr>\n<\/tbody>\n<\/table>\n<p>&nbsp;<\/p>","protected":false},"excerpt":{"rendered":"<p>Univerz\u00e1ln\u00ed balic\u00ed stroj na \u010dokol\u00e1du s ploch\u00fdm dnem, tabulky, vaj\u00ed\u010dka, kuli\u010dky, soudky a dut\u00e9 figurky s rychlost\u00ed a\u017e 70 str\/min.<\/p>","protected":false},"featured_media":2695,"comment_status":"open","ping_status":"closed","template":"","meta":{"uix_meta_title":"","uix_meta_description":"","uix_canonical_url":""},"product_brand":[],"product_cat":[105],"product_tag":[],"class_list":{"0":"post-2703","1":"product","2":"type-product","3":"status-publish","4":"has-post-thumbnail","6":"product_cat-packaging","8":"first","9":"instock","10":"shipping-taxable","11":"product-type-simple"},"_links":{"self":[{"href":"https:\/\/cormac.eu\/cs\/wp-json\/wp\/v2\/product\/2703","targetHints":{"allow":["GET"]}}],"collection":[{"href":"https:\/\/cormac.eu\/cs\/wp-json\/wp\/v2\/product"}],"about":[{"href":"https:\/\/cormac.eu\/cs\/wp-json\/wp\/v2\/types\/product"}],"replies":[{"embeddable":true,"href":"https:\/\/cormac.eu\/cs\/wp-json\/wp\/v2\/comments?post=2703"}],"wp:featuredmedia":[{"embeddable":true,"href":"https:\/\/cormac.eu\/cs\/wp-json\/wp\/v2\/media\/2695"}],"wp:attachment":[{"href":"https:\/\/cormac.eu\/cs\/wp-json\/wp\/v2\/media?parent=2703"}],"wp:term":[{"taxonomy":"product_brand","embeddable":true,"href":"https:\/\/cormac.eu\/cs\/wp-json\/wp\/v2\/product_brand?post=2703"},{"taxonomy":"product_cat","embeddable":true,"href":"https:\/\/cormac.eu\/cs\/wp-json\/wp\/v2\/product_cat?post=2703"},{"taxonomy":"product_tag","embeddable":true,"href":"https:\/\/cormac.eu\/cs\/wp-json\/wp\/v2\/product_tag?post=2703"}],"curies":[{"name":"wp","href":"https:\/\/api.w.org\/{rel}","templated":true}]}}