{"id":2688,"date":"2022-04-12T22:30:44","date_gmt":"2022-04-12T20:30:44","guid":{"rendered":"https:\/\/cormac.eu\/?post_type=product&#038;p=2688"},"modified":"2022-05-23T11:26:34","modified_gmt":"2022-05-23T09:26:34","slug":"potahovaci-panev","status":"publish","type":"product","link":"https:\/\/cormac.eu\/cs\/product\/coating-pan\/","title":{"rendered":"N\u00e1t\u011brov\u00e1 p\u00e1nev"},"content":{"rendered":"<p>Povlakovac\u00ed p\u00e1nev typu CTG 50 nebo Cteg100 lze pou\u017e\u00edt v r\u016fzn\u00fdch povlakovac\u00edch procesech i k le\u0161t\u011bn\u00ed. Tyto univerz\u00e1ln\u00ed potahovac\u00ed p\u00e1nve lze pou\u017e\u00edt nejen v cukr\u00e1\u0159sk\u00e9m pr\u016fmyslu, ale tak\u00e9 ve farmaceutick\u00fdch z\u00e1vodech. Za\u0159\u00edzen\u00ed se dod\u00e1v\u00e1 kompletn\u00ed se v\u0161emi integrovan\u00fdmi elektrick\u00fdmi sou\u010d\u00e1stmi, \u010derpadly a potrub\u00edm. Tyto potahovac\u00ed p\u00e1nve se snadno instaluj\u00ed a obsluhuj\u00ed. Mezi aplikace pat\u0159\u00ed nap\u0159\u00edklad potahov\u00e1n\u00ed cukrovinek, ku\u0159\u00e1tek, \u010do\u010dky , a le\u0161t\u011bn\u00ed potahovan\u00fdch v\u00fdrobk\u016f.<\/p>\n<p><img decoding=\"async\" class=\"alignnone wp-image-2687\" src=\"https:\/\/cormac.eu\/wp-content\/uploads\/2022\/04\/capsulas.webp\" alt=\"\" width=\"163\" height=\"163\" srcset=\"https:\/\/cormac.eu\/wp-content\/uploads\/2022\/04\/capsulas.webp 200w, https:\/\/cormac.eu\/wp-content\/uploads\/2022\/04\/capsulas-150x150.webp 150w, https:\/\/cormac.eu\/wp-content\/uploads\/2022\/04\/capsulas-100x100.webp 100w\" sizes=\"(max-width: 163px) 100vw, 163px\" \/> <img decoding=\"async\" class=\"alignnone wp-image-2686\" src=\"https:\/\/cormac.eu\/wp-content\/uploads\/2022\/04\/Huevos.webp\" alt=\"\" width=\"164\" height=\"164\" srcset=\"https:\/\/cormac.eu\/wp-content\/uploads\/2022\/04\/Huevos.webp 200w, https:\/\/cormac.eu\/wp-content\/uploads\/2022\/04\/Huevos-150x150.webp 150w, https:\/\/cormac.eu\/wp-content\/uploads\/2022\/04\/Huevos-100x100.webp 100w\" sizes=\"(max-width: 164px) 100vw, 164px\" \/><img decoding=\"async\" class=\"alignnone wp-image-2685\" src=\"https:\/\/cormac.eu\/wp-content\/uploads\/2022\/04\/bolas.webp\" alt=\"\" width=\"163\" height=\"163\" srcset=\"https:\/\/cormac.eu\/wp-content\/uploads\/2022\/04\/bolas.webp 200w, https:\/\/cormac.eu\/wp-content\/uploads\/2022\/04\/bolas-150x150.webp 150w, https:\/\/cormac.eu\/wp-content\/uploads\/2022\/04\/bolas-100x100.webp 100w\" sizes=\"(max-width: 163px) 100vw, 163px\" \/><\/p>\n<p>&nbsp;<\/p>\n<table>\n<tbody>\n<tr>\n<td width=\"222\"><strong>Funkce<\/strong><\/td>\n<td width=\"240\">\u00a0<strong>V\u00fdhody<\/strong><\/td>\n<\/tr>\n<tr>\n<td>Funk\u010dn\u00ed design<\/td>\n<td>\n<ul>\n<li>P\u0159\u00edv\u011btiv\u00e9 pro obsluhu<\/li>\n<li>Snadn\u00e1 \u00fadr\u017eba<\/li>\n<\/ul>\n<\/td>\n<\/tr>\n<tr>\n<td>Nerezov\u00e1 ocel 304 nebo 316<\/td>\n<td>\n<ul>\n<li>Hygiena<\/li>\n<li>Snadn\u00e9 \u010di\u0161t\u011bn\u00ed<\/li>\n<\/ul>\n<\/td>\n<\/tr>\n<tr>\n<td>Vn\u011bj\u0161\u00ed p\u0159esn\u00e9 t\u011bsn\u011bn\u00ed h\u0159\u00eddele<\/td>\n<td>\n<ul>\n<li>Plynul\u00e9 ot\u00e1\u010den\u00ed<\/li>\n<\/ul>\n<\/td>\n<\/tr>\n<tr>\n<td>Voliteln\u011b<\/td>\n<td>\n<ul>\n<li>\u017debrovan\u00fd povrch p\u00e1nve pro potahov\u00e1n\u00ed<\/li>\n<li>Hladk\u00fd povrch p\u00e1nve pro le\u0161t\u011bn\u00ed<\/li>\n<\/ul>\n<\/td>\n<\/tr>\n<\/tbody>\n<\/table>\n<p>&nbsp;<\/p>\n<table>\n<tbody>\n<tr>\n<td width=\"132\"><strong>\u00a0<\/strong><\/td>\n<td width=\"170\">\n<p style=\"text-align: center;\"><strong>CTG 50<\/strong><\/p>\n<\/td>\n<td width=\"170\">\n<p style=\"text-align: center;\"><strong>CTEG 100<\/strong><\/p>\n<\/td>\n<\/tr>\n<tr>\n<td width=\"132\"><strong>Kapacita<\/strong><\/td>\n<td width=\"170\">\n<p style=\"text-align: center;\">50 litr\u016f<\/p>\n<\/td>\n<td width=\"170\">\n<p style=\"text-align: center;\">100 litr\u016f<\/p>\n<\/td>\n<\/tr>\n<tr>\n<td width=\"132\"><strong>Vn\u011bj\u0161\u00ed pr\u016fm\u011br<\/strong><\/td>\n<td width=\"170\">\n<p style=\"text-align: center;\">500 mm<\/p>\n<\/td>\n<td width=\"170\">\n<p style=\"text-align: center;\">1000 mm<\/p>\n<\/td>\n<\/tr>\n<tr>\n<td width=\"132\"><strong>Vnit\u0159n\u00ed pr\u016fm\u011br<\/strong><\/td>\n<td width=\"170\">\n<p style=\"text-align: center;\">250 mm<\/p>\n<\/td>\n<td width=\"170\">\n<p style=\"text-align: center;\">500 mm<\/p>\n<\/td>\n<\/tr>\n<tr>\n<td width=\"132\"><strong>RPM<\/strong><\/td>\n<td width=\"170\">\n<p style=\"text-align: center;\">0-35<\/p>\n<\/td>\n<td width=\"170\">\n<p style=\"text-align: center;\">0-35<\/p>\n<\/td>\n<\/tr>\n<tr>\n<td width=\"132\"><strong>Vypou\u0161t\u011bn\u00ed<\/strong><\/td>\n<td width=\"170\">\n<p style=\"text-align: center;\">Manu\u00e1ln\u00ed<\/p>\n<\/td>\n<td width=\"170\">\n<p style=\"text-align: center;\">Manu\u00e1ln\u00ed<\/p>\n<\/td>\n<\/tr>\n<tr>\n<td width=\"132\"><strong>Power<\/strong><\/td>\n<td width=\"170\">\n<p style=\"text-align: center;\">0,75 kW<\/p>\n<\/td>\n<td width=\"170\">\n<p style=\"text-align: center;\">1,5 kW<\/p>\n<\/td>\n<\/tr>\n<\/tbody>\n<\/table>","protected":false},"excerpt":{"rendered":"<p>N\u00e1t\u011brov\u00e9 p\u00e1nve o objemu 50 nebo 100 litr\u016f pro nan\u00e1\u0161en\u00ed n\u00e1t\u011br\u016f nebo le\u0161t\u011bn\u00ed.<\/p>","protected":false},"featured_media":2684,"comment_status":"open","ping_status":"closed","template":"","meta":{"uix_meta_title":"","uix_meta_description":"","uix_canonical_url":""},"product_brand":[],"product_cat":[107,104],"product_tag":[],"class_list":{"0":"post-2688","1":"product","2":"type-product","3":"status-publish","4":"has-post-thumbnail","6":"product_cat-artisanal","7":"product_cat-processing","9":"first","10":"instock","11":"shipping-taxable","12":"product-type-simple"},"_links":{"self":[{"href":"https:\/\/cormac.eu\/cs\/wp-json\/wp\/v2\/product\/2688","targetHints":{"allow":["GET"]}}],"collection":[{"href":"https:\/\/cormac.eu\/cs\/wp-json\/wp\/v2\/product"}],"about":[{"href":"https:\/\/cormac.eu\/cs\/wp-json\/wp\/v2\/types\/product"}],"replies":[{"embeddable":true,"href":"https:\/\/cormac.eu\/cs\/wp-json\/wp\/v2\/comments?post=2688"}],"wp:featuredmedia":[{"embeddable":true,"href":"https:\/\/cormac.eu\/cs\/wp-json\/wp\/v2\/media\/2684"}],"wp:attachment":[{"href":"https:\/\/cormac.eu\/cs\/wp-json\/wp\/v2\/media?parent=2688"}],"wp:term":[{"taxonomy":"product_brand","embeddable":true,"href":"https:\/\/cormac.eu\/cs\/wp-json\/wp\/v2\/product_brand?post=2688"},{"taxonomy":"product_cat","embeddable":true,"href":"https:\/\/cormac.eu\/cs\/wp-json\/wp\/v2\/product_cat?post=2688"},{"taxonomy":"product_tag","embeddable":true,"href":"https:\/\/cormac.eu\/cs\/wp-json\/wp\/v2\/product_tag?post=2688"}],"curies":[{"name":"wp","href":"https:\/\/api.w.org\/{rel}","templated":true}]}}