{"id":2681,"date":"2022-04-12T21:43:50","date_gmt":"2022-04-12T19:43:50","guid":{"rendered":"https:\/\/cormac.eu\/?post_type=product&#038;p=2681"},"modified":"2023-08-16T17:05:39","modified_gmt":"2023-08-16T15:05:39","slug":"linka-na-tvarovani-kouli","status":"publish","type":"product","link":"https:\/\/cormac.eu\/cs\/product\/ball-forming-line\/","title":{"rendered":"Linka na tvarov\u00e1n\u00ed koul\u00ed"},"content":{"rendered":"<p>Kulov\u00e9 tv\u00e1\u0159ec\u00ed linky Carugil umo\u017e\u0148uj\u00ed vyr\u00e1b\u011bt pln\u00e9 nebo st\u0159edem pln\u011bn\u00e9 v\u00e1lcov\u00e9 v\u00fdrobky. St\u0159edovou n\u00e1pln\u00ed m\u016f\u017ee b\u00fdt pr\u00e1\u0161ek nebo polotekut\u00e1 kapalina. Linka m\u016f\u017ee za\u010d\u00ednat cukr\u00e1\u0159skou kuchyn\u00ed, po kter\u00e9 n\u00e1sleduje hn\u011bta\u010d, extrud\u00e9r, stroj na tvarov\u00e1n\u00ed kuli\u010dek a chladic\u00ed tunel, d\u00e1le nap\u0159\u00edklad potahovac\u00ed misky a pr\u016ftokov\u00e9 balic\u00ed stroje pro prim\u00e1rn\u00ed balen\u00ed. Spole\u010dnost Carugil je schopna dodat kompletn\u00ed syst\u00e9my pro tvarov\u00e1n\u00ed kuli\u010dek na kl\u00ed\u010d, v\u010detn\u011b p\u0159ed\u0159azen\u00fdch m\u00edcha\u010dek a va\u0159i\u010d\u016f. Tyto linky mohou m\u00edt kapacitu a\u017e 380 000 v\u00fdrobk\u016f za hodinu. S nov\u00fdmi konfiguracemi dvou linek lze dos\u00e1hnout v\u00fdrobn\u00edch v\u00fdkon\u016f a\u017e 1500 kg\/hod, p\u0159i\u010dem\u017e se vyu\u017eije prostor a pracovn\u00ed s\u00edla zabran\u00e1 pouze pro jednu linku.<\/p>\n<p>&nbsp;<\/p>\n<p><img decoding=\"async\" class=\"alignnone size-medium wp-image-2683\" src=\"https:\/\/cormac.eu\/wp-content\/uploads\/2022\/04\/Complete-ball-forming-line-Knipsel-300x98.jpg\" alt=\"\" width=\"300\" height=\"98\" srcset=\"https:\/\/cormac.eu\/wp-content\/uploads\/2022\/04\/Complete-ball-forming-line-Knipsel-300x98.jpg 300w, https:\/\/cormac.eu\/wp-content\/uploads\/2022\/04\/Complete-ball-forming-line-Knipsel-1024x335.jpg 1024w, https:\/\/cormac.eu\/wp-content\/uploads\/2022\/04\/Complete-ball-forming-line-Knipsel-768x252.jpg 768w, https:\/\/cormac.eu\/wp-content\/uploads\/2022\/04\/Complete-ball-forming-line-Knipsel-600x197.jpg 600w, https:\/\/cormac.eu\/wp-content\/uploads\/2022\/04\/Complete-ball-forming-line-Knipsel.jpg 1093w\" sizes=\"(max-width: 300px) 100vw, 300px\" \/><\/p>\n<p><img decoding=\"async\" class=\"alignnone wp-image-2641\" src=\"https:\/\/cormac.eu\/wp-content\/uploads\/2022\/04\/Gum-tennis-balls-300x208.jpg\" alt=\"\" width=\"166\" height=\"116\" srcset=\"https:\/\/cormac.eu\/wp-content\/uploads\/2022\/04\/Gum-tennis-balls-300x208.jpg 300w, https:\/\/cormac.eu\/wp-content\/uploads\/2022\/04\/Gum-tennis-balls.jpg 600w\" sizes=\"(max-width: 166px) 100vw, 166px\" \/><img decoding=\"async\" class=\"alignnone wp-image-2516\" src=\"https:\/\/cormac.eu\/wp-content\/uploads\/2022\/04\/Gum-center-filled-300x197.jpg\" alt=\"\" width=\"164\" height=\"108\" srcset=\"https:\/\/cormac.eu\/wp-content\/uploads\/2022\/04\/Gum-center-filled-300x197.jpg 300w, https:\/\/cormac.eu\/wp-content\/uploads\/2022\/04\/Gum-center-filled.jpg 600w\" sizes=\"(max-width: 164px) 100vw, 164px\" \/><img loading=\"lazy\" decoding=\"async\" class=\"alignnone wp-image-2671\" src=\"https:\/\/cormac.eu\/wp-content\/uploads\/2022\/04\/Gum-center-filled2-275x300.jpg\" alt=\"\" width=\"149\" height=\"163\" srcset=\"https:\/\/cormac.eu\/wp-content\/uploads\/2022\/04\/Gum-center-filled2-275x300.jpg 275w, https:\/\/cormac.eu\/wp-content\/uploads\/2022\/04\/Gum-center-filled2.jpg 600w\" sizes=\"(max-width: 149px) 100vw, 149px\" \/><img loading=\"lazy\" decoding=\"async\" class=\"alignnone wp-image-2676\" src=\"https:\/\/cormac.eu\/wp-content\/uploads\/2022\/04\/Gum-barrels2-300x209.jpg\" alt=\"\" width=\"154\" height=\"107\" srcset=\"https:\/\/cormac.eu\/wp-content\/uploads\/2022\/04\/Gum-barrels2-300x209.jpg 300w, https:\/\/cormac.eu\/wp-content\/uploads\/2022\/04\/Gum-barrels2.jpg 600w\" sizes=\"(max-width: 154px) 100vw, 154px\" \/><img loading=\"lazy\" decoding=\"async\" class=\"alignnone wp-image-2395\" src=\"https:\/\/cormac.eu\/wp-content\/uploads\/2022\/03\/Gum-fruits2-2.jpg\" alt=\"\" width=\"169\" height=\"103\" \/><\/p>\n<table style=\"height: 424px\" width=\"616\">\n<tbody>\n<tr>\n<td width=\"243\">\u00a0<strong>Funkce<\/strong><\/td>\n<td width=\"253\">\u00a0<strong>V\u00fdhody<\/strong><\/td>\n<\/tr>\n<tr>\n<td>Extruder STR s plnic\u00edm za\u0159\u00edzen\u00edm<\/td>\n<td>\n<ul>\n<li>pln\u011bn\u00ed pr\u00e1\u0161kem<\/li>\n<li>polotekut\u00e1 n\u00e1pl\u0148<\/li>\n<li>vysoce p\u0159esn\u00e9 d\u00e1vkov\u00e1n\u00ed<\/li>\n<\/ul>\n<\/td>\n<\/tr>\n<tr>\n<td>M\u00edchac\u00ed \u0161rouby na m\u00edru<\/td>\n<td>\n<ul>\n<li>p\u0159izp\u016fsoben\u00e9 pot\u0159eb\u00e1m z\u00e1kazn\u00edk\u016f<\/li>\n<\/ul>\n<\/td>\n<\/tr>\n<tr>\n<td>Automatick\u00e9 ovl\u00e1d\u00e1n\u00ed diemateru<\/td>\n<td>\n<ul>\n<li>konzistentn\u00ed produkt<\/li>\n<\/ul>\n<\/td>\n<\/tr>\n<tr>\n<td>Kuli\u010dkov\u00e1 hlavice je poh\u00e1n\u011bna servomotorem<\/td>\n<td>\n<ul>\n<li>\u0159\u00edzen\u00ed rychlosti a pohybu<\/li>\n<\/ul>\n<\/td>\n<\/tr>\n<tr>\n<td>Za\u0159\u00edzen\u00ed pro p\u0159edb\u011b\u017en\u00e9 zplo\u0161t\u011bn\u00ed na kulov\u00e9m lisu<\/td>\n<td>\n<ul>\n<li>zabr\u00e1nit \u00faniku kapaln\u00e9 n\u00e1pln\u011b<\/li>\n<\/ul>\n<\/td>\n<\/tr>\n<\/tbody>\n<\/table>\n<p>&nbsp;<\/p>","protected":false},"excerpt":{"rendered":"<p>Kulov\u00e9 tv\u00e1\u0159ec\u00ed linky pro v\u00fdrobu pln\u00fdch nebo st\u0159edem pln\u011bn\u00fdch v\u00e1lcov\u00fdch v\u00fdrobk\u016f s v\u00fdkonem a\u017e 380 000 kus\u016f za hodinu.<\/p>","protected":false},"featured_media":2680,"comment_status":"open","ping_status":"closed","template":"","meta":{"uix_meta_title":"","uix_meta_description":"","uix_canonical_url":""},"product_brand":[],"product_cat":[104],"product_tag":[],"class_list":{"0":"post-2681","1":"product","2":"type-product","3":"status-publish","4":"has-post-thumbnail","6":"product_cat-processing","8":"first","9":"instock","10":"shipping-taxable","11":"product-type-simple"},"_links":{"self":[{"href":"https:\/\/cormac.eu\/cs\/wp-json\/wp\/v2\/product\/2681","targetHints":{"allow":["GET"]}}],"collection":[{"href":"https:\/\/cormac.eu\/cs\/wp-json\/wp\/v2\/product"}],"about":[{"href":"https:\/\/cormac.eu\/cs\/wp-json\/wp\/v2\/types\/product"}],"replies":[{"embeddable":true,"href":"https:\/\/cormac.eu\/cs\/wp-json\/wp\/v2\/comments?post=2681"}],"wp:featuredmedia":[{"embeddable":true,"href":"https:\/\/cormac.eu\/cs\/wp-json\/wp\/v2\/media\/2680"}],"wp:attachment":[{"href":"https:\/\/cormac.eu\/cs\/wp-json\/wp\/v2\/media?parent=2681"}],"wp:term":[{"taxonomy":"product_brand","embeddable":true,"href":"https:\/\/cormac.eu\/cs\/wp-json\/wp\/v2\/product_brand?post=2681"},{"taxonomy":"product_cat","embeddable":true,"href":"https:\/\/cormac.eu\/cs\/wp-json\/wp\/v2\/product_cat?post=2681"},{"taxonomy":"product_tag","embeddable":true,"href":"https:\/\/cormac.eu\/cs\/wp-json\/wp\/v2\/product_tag?post=2681"}],"curies":[{"name":"wp","href":"https:\/\/api.w.org\/{rel}","templated":true}]}}