{"id":2664,"date":"2022-04-12T19:01:48","date_gmt":"2022-04-12T17:01:48","guid":{"rendered":"https:\/\/cormac.eu\/?post_type=product&#038;p=2664"},"modified":"2022-05-23T11:26:12","modified_gmt":"2022-05-23T09:26:12","slug":"balici-stroj-na-svazky-cwlb-600-800","status":"publish","type":"product","link":"https:\/\/cormac.eu\/cs\/product\/bunch-wrapper-cwlb-600-800\/","title":{"rendered":"Bali\u010dka svazk\u016f CWLB 600-800"},"content":{"rendered":"<p>Tento vysokorychlostn\u00ed stroj na balen\u00ed svazk\u016f l\u00edz\u00e1tek m\u016f\u017ee dos\u00e1hnout rychlosti a\u017e 800 kus\u016f za minutu p\u0159i zachov\u00e1n\u00ed mechanick\u00e9 spolehlivosti a kvality balen\u00ed. Velk\u00e1 balic\u00ed hlava je vybavena 12 balic\u00edmi stanicemi, kter\u00e9 jsou snadno odn\u00edmateln\u00e9. Inovativn\u00ed odoln\u00fd t\u011bsnic\u00ed syst\u00e9m n\u00e1m odpory s mimim\u00e1ln\u00ed spot\u0159ebou elektrick\u00e9 energie a umo\u017e\u0148uje rychlou a jednoduchou demont\u00e1\u017e. Stroj obsahuje syst\u00e9m, kter\u00fd nep\u0159etr\u017eit\u011b sleduje a automaticky upravuje mno\u017estv\u00ed balic\u00edho materi\u00e1lu, \u010d\u00edm\u017e zabra\u0148uje zbyte\u010dn\u00e9mu opot\u0159eben\u00ed pod\u00e1vac\u00edho v\u00e1lce. Stroj lze dodat s automatick\u00fdm syst\u00e9mem pod\u00e1v\u00e1n\u00ed a sb\u011bru, aby se sn\u00ed\u017eily n\u00e1klady na pracovn\u00ed s\u00edlu a zv\u00fd\u0161ila efektivita.<\/p>\n<p><img fetchpriority=\"high\" decoding=\"async\" class=\"alignnone wp-image-2660\" src=\"https:\/\/cormac.eu\/wp-content\/uploads\/2022\/04\/Bunch-lollies-300x214.jpg\" alt=\"\" width=\"300\" height=\"214\" srcset=\"https:\/\/cormac.eu\/wp-content\/uploads\/2022\/04\/Bunch-lollies-300x214.jpg 300w, https:\/\/cormac.eu\/wp-content\/uploads\/2022\/04\/Bunch-lollies.jpg 600w\" sizes=\"(max-width: 300px) 100vw, 300px\" \/><img decoding=\"async\" class=\"alignnone size-medium wp-image-2661\" src=\"https:\/\/cormac.eu\/wp-content\/uploads\/2022\/04\/Lollipop-with-flag-142x300.jpg\" alt=\"\" width=\"142\" height=\"300\" srcset=\"https:\/\/cormac.eu\/wp-content\/uploads\/2022\/04\/Lollipop-with-flag-142x300.jpg 142w, https:\/\/cormac.eu\/wp-content\/uploads\/2022\/04\/Lollipop-with-flag-486x1024.jpg 486w, https:\/\/cormac.eu\/wp-content\/uploads\/2022\/04\/Lollipop-with-flag.jpg 600w\" sizes=\"(max-width: 142px) 100vw, 142px\" \/><img decoding=\"async\" class=\"alignnone size-medium wp-image-2662\" src=\"https:\/\/cormac.eu\/wp-content\/uploads\/2022\/04\/Lollipop-with-tattoo-300x260.jpg\" alt=\"\" width=\"300\" height=\"260\" srcset=\"https:\/\/cormac.eu\/wp-content\/uploads\/2022\/04\/Lollipop-with-tattoo-300x260.jpg 300w, https:\/\/cormac.eu\/wp-content\/uploads\/2022\/04\/Lollipop-with-tattoo.jpg 600w\" sizes=\"(max-width: 300px) 100vw, 300px\" \/><\/p>\n<p>&nbsp;<\/p>\n<p>&nbsp;<\/p>\n<table width=\"571\">\n<tbody>\n<tr>\n<td width=\"286\"><strong>Funkce<\/strong><\/td>\n<td width=\"286\"><strong>V\u00fdhody<\/strong><\/td>\n<\/tr>\n<tr>\n<td width=\"286\">Proveden\u00ed z nerezov\u00e9 oceli<\/td>\n<td width=\"286\">\n<ul>\n<li>Snadn\u00e9 \u010di\u0161t\u011bn\u00ed<\/li>\n<li>Hygienick\u00fd design<\/li>\n<\/ul>\n<\/td>\n<\/tr>\n<tr>\n<td width=\"286\">Robustn\u00ed r\u00e1m stroje<\/td>\n<td width=\"286\">\n<ul>\n<li>Spolehliv\u00e9<\/li>\n<li>Dlouh\u00e1 technick\u00e1 \u017eivotnost<\/li>\n<\/ul>\n<\/td>\n<\/tr>\n<tr>\n<td width=\"286\">Integrovan\u00fd teleskopick\u00fd syst\u00e9m<\/td>\n<td width=\"286\">\n<ul>\n<li>Snadn\u00e9 odpojen\u00ed balic\u00edch stanic<\/li>\n<li>Snadn\u00e1 \u00fadr\u017eba balic\u00ed hlavy<\/li>\n<\/ul>\n<\/td>\n<\/tr>\n<tr>\n<td width=\"286\">Dotykov\u00fd displej<\/td>\n<td width=\"286\">\n<ul>\n<li>Snadn\u00e9 ovl\u00e1d\u00e1n\u00ed synchronizace<\/li>\n<li>zobrazen\u00ed alarmu<\/li>\n<li>\u00dalo\u017ei\u0161t\u011b nastaven\u00ed<\/li>\n<\/ul>\n<\/td>\n<\/tr>\n<tr>\n<td width=\"286\">P\u0159ipojen\u00ed modemu<\/td>\n<td width=\"286\">\n<ul>\n<li>Vzd\u00e1len\u00e1 podpora<\/li>\n<li>snadn\u00e1 integrace do intranetu u\u017eivatele<\/li>\n<\/ul>\n<\/td>\n<\/tr>\n<tr>\n<td width=\"286\">Mo\u017enosti automatizace<\/td>\n<td width=\"286\">\n<ul>\n<li>Pod\u00e1vac\u00ed p\u00e1s<\/li>\n<li>vyprazd\u0148ovac\u00ed\/sb\u011brn\u00fd p\u00e1s<\/li>\n<li>Po\u010d\u00edt\u00e1n\u00ed v\u00fdrobk\u016f \u0159\u00edzen\u00e9 PLC<\/li>\n<\/ul>\n<\/td>\n<\/tr>\n<\/tbody>\n<\/table>\n<p>&nbsp;<\/p>\n<table>\n<tbody>\n<tr>\n<td width=\"230\"><\/td>\n<td width=\"115\">\n<p style=\"text-align: center;\"><strong>CLWB 400<\/strong><\/p>\n<\/td>\n<td style=\"text-align: center;\" width=\"115\"><strong>CLWB 600<\/strong><\/td>\n<td width=\"115\">\n<p style=\"text-align: center;\"><strong>CLWB 800<\/strong><\/p>\n<\/td>\n<\/tr>\n<tr>\n<td width=\"230\"><strong>Kapacita<\/strong><\/td>\n<td width=\"115\">\n<p style=\"text-align: center;\">400 ppm<\/p>\n<\/td>\n<td style=\"text-align: center;\" width=\"115\">600 ppm<\/td>\n<td width=\"115\">\n<p style=\"text-align: center;\">800 ppm<\/p>\n<\/td>\n<\/tr>\n<tr>\n<td width=\"230\"><strong>lollypop <\/strong><strong>Rozsah \u00d8<\/strong><\/td>\n<td width=\"115\">\n<p style=\"text-align: center;\">18 - 35 mm<\/p>\n<\/td>\n<td style=\"text-align: center;\" width=\"115\">18 - 35 mm<\/td>\n<td width=\"115\">\n<p style=\"text-align: center;\">18 - 35 mm<\/p>\n<\/td>\n<\/tr>\n<tr>\n<td width=\"230\"><strong>Maxim\u00e1ln\u00ed d\u00e9lka koule<\/strong><\/td>\n<td width=\"115\">\n<p style=\"text-align: center;\">40 mm<\/p>\n<\/td>\n<td style=\"text-align: center;\" width=\"115\">40 mm<\/td>\n<td width=\"115\">\n<p style=\"text-align: center;\">40 mm<\/p>\n<\/td>\n<\/tr>\n<tr>\n<td width=\"230\"><strong>Stick <\/strong><strong>Rozsah \u00d8<\/strong><\/td>\n<td width=\"115\">\n<p style=\"text-align: center;\">3,2 - 6 mm<\/p>\n<\/td>\n<td style=\"text-align: center;\" width=\"115\">3,2 - 6 mm<\/td>\n<td width=\"115\">\n<p style=\"text-align: center;\">3,2 - 6 mm<\/p>\n<\/td>\n<\/tr>\n<tr>\n<td width=\"230\"><strong>\u0160\u00ed\u0159ka obalov\u00e9ho materi\u00e1lu<\/strong><\/td>\n<td width=\"115\">\n<p style=\"text-align: center;\">80 - 135 mm<\/p>\n<\/td>\n<td style=\"text-align: center;\" width=\"115\">80 - 135 mm<\/td>\n<td width=\"115\">\n<p style=\"text-align: center;\">80 - 135 mm<\/p>\n<\/td>\n<\/tr>\n<tr>\n<td width=\"230\"><strong>Maxim\u00e1ln\u00ed d\u00e9lka obalov\u00e9ho materi\u00e1lu<\/strong><\/td>\n<td width=\"115\">\n<p style=\"text-align: center;\">135 mm<\/p>\n<\/td>\n<td style=\"text-align: center;\" width=\"115\">135 mm<\/td>\n<td width=\"115\">\n<p style=\"text-align: center;\">135 mm<\/p>\n<\/td>\n<\/tr>\n<tr>\n<td width=\"230\"><strong>Rozsah hmotnosti obalov\u00e9ho materi\u00e1lu<\/strong><\/td>\n<td width=\"115\">\n<p style=\"text-align: center;\">35-45 gr\/m2<\/p>\n<\/td>\n<td style=\"text-align: center;\" width=\"115\">35-45 gr\/m2<\/td>\n<td width=\"115\">\n<p style=\"text-align: center;\">35-45 gr\/m2<\/p>\n<\/td>\n<\/tr>\n<tr>\n<td width=\"230\"><strong>Max. vn\u011bj\u0161\u00ed<\/strong><strong> \u00d8 kotou\u010de <\/strong><\/td>\n<td width=\"115\">\n<p style=\"text-align: center;\">300 mm<\/p>\n<\/td>\n<td style=\"text-align: center;\" width=\"115\">300 mm<\/td>\n<td width=\"115\">\n<p style=\"text-align: center;\">300 mm<\/p>\n<\/td>\n<\/tr>\n<tr>\n<td width=\"230\"><strong>Vnit\u0159n\u00ed navij\u00e1k <\/strong><strong>Rozsah \u00d8<\/strong><\/td>\n<td width=\"115\">\n<p style=\"text-align: center;\">70 - 76 mm<\/p>\n<\/td>\n<td style=\"text-align: center;\" width=\"115\">70 - 76 mm<\/td>\n<td width=\"115\">\n<p style=\"text-align: center;\">70 - 76 mm<\/p>\n<\/td>\n<\/tr>\n<tr>\n<td width=\"230\"><strong>Z\u00e1t\u011b\u017eov\u00fd stroj<\/strong><\/td>\n<td width=\"115\">\n<p style=\"text-align: center;\">1100 kg<\/p>\n<\/td>\n<td style=\"text-align: center;\" width=\"115\">1200 kg<\/td>\n<td width=\"115\">\n<p style=\"text-align: center;\">2500 kg<\/p>\n<\/td>\n<\/tr>\n<tr>\n<td width=\"230\"><strong>Power<\/strong><\/td>\n<td width=\"115\">\n<p style=\"text-align: center;\">5,5 kW<\/p>\n<\/td>\n<td style=\"text-align: center;\" width=\"115\">9,0 kW<\/td>\n<td width=\"115\">\n<p style=\"text-align: center;\">14,0 kW<\/p>\n<\/td>\n<\/tr>\n<\/tbody>\n<\/table>","protected":false},"excerpt":{"rendered":"<p>Vysokorychlostn\u00ed balic\u00ed stroj na l\u00edz\u00e1tka ve tvaru koule s rychlost\u00ed a\u017e 800 stran za minutu.<\/p>","protected":false},"featured_media":2659,"comment_status":"open","ping_status":"closed","template":"","meta":{"uix_meta_title":"","uix_meta_description":"","uix_canonical_url":""},"product_brand":[],"product_cat":[104],"product_tag":[],"class_list":{"0":"post-2664","1":"product","2":"type-product","3":"status-publish","4":"has-post-thumbnail","6":"product_cat-processing","8":"first","9":"instock","10":"shipping-taxable","11":"product-type-simple"},"_links":{"self":[{"href":"https:\/\/cormac.eu\/cs\/wp-json\/wp\/v2\/product\/2664","targetHints":{"allow":["GET"]}}],"collection":[{"href":"https:\/\/cormac.eu\/cs\/wp-json\/wp\/v2\/product"}],"about":[{"href":"https:\/\/cormac.eu\/cs\/wp-json\/wp\/v2\/types\/product"}],"replies":[{"embeddable":true,"href":"https:\/\/cormac.eu\/cs\/wp-json\/wp\/v2\/comments?post=2664"}],"wp:featuredmedia":[{"embeddable":true,"href":"https:\/\/cormac.eu\/cs\/wp-json\/wp\/v2\/media\/2659"}],"wp:attachment":[{"href":"https:\/\/cormac.eu\/cs\/wp-json\/wp\/v2\/media?parent=2664"}],"wp:term":[{"taxonomy":"product_brand","embeddable":true,"href":"https:\/\/cormac.eu\/cs\/wp-json\/wp\/v2\/product_brand?post=2664"},{"taxonomy":"product_cat","embeddable":true,"href":"https:\/\/cormac.eu\/cs\/wp-json\/wp\/v2\/product_cat?post=2664"},{"taxonomy":"product_tag","embeddable":true,"href":"https:\/\/cormac.eu\/cs\/wp-json\/wp\/v2\/product_tag?post=2664"}],"curies":[{"name":"wp","href":"https:\/\/api.w.org\/{rel}","templated":true}]}}