{"id":2657,"date":"2022-04-12T18:48:22","date_gmt":"2022-04-12T16:48:22","guid":{"rendered":"https:\/\/cormac.eu\/?post_type=product&#038;p=2657"},"modified":"2022-05-30T16:24:50","modified_gmt":"2022-05-30T14:24:50","slug":"extruder-cstr","status":"publish","type":"product","link":"https:\/\/cormac.eu\/cs\/product\/extruder-cstr\/","title":{"rendered":"Extruder CSTR"},"content":{"rendered":"<p>Dvou\u0161nekov\u00e9 protism\u011brn\u011b rotuj\u00edc\u00ed extrudery pro v\u00fdrobu produkt\u016f, jako jsou ovocn\u00e9 pasty, m\u011bkk\u00e9 bonbony, karamely, cere\u00e1ln\u00ed a proteinov\u00e9 ty\u010dinky, \u017ev\u00fdka\u010dky a bublinkov\u00e9 \u017ev\u00fdka\u010dky, vytla\u010dov\u00e1n\u00edm. Tato \u0159ada extrud\u00e9r\u016f je vhodn\u00e1 zejm\u00e9na pro v\u00fdrobu v\u00fdrobk\u016f se st\u0159edovou n\u00e1pln\u00ed. pod vysok\u00fdm tlakem je hmota neust\u00e1le vytla\u010dov\u00e1na v rovnom\u011brn\u00e9m toku. K vytla\u010dovac\u00ed hlav\u011b je mo\u017en\u00e9 p\u0159ipojit plnic\u00ed za\u0159\u00edzen\u00ed pro pr\u00e1\u0161ky, granule, polotekut\u00e9 nebo granulovan\u00e9 v\u00fdrobky a vyr\u00e1b\u011bt tak specializovan\u00e9 v\u00fdrobky se st\u0159edovou n\u00e1pln\u00ed. P\u0159i kombinaci 2 nebo v\u00edce vytla\u010dovac\u00edch stroj\u016f lze vyr\u00e1b\u011bt koextrudovan\u00e9 v\u00fdrobky. D\u00edky \u0161irok\u00e9mu sortimentu vytla\u010dovac\u00edch hlav a speci\u00e1ln\u00edch trysek lze vyr\u00e1b\u011bt mnoho kombinac\u00ed tvar\u016f, p\u0159\u00edchut\u00ed a barev.<\/p>\n<p><img decoding=\"async\" class=\"alignnone wp-image-2655\" src=\"https:\/\/cormac.eu\/wp-content\/uploads\/2022\/04\/Gum-bazooka-300x188.jpg\" alt=\"\" width=\"209\" height=\"131\" srcset=\"https:\/\/cormac.eu\/wp-content\/uploads\/2022\/04\/Gum-bazooka-300x188.jpg 300w, https:\/\/cormac.eu\/wp-content\/uploads\/2022\/04\/Gum-bazooka.jpg 600w\" sizes=\"(max-width: 209px) 100vw, 209px\" \/><img decoding=\"async\" class=\"alignnone wp-image-2654\" src=\"https:\/\/cormac.eu\/wp-content\/uploads\/2022\/04\/Chewy-cubes2.jpg\" alt=\"\" width=\"214\" height=\"126\" \/><img decoding=\"async\" class=\"alignnone wp-image-2656\" src=\"https:\/\/cormac.eu\/wp-content\/uploads\/2022\/04\/Chewy-bar2-300x85.jpg\" alt=\"\" width=\"339\" height=\"96\" srcset=\"https:\/\/cormac.eu\/wp-content\/uploads\/2022\/04\/Chewy-bar2-300x85.jpg 300w, https:\/\/cormac.eu\/wp-content\/uploads\/2022\/04\/Chewy-bar2.jpg 600w\" sizes=\"(max-width: 339px) 100vw, 339px\" \/><\/p>\n<p>&nbsp;<\/p>\n<table width=\"604\">\n<tbody>\n<tr>\n<td width=\"302\"><strong>Funkce<\/strong><\/td>\n<td width=\"302\"><strong>V\u00fdhody<\/strong><\/td>\n<\/tr>\n<tr>\n<td width=\"302\">Odoln\u00fd design a konstrukce<\/td>\n<td width=\"302\">\n<ul>\n<li>Dlouh\u00e1 \u017eivotnost<\/li>\n<li>bezpe\u010dn\u00fd provoz<\/li>\n<\/ul>\n<\/td>\n<\/tr>\n<tr>\n<td width=\"302\">Nerezov\u00e1 ocel pro oblasti kontaktu s produktem<\/td>\n<td width=\"302\">\n<ul>\n<li>Bezpe\u010dnost potravin<\/li>\n<li>Hygiena<\/li>\n<\/ul>\n<\/td>\n<\/tr>\n<tr>\n<td width=\"302\">2-\u0161roubov\u00fd p\u0159\u00edvod a protib\u011b\u017en\u00e9 \u0161rouby<\/td>\n<td width=\"302\">\n<ul>\n<li>Stabiln\u00ed p\u0159\u00edvod<\/li>\n<li>konstantn\u00ed tok v\u00fdrobk\u016f<\/li>\n<\/ul>\n<\/td>\n<\/tr>\n<tr>\n<td width=\"302\">Vytla\u010dovac\u00ed hlava s dvojit\u00fdm pl\u00e1\u0161t\u011bm a regulac\u00ed teploty Electronix<\/td>\n<td width=\"302\">\n<ul>\n<li>Rovnom\u011brn\u00e1 teplota a regulace<\/li>\n<\/ul>\n<\/td>\n<\/tr>\n<tr>\n<td width=\"302\">Pohon s prom\u011bnlivou rychlost\u00ed<\/td>\n<td width=\"302\">\n<ul>\n<li>P\u0159esn\u00e9 \u0159\u00edzen\u00ed procesu a rychlosti<\/li>\n<\/ul>\n<\/td>\n<\/tr>\n<tr>\n<td width=\"302\">Mo\u017enosti<\/td>\n<td width=\"302\">\n<ul>\n<li>Kombinace v\u00edce extrud\u00e9r\u016f<\/li>\n<\/ul>\n<\/td>\n<\/tr>\n<\/tbody>\n<\/table>","protected":false},"excerpt":{"rendered":"<p>Dvou\u0161nekov\u00fd extrud\u00e9r pro v\u00fdrobu ovocn\u00fdch past, m\u011bkk\u00fdch bonbon\u016f, karamel, cere\u00e1ln\u00edch a proteinov\u00fdch ty\u010dinek, \u017ev\u00fdka\u010dek a bublinkov\u00fdch \u017ev\u00fdka\u010dek.<\/p>","protected":false},"featured_media":2658,"comment_status":"open","ping_status":"closed","template":"","meta":{"uix_meta_title":"","uix_meta_description":"","uix_canonical_url":""},"product_brand":[],"product_cat":[104],"product_tag":[],"class_list":{"0":"post-2657","1":"product","2":"type-product","3":"status-publish","4":"has-post-thumbnail","6":"product_cat-processing","8":"first","9":"instock","10":"shipping-taxable","11":"product-type-simple"},"_links":{"self":[{"href":"https:\/\/cormac.eu\/cs\/wp-json\/wp\/v2\/product\/2657","targetHints":{"allow":["GET"]}}],"collection":[{"href":"https:\/\/cormac.eu\/cs\/wp-json\/wp\/v2\/product"}],"about":[{"href":"https:\/\/cormac.eu\/cs\/wp-json\/wp\/v2\/types\/product"}],"replies":[{"embeddable":true,"href":"https:\/\/cormac.eu\/cs\/wp-json\/wp\/v2\/comments?post=2657"}],"wp:featuredmedia":[{"embeddable":true,"href":"https:\/\/cormac.eu\/cs\/wp-json\/wp\/v2\/media\/2658"}],"wp:attachment":[{"href":"https:\/\/cormac.eu\/cs\/wp-json\/wp\/v2\/media?parent=2657"}],"wp:term":[{"taxonomy":"product_brand","embeddable":true,"href":"https:\/\/cormac.eu\/cs\/wp-json\/wp\/v2\/product_brand?post=2657"},{"taxonomy":"product_cat","embeddable":true,"href":"https:\/\/cormac.eu\/cs\/wp-json\/wp\/v2\/product_cat?post=2657"},{"taxonomy":"product_tag","embeddable":true,"href":"https:\/\/cormac.eu\/cs\/wp-json\/wp\/v2\/product_tag?post=2657"}],"curies":[{"name":"wp","href":"https:\/\/api.w.org\/{rel}","templated":true}]}}