{"id":2643,"date":"2022-04-12T18:11:57","date_gmt":"2022-04-12T16:11:57","guid":{"rendered":"https:\/\/cormac.eu\/?post_type=product&#038;p=2643"},"modified":"2022-05-30T16:24:58","modified_gmt":"2022-05-30T14:24:58","slug":"chladici-tunel-ctm","status":"publish","type":"product","link":"https:\/\/cormac.eu\/cs\/product\/coolin-tunnel-ctm\/","title":{"rendered":"Chladic\u00ed tunel CTM"},"content":{"rendered":"<p>Chladic\u00ed tunel Carugil Model CTM pro chlazen\u00ed kulov\u00fdch a v\u00e1lcov\u00fdch kus\u016f, pln\u00fdch, dut\u00fdch i pln\u011bn\u00fdch. B\u011bhem chlazen\u00ed z\u016fst\u00e1v\u00e1 tvar v\u00fdrobku nedot\u010den. D\u00edky \u00fa\u010dinn\u00e9mu syst\u00e9mu proud\u011bn\u00ed chladic\u00edho vzduchu je mo\u017en\u00e9 dos\u00e1hnout vysok\u00fdch v\u00fdkon\u016f a\u017e 1000 kg\/hod. Tento chladic\u00ed tunel lze dodat s r\u016fzn\u00fdmi variantami, aby vyhovoval specifick\u00e9 situaci a po\u017eadavk\u016fm z\u00e1kazn\u00edka. Krom\u011b toho je lze v z\u00e1vislosti na modelu dodate\u010dn\u011b roz\u0161\u00ed\u0159it na vy\u0161\u0161\u00ed v\u00fdkony.<br \/>\nTyto chladic\u00ed tunely lze konfigurovat v otev\u0159en\u00e9m nebo uzav\u0159en\u00e9m proveden\u00ed, pro mal\u00e9 a st\u0159edn\u00ed v\u00fdrobce nebo pro v\u011bt\u0161\u00ed pr\u016fmyslov\u00e9 podniky. Chlazen\u00ed m\u016f\u017ee prob\u00edhat pomoc\u00ed plynu nebo chlazen\u00e9 vody.<\/p>\n<p><img decoding=\"async\" class=\"alignnone wp-image-2645\" src=\"https:\/\/cormac.eu\/wp-content\/uploads\/2022\/04\/Chewy-candy-lozenges-300x202.jpg\" alt=\"\" width=\"201\" height=\"135\" srcset=\"https:\/\/cormac.eu\/wp-content\/uploads\/2022\/04\/Chewy-candy-lozenges-300x202.jpg 300w, https:\/\/cormac.eu\/wp-content\/uploads\/2022\/04\/Chewy-candy-lozenges.jpg 600w\" sizes=\"(max-width: 201px) 100vw, 201px\" \/><img decoding=\"async\" class=\"alignnone wp-image-2642\" src=\"https:\/\/cormac.eu\/wp-content\/uploads\/2022\/04\/Mentos-Choco.jpg\" alt=\"\" width=\"184\" height=\"135\" \/><\/p>\n<p>&nbsp;<\/p>\n<table>\n<tbody>\n<tr>\n<td width=\"302\"><strong>Funkce<\/strong><\/td>\n<td width=\"302\"><strong>V\u00fdhody<\/strong><\/td>\n<\/tr>\n<tr>\n<td width=\"302\">Mimo\u0159\u00e1dn\u011b velk\u00e9 \u00farovn\u011b produkt\u016f<\/td>\n<td width=\"302\">\n<ul>\n<li>Neust\u00e1l\u00e9 v\u00e1lcov\u00e1n\u00ed v\u00fdrobk\u016f<\/li>\n<li>Zabra\u0148uje deformaci<\/li>\n<\/ul>\n<\/td>\n<\/tr>\n<tr>\n<td width=\"302\">Optim\u00e1ln\u00ed syst\u00e9m proud\u011bn\u00ed chladic\u00edho vzduchu<\/td>\n<td width=\"302\">\n<ul>\n<li>Vysok\u00e1 kapacita<\/li>\n<li>Rovnom\u011brn\u00e9 chlazen\u00ed<\/li>\n<\/ul>\n<\/td>\n<\/tr>\n<tr>\n<td width=\"302\">P\u0159ipojen\u00ed modemu<\/td>\n<td width=\"302\">\n<ul>\n<li>Mo\u017enost vzd\u00e1len\u00e9 pomoci<\/li>\n<\/ul>\n<\/td>\n<\/tr>\n<tr>\n<td width=\"302\">Proveden\u00ed z nerezov\u00e9 oceli<\/td>\n<td width=\"302\">\n<ul>\n<li>Hygiena<\/li>\n<li>snadn\u00e9 \u010di\u0161t\u011bn\u00ed<\/li>\n<\/ul>\n<\/td>\n<\/tr>\n<\/tbody>\n<\/table>\n<p>&nbsp;<\/p>\n<table>\n<tbody>\n<tr>\n<td width=\"201\">\n<p style=\"text-align: center;\">\n<\/td>\n<td style=\"text-align: center;\" width=\"201\"><strong>Model CTM-6000<\/strong><\/td>\n<td width=\"201\">\n<p style=\"text-align: center;\"><strong>Model CTM-6000 C<\/strong><\/p>\n<\/td>\n<\/tr>\n<tr>\n<td width=\"201\"><strong>Kapacita<\/strong><\/td>\n<td width=\"201\">\n<p style=\"text-align: center;\">A\u017e 1000 kg\/hod<\/p>\n<\/td>\n<td width=\"201\">\n<p style=\"text-align: center;\">A\u017e 1000 kg\/hod<\/p>\n<\/td>\n<\/tr>\n<tr>\n<td width=\"201\"><strong>Nr. \u00darovn\u00ed<\/strong><\/td>\n<td width=\"201\">\n<p style=\"text-align: center;\">3<\/p>\n<\/td>\n<td width=\"201\">\n<p style=\"text-align: center;\">3<\/p>\n<\/td>\n<\/tr>\n<tr>\n<td width=\"201\"><strong>Rozm\u011bry<\/strong><\/td>\n<td width=\"201\">\n<p style=\"text-align: center;\">2985 x 1120 x 965 mm<\/p>\n<\/td>\n<td width=\"201\">\n<p style=\"text-align: center;\">3750 x 1710 x 1800 mm<\/p>\n<\/td>\n<\/tr>\n<tr>\n<td width=\"201\"><strong>Chladic\u00ed syst\u00e9m<\/strong><\/td>\n<td width=\"201\">\n<p style=\"text-align: center;\">Okoln\u00ed vzduch<\/p>\n<\/td>\n<td width=\"201\">\n<p style=\"text-align: center;\">A\u017e 30 kW<\/p>\n<\/td>\n<\/tr>\n<tr>\n<td width=\"201\"><strong>Power<\/strong><\/td>\n<td width=\"201\">\n<p style=\"text-align: center;\">1,05 kW<\/p>\n<\/td>\n<td width=\"201\">\n<p style=\"text-align: center;\">1,05 kW + chladic\u00ed jednotka<\/p>\n<\/td>\n<\/tr>\n<\/tbody>\n<\/table>","protected":false},"excerpt":{"rendered":"<p>Chladic\u00ed tunel pro chlazen\u00ed kulov\u00fdch a v\u00e1lcov\u00fdch kus\u016f, pln\u00fdch, dut\u00fdch a pln\u011bn\u00fdch.<\/p>","protected":false},"featured_media":2644,"comment_status":"open","ping_status":"closed","template":"","meta":{"uix_meta_title":"","uix_meta_description":"","uix_canonical_url":""},"product_brand":[],"product_cat":[104],"product_tag":[],"class_list":{"0":"post-2643","1":"product","2":"type-product","3":"status-publish","4":"has-post-thumbnail","6":"product_cat-processing","8":"first","9":"instock","10":"shipping-taxable","11":"product-type-simple"},"_links":{"self":[{"href":"https:\/\/cormac.eu\/cs\/wp-json\/wp\/v2\/product\/2643","targetHints":{"allow":["GET"]}}],"collection":[{"href":"https:\/\/cormac.eu\/cs\/wp-json\/wp\/v2\/product"}],"about":[{"href":"https:\/\/cormac.eu\/cs\/wp-json\/wp\/v2\/types\/product"}],"replies":[{"embeddable":true,"href":"https:\/\/cormac.eu\/cs\/wp-json\/wp\/v2\/comments?post=2643"}],"wp:featuredmedia":[{"embeddable":true,"href":"https:\/\/cormac.eu\/cs\/wp-json\/wp\/v2\/media\/2644"}],"wp:attachment":[{"href":"https:\/\/cormac.eu\/cs\/wp-json\/wp\/v2\/media?parent=2643"}],"wp:term":[{"taxonomy":"product_brand","embeddable":true,"href":"https:\/\/cormac.eu\/cs\/wp-json\/wp\/v2\/product_brand?post=2643"},{"taxonomy":"product_cat","embeddable":true,"href":"https:\/\/cormac.eu\/cs\/wp-json\/wp\/v2\/product_cat?post=2643"},{"taxonomy":"product_tag","embeddable":true,"href":"https:\/\/cormac.eu\/cs\/wp-json\/wp\/v2\/product_tag?post=2643"}],"curies":[{"name":"wp","href":"https:\/\/api.w.org\/{rel}","templated":true}]}}