{"id":2491,"date":"2022-04-08T17:47:59","date_gmt":"2022-04-08T15:47:59","guid":{"rendered":"https:\/\/cormac.eu\/?post_type=product&#038;p=2491"},"modified":"2022-05-30T16:26:38","modified_gmt":"2022-05-30T14:26:38","slug":"batvch-temperacni-stroj","status":"publish","type":"product","link":"https:\/\/cormac.eu\/cs\/product\/batvch-tempering-machine\/","title":{"rendered":"D\u00e1vkov\u00e9 temperovac\u00ed za\u0159\u00edzen\u00ed"},"content":{"rendered":"<p>Tato jednotka pro temperov\u00e1n\u00ed \u010dokol\u00e1dy se pou\u017e\u00edv\u00e1 k p\u0159\u00edprav\u011b \u010dokol\u00e1dy na tvarov\u00e1n\u00ed a potahov\u00e1n\u00ed. M\u016f\u017ee b\u00fdt dod\u00e1na s kapacitou d\u00e1vky 40 KG nebo 100 KG.<\/p>\n<p>\u010cokol\u00e1da se do dvoupl\u00e1\u0161\u0165ov\u00e9 n\u00e1dr\u017ee p\u0159iv\u00e1d\u00ed automaticky pomoc\u00ed pod\u00e1vac\u00edho \u010derpadla. Stroj umo\u017e\u0148uje automatick\u00fd p\u0159\u00edvod studen\u00e9 vody pomoc\u00ed elektromagnetick\u00e9ho ventilu napojen\u00e9ho na digit\u00e1ln\u00ed teplom\u011br. Uvnit\u0159 n\u00e1dr\u017ee jsou na h\u0159\u00eddeli poh\u00e1n\u011bn\u00e9 motorem namontov\u00e1ny oto\u010dn\u00e9 desky. Desky jsou um\u00edst\u011bny v odd\u011blen\u00fdch prostorech chlazen\u00fdch cirkuluj\u00edc\u00ed chlazenou vodou. \u010cokol\u00e1da cirkuluje mezi deskami a odd\u00edlem, co\u017e zaji\u0161\u0165uje \u00fa\u010dinn\u00fd p\u0159enos teploty. Digit\u00e1ln\u00ed teplom\u011br \u0159\u00edd\u00ed po\u017eadovan\u00fd rozsah teplot prost\u0159ednictv\u00edm sv\u00e9ho spojen\u00ed s elektrick\u00fdm oh\u0159evem nebo elektromagnetick\u00fdm ventilem pro p\u0159\u00edvod studen\u00e9 vody. Z tempera\u010dn\u00edho za\u0159\u00edzen\u00ed je temperovan\u00e1 \u010dokol\u00e1da \u010derp\u00e1na do m\u00edsta spot\u0159eby, odkud m\u016f\u017ee b\u00fdt nespot\u0159ebovan\u00e1 \u010dokol\u00e1da vr\u00e1cena zp\u011bt do tempera\u010dn\u00edho za\u0159\u00edzen\u00ed. Sou\u010d\u00e1st\u00ed dod\u00e1vky mohou b\u00fdt \u010derpadla a potrub\u00ed. Stroj m\u016f\u017ee temperovat jak oby\u010dejnou \u010dokol\u00e1du, tak \u010dokol\u00e1du s inkluzemi.<\/p>\n<p><em>Temperace je proces, p\u0159i kter\u00e9m se krystaly kakaov\u00e9ho m\u00e1sla v \u010dokol\u00e1d\u011b znovu vytvo\u0159\u00ed stabiln\u00ed krystaly beta. Prvn\u00edm krokem tohoto procesu je zpravidla zah\u0159\u00e1t\u00ed \u010dokol\u00e1dy na teplotu 46 \u00b0C, v d\u016fsledku \u010deho\u017e se v\u0161ech \u0161est forem krystal\u016f rozpust\u00ed. Ve druh\u00e9m kroku se \u010dokol\u00e1da ochlad\u00ed na teplotu p\u0159ibli\u017en\u011b 27 \u00b0C.  P\u0159i t\u00e9to teplot\u011b se \u010dokol\u00e1da rozru\u0161\u00ed, aby se v n\u00ed vytvo\u0159ily mal\u00e9 krystalky.  Pot\u00e9 se \u010dokol\u00e1da zah\u0159eje zp\u011bt na teplotu 31 \u00b0C , co\u017e m\u00e1 za n\u00e1sledek, \u017ee v \u010dokol\u00e1dov\u00e9 hmot\u011b z\u016fstanou pouze po\u017eadovan\u00e9 krystaly formy V. \u010cokol\u00e1da se nyn\u00ed mus\u00ed udr\u017eovat na t\u00e9to teplot\u011b, aby byla p\u0159ipravena k pou\u017eit\u00ed pro formov\u00e1n\u00ed nebo potahov\u00e1n\u00ed, \u010d\u00edm\u017e se zajist\u00ed hladk\u00e1 a leskl\u00e1 \u010dokol\u00e1da.<\/em><\/p>\n<p>&nbsp;<\/p>\n<table width=\"604\">\n<tbody>\n<tr>\n<td width=\"302\"><strong>Funkce<\/strong><\/td>\n<td width=\"302\"><strong>V\u00fdhody<\/strong><\/td>\n<\/tr>\n<tr>\n<td width=\"302\">Kompaktn\u00ed design<\/td>\n<td width=\"302\">\n<ul>\n<li>Z\u00e1bor mal\u00e9ho prostoru<\/li>\n<\/ul>\n<\/td>\n<\/tr>\n<tr>\n<td width=\"302\">Pr\u016fhledn\u00fd kryt<\/td>\n<td width=\"302\">\n<ul>\n<li>Vizu\u00e1ln\u00ed kontrola b\u011bhem procesu<\/li>\n<li>Snadn\u00fd p\u0159\u00edstup pro \u010di\u0161t\u011bn\u00ed<\/li>\n<\/ul>\n<\/td>\n<\/tr>\n<tr>\n<td width=\"302\">M\u00edchadlo se \u0161krabkami<\/td>\n<td width=\"302\">\n<ul>\n<li>Udr\u017eujte \u010dokol\u00e1du homogenn\u00ed<\/li>\n<li>Udr\u017eujte vnit\u0159n\u00ed st\u011bnu n\u00e1dr\u017ee \u010distou<\/li>\n<\/ul>\n<\/td>\n<\/tr>\n<tr>\n<td width=\"302\">Sonda PT-100 uprost\u0159ed n\u00e1dr\u017ee<\/td>\n<td width=\"302\">\n<ul>\n<li>Ode\u010det teploty v nejteplej\u0161\u00edm bod\u011b<\/li>\n<\/ul>\n<\/td>\n<\/tr>\n<tr>\n<td width=\"302\"><\/td>\n<td width=\"302\"><\/td>\n<\/tr>\n<\/tbody>\n<\/table>","protected":false},"excerpt":{"rendered":"<p>D\u00e1vkovac\u00ed temperovac\u00ed stroj na \u010dokol\u00e1du pro 40 nebo 100 kg<\/p>","protected":false},"featured_media":2482,"comment_status":"open","ping_status":"closed","template":"","meta":{"uix_meta_title":"","uix_meta_description":"","uix_canonical_url":""},"product_brand":[],"product_cat":[104,107],"product_tag":[],"class_list":{"0":"post-2491","1":"product","2":"type-product","3":"status-publish","4":"has-post-thumbnail","6":"product_cat-processing","7":"product_cat-artisanal","9":"first","10":"instock","11":"shipping-taxable","12":"product-type-simple"},"_links":{"self":[{"href":"https:\/\/cormac.eu\/cs\/wp-json\/wp\/v2\/product\/2491","targetHints":{"allow":["GET"]}}],"collection":[{"href":"https:\/\/cormac.eu\/cs\/wp-json\/wp\/v2\/product"}],"about":[{"href":"https:\/\/cormac.eu\/cs\/wp-json\/wp\/v2\/types\/product"}],"replies":[{"embeddable":true,"href":"https:\/\/cormac.eu\/cs\/wp-json\/wp\/v2\/comments?post=2491"}],"wp:featuredmedia":[{"embeddable":true,"href":"https:\/\/cormac.eu\/cs\/wp-json\/wp\/v2\/media\/2482"}],"wp:attachment":[{"href":"https:\/\/cormac.eu\/cs\/wp-json\/wp\/v2\/media?parent=2491"}],"wp:term":[{"taxonomy":"product_brand","embeddable":true,"href":"https:\/\/cormac.eu\/cs\/wp-json\/wp\/v2\/product_brand?post=2491"},{"taxonomy":"product_cat","embeddable":true,"href":"https:\/\/cormac.eu\/cs\/wp-json\/wp\/v2\/product_cat?post=2491"},{"taxonomy":"product_tag","embeddable":true,"href":"https:\/\/cormac.eu\/cs\/wp-json\/wp\/v2\/product_tag?post=2491"}],"curies":[{"name":"wp","href":"https:\/\/api.w.org\/{rel}","templated":true}]}}