{"id":2488,"date":"2022-04-07T23:03:37","date_gmt":"2022-04-07T21:03:37","guid":{"rendered":"https:\/\/cormac.eu\/?post_type=product&#038;p=2488"},"modified":"2022-05-30T16:26:45","modified_gmt":"2022-05-30T14:26:45","slug":"bch-cokoladove-cerpadlo","status":"publish","type":"product","link":"https:\/\/cormac.eu\/cs\/product\/bch-chocolate-pump\/","title":{"rendered":"\u010cokol\u00e1dov\u00e9 \u010derpadlo BCH"},"content":{"rendered":"<p>\u010cerpadla na \u010dokol\u00e1du Lloveras BCH jsou ide\u00e1ln\u00ed pro p\u0159e\u010derp\u00e1v\u00e1n\u00ed \u010dokol\u00e1dy, sm\u011bs\u00ed, kr\u00e9m\u016f a podobn\u00fdch typ\u016f hmot v rovnom\u011brn\u00fdch toc\u00edch bez zm\u011bny vnit\u0159n\u00ed teploty a viskozity. Toto zubov\u00e9 \u010derpadlo se skl\u00e1d\u00e1 z dvoupl\u00e1\u0161\u0165ov\u00e9ho t\u011blesa, p\u0159ipraven\u00e9ho k p\u0159ipojen\u00ed k okruhu topn\u00e9 vody.  Hmota je dopravov\u00e1na pomoc\u00ed ot\u00e1\u010dkov\u00e9ho motorov\u00e9ho reduktoru, jeho\u017e s\u00edla je p\u0159en\u00e1\u0161ena prost\u0159ednictv\u00edm mechanick\u00e9 spojky na t\u011bleso \u010derpadla. Vnit\u0159n\u00ed ozuben\u00e1 kola p\u0159e\u010derp\u00e1vaj\u00ed hmotu. V\u00edcerychlostn\u00ed \u010derpadla, mechanick\u00e1 i elektronick\u00e1, umo\u017e\u0148uj\u00ed p\u0159e\u010derp\u00e1v\u00e1n\u00ed produkt\u016f, jako je kakaov\u00fd v\u00fdluh a m\u00e1slo, tekut\u00e9 tuky a dal\u0161\u00ed hmoty s relativn\u011b vysok\u00fdm obsahem tuku. \u010cerpadla typu Lloveras BCH jsou vybavena odpov\u00eddaj\u00edc\u00edmi vstupn\u00edmi a v\u00fdstupn\u00edmi p\u0159\u00edrubami a klouby usnad\u0148uj\u00edc\u00edmi instalaci. K dispozici jsou i n\u00e1hradn\u00ed d\u00edly pro tato \u010derpadla.<\/p>\n<p><strong>Typy <\/strong>(<em>dostupnost bude potvrzena na vy\u017e\u00e1d\u00e1n\u00ed<\/em>)<\/p>\n<table style=\"height: 265px;\" width=\"754\">\n<tbody>\n<tr>\n<td width=\"144\"><\/td>\n<td width=\"153\">\n<p style=\"text-align: center;\"><strong>BCH-40<\/strong><\/p>\n<\/td>\n<td style=\"text-align: center;\" width=\"153\"><strong>BCH-55<\/strong><\/td>\n<td width=\"153\">\n<p style=\"text-align: center;\"><strong>BCH- 70<\/strong><\/p>\n<\/td>\n<\/tr>\n<tr>\n<td width=\"144\">\n<p style=\"text-align: center;\"><strong>kW<\/strong><\/p>\n<\/td>\n<td width=\"153\">\n<p style=\"text-align: center;\">0,55 - 0,75<\/p>\n<\/td>\n<td style=\"text-align: center;\" width=\"153\">1,1 - 1,5 - 2,2<\/td>\n<td width=\"153\">\n<p style=\"text-align: center;\">3 - 4 - 5,5 - 11<\/p>\n<\/td>\n<\/tr>\n<tr>\n<td width=\"144\">\n<p style=\"text-align: center;\"><strong>rpm<\/strong><\/p>\n<\/td>\n<td width=\"153\">\u00a0120\u00a0 \u00a0~ \u00a0\u00a0\u00a0200 \u00a0~ \u00a0\u00a0\u00a0250<\/td>\n<td width=\"153\">120\u00a0\u00a0 ~ \u00a0\u00a0\u00a0200 \u00a0~\u00a0 \u00a0250<\/td>\n<td width=\"153\">\u00a0\u00a0155 \u00a0~ \u00a0\u00a0205 ~ \u00a0\u00a0\u00a0\u00a0255<\/td>\n<\/tr>\n<tr>\n<td width=\"144\">\n<p style=\"text-align: center;\"><strong>l\/h<\/strong><\/p>\n<\/td>\n<td width=\"153\">\u00a0 870\u00a0 ~ \u00a01140 \u00a0~ \u00a01800<\/td>\n<td width=\"153\">2400 ~ \u00a04000 ~ \u00a05000<\/td>\n<td width=\"153\">7500 \u00a0~ 9900 ~ 12300<\/td>\n<\/tr>\n<\/tbody>\n<\/table>\n<p>&nbsp;<\/p>\n<table width=\"604\">\n<tbody>\n<tr>\n<td width=\"302\">\n<p style=\"text-align: center;\"><strong>Funkce<\/strong><\/p>\n<\/td>\n<td width=\"302\">\n<p style=\"text-align: center;\"><strong>V\u00fdhody<\/strong><\/p>\n<\/td>\n<\/tr>\n<tr>\n<td width=\"302\">Izolovan\u00fd motor<\/td>\n<td width=\"302\">\n<ul>\n<li>\u017d\u00e1dn\u00e1 kontaminace v\u00fdrobku<\/li>\n<\/ul>\n<\/td>\n<\/tr>\n<tr>\n<td width=\"302\">Vysoce kvalitn\u00ed lo\u017eiska a t\u011bsn\u011bn\u00ed<\/td>\n<td width=\"302\">\n<ul>\n<li>Zabra\u0148te vn\u011bj\u0161\u00edm \u00fanik\u016fm<\/li>\n<\/ul>\n<\/td>\n<\/tr>\n<tr>\n<td width=\"302\">Bo\u010dn\u00ed um\u00edst\u011bn\u00ed vstupu a v\u00fdstupu produktu<\/td>\n<td width=\"302\">\n<ul>\n<li>\u00a0\u017d\u00e1dn\u00e1 zm\u011bna fyzik\u00e1ln\u00edch vlastnost\u00ed hmoty<\/li>\n<\/ul>\n<\/td>\n<\/tr>\n<tr>\n<td width=\"302\">T\u011bleso \u010derpadla s dvojit\u00fdm pl\u00e1\u0161t\u011bm<\/td>\n<td width=\"302\">\n<ul>\n<li>vynikaj\u00edc\u00ed regulace teploty<\/li>\n<li>konstantn\u00ed rovnom\u011brn\u00fd pr\u016ftok<\/li>\n<\/ul>\n<\/td>\n<\/tr>\n<\/tbody>\n<\/table>\n<p>&nbsp;<\/p>","protected":false},"excerpt":{"rendered":"<p>\u010cerpadlo pro p\u0159e\u010derp\u00e1v\u00e1n\u00ed \u010dokol\u00e1dy, sm\u011bs\u00ed, kr\u00e9m\u016f a podobn\u00fdch hmot.<\/p>","protected":false},"featured_media":2486,"comment_status":"open","ping_status":"closed","template":"","meta":{"uix_meta_title":"","uix_meta_description":"","uix_canonical_url":""},"product_brand":[],"product_cat":[104],"product_tag":[],"class_list":{"0":"post-2488","1":"product","2":"type-product","3":"status-publish","4":"has-post-thumbnail","6":"product_cat-processing","8":"first","9":"instock","10":"shipping-taxable","11":"product-type-simple"},"_links":{"self":[{"href":"https:\/\/cormac.eu\/cs\/wp-json\/wp\/v2\/product\/2488","targetHints":{"allow":["GET"]}}],"collection":[{"href":"https:\/\/cormac.eu\/cs\/wp-json\/wp\/v2\/product"}],"about":[{"href":"https:\/\/cormac.eu\/cs\/wp-json\/wp\/v2\/types\/product"}],"replies":[{"embeddable":true,"href":"https:\/\/cormac.eu\/cs\/wp-json\/wp\/v2\/comments?post=2488"}],"wp:featuredmedia":[{"embeddable":true,"href":"https:\/\/cormac.eu\/cs\/wp-json\/wp\/v2\/media\/2486"}],"wp:attachment":[{"href":"https:\/\/cormac.eu\/cs\/wp-json\/wp\/v2\/media?parent=2488"}],"wp:term":[{"taxonomy":"product_brand","embeddable":true,"href":"https:\/\/cormac.eu\/cs\/wp-json\/wp\/v2\/product_brand?post=2488"},{"taxonomy":"product_cat","embeddable":true,"href":"https:\/\/cormac.eu\/cs\/wp-json\/wp\/v2\/product_cat?post=2488"},{"taxonomy":"product_tag","embeddable":true,"href":"https:\/\/cormac.eu\/cs\/wp-json\/wp\/v2\/product_tag?post=2488"}],"curies":[{"name":"wp","href":"https:\/\/api.w.org\/{rel}","templated":true}]}}