{"id":2478,"date":"2022-04-03T13:47:42","date_gmt":"2022-04-03T11:47:42","guid":{"rendered":"https:\/\/cormac.eu\/?post_type=product&#038;p=2478"},"modified":"2023-10-27T15:21:33","modified_gmt":"2023-10-27T13:21:33","slug":"drtic-kakaovych-bobu-2","status":"publish","type":"product","link":"https:\/\/cormac.eu\/cs\/product\/cocoa-bean-crusher\/","title":{"rendered":"Drti\u010d kakaov\u00fdch bob\u016f"},"content":{"rendered":"<p>Kompaktn\u00ed drti\u010d a separ\u00e1tor kakaov\u00fdch bob\u016f drt\u00ed kakaov\u00e9 boby a pomoc\u00ed vzduchu odd\u011bluje zrnka od slupek. Stroj se skl\u00e1d\u00e1 z n\u00e1sypky a rota\u010dn\u00edho mechanismu, kter\u00fd drt\u00ed kakaov\u00e9 boby. Zrnka a slupky se pak odd\u011bluj\u00ed pomoc\u00ed vzduchov\u00fdch proud\u016f. Ty rozd\u011bluj\u00ed proud \u010d\u00e1stic s ni\u017e\u0161\u00ed hustotou do cyklonu a odd\u011blen\u00e9 hrudky do p\u0159\u00edjmov\u00e9 n\u00e1doby, aby mohly b\u00fdt d\u00e1le zpracov\u00e1ny.<\/p>\n<p>&nbsp;<\/p>\n<table width=\"604\">\n<tbody>\n<tr>\n<td width=\"302\"><strong>Funkce<\/strong><\/td>\n<td width=\"302\"><strong>V\u00fdhody<\/strong><\/td>\n<\/tr>\n<tr>\n<td width=\"302\">Kompaktn\u00ed<\/td>\n<td width=\"302\">\n<ul>\n<li>Zmen\u0161en\u00e1 stopa<\/li>\n<\/ul>\n<\/td>\n<\/tr>\n<tr>\n<td width=\"302\">Snadn\u00e9 ovl\u00e1d\u00e1n\u00ed<\/td>\n<td width=\"302\">\n<ul>\n<li>Nen\u00ed pot\u0159eba \u017e\u00e1dn\u00fd speci\u00e1ln\u00ed kvalifikovan\u00fd person\u00e1l<\/li>\n<\/ul>\n<\/td>\n<\/tr>\n<\/tbody>\n<\/table>","protected":false},"excerpt":{"rendered":"<p>Kompaktn\u00ed stroj na drcen\u00ed kakaov\u00fdch bob\u016f a odd\u011blov\u00e1n\u00ed zrnek od sko\u0159\u00e1pek.<\/p>","protected":false},"featured_media":2475,"comment_status":"open","ping_status":"closed","template":"","meta":{"uix_meta_title":"","uix_meta_description":"","uix_canonical_url":""},"product_brand":[],"product_cat":[104],"product_tag":[],"class_list":{"0":"post-2478","1":"product","2":"type-product","3":"status-publish","4":"has-post-thumbnail","6":"product_cat-processing","8":"first","9":"instock","10":"shipping-taxable","11":"product-type-simple"},"_links":{"self":[{"href":"https:\/\/cormac.eu\/cs\/wp-json\/wp\/v2\/product\/2478","targetHints":{"allow":["GET"]}}],"collection":[{"href":"https:\/\/cormac.eu\/cs\/wp-json\/wp\/v2\/product"}],"about":[{"href":"https:\/\/cormac.eu\/cs\/wp-json\/wp\/v2\/types\/product"}],"replies":[{"embeddable":true,"href":"https:\/\/cormac.eu\/cs\/wp-json\/wp\/v2\/comments?post=2478"}],"wp:featuredmedia":[{"embeddable":true,"href":"https:\/\/cormac.eu\/cs\/wp-json\/wp\/v2\/media\/2475"}],"wp:attachment":[{"href":"https:\/\/cormac.eu\/cs\/wp-json\/wp\/v2\/media?parent=2478"}],"wp:term":[{"taxonomy":"product_brand","embeddable":true,"href":"https:\/\/cormac.eu\/cs\/wp-json\/wp\/v2\/product_brand?post=2478"},{"taxonomy":"product_cat","embeddable":true,"href":"https:\/\/cormac.eu\/cs\/wp-json\/wp\/v2\/product_cat?post=2478"},{"taxonomy":"product_tag","embeddable":true,"href":"https:\/\/cormac.eu\/cs\/wp-json\/wp\/v2\/product_tag?post=2478"}],"curies":[{"name":"wp","href":"https:\/\/api.w.org\/{rel}","templated":true}]}}