{"id":2444,"date":"2022-04-02T15:07:52","date_gmt":"2022-04-02T13:07:52","guid":{"rendered":"https:\/\/cormac.eu\/?post_type=product&#038;p=2444"},"modified":"2022-06-06T00:41:45","modified_gmt":"2022-06-05T22:41:45","slug":"podlozka-pod-bedny-2","status":"publish","type":"product","link":"https:\/\/cormac.eu\/cs\/product\/crate-washer\/","title":{"rendered":"Podlo\u017eka pod bedny"},"content":{"rendered":"<p>Pra\u010dky na bedny mohou b\u00fdt vyr\u00e1b\u011bny v \u0161irok\u00e9m rozsahu s v\u00fdkonem a\u017e 8000 beden\/hodinu. Zpravidla jsou konstruov\u00e1ny podle specifikace z\u00e1kazn\u00edka a mohou b\u00fdt dod\u00e1v\u00e1ny od jednotek s v\u00edcen\u00e1sobnou sanitac\u00ed a\u017e po jednotky s v\u00edcen\u00e1sobnou \u00fapravou a su\u0161\u00edc\u00edm programem Newsmith.<br \/>\n\u0160\u00ed\u0159ku dopravn\u00edku a v\u00fd\u0161ku tunelu lze p\u0159izp\u016fsobit \u010di\u0161t\u011bn\u00fdm p\u0159edm\u011bt\u016fm. Teplota \u010distic\u00edho roztoku je regulov\u00e1na termostatem.<\/p>\n<table width=\"604\">\n<tbody>\n<tr>\n<td width=\"302\">\n<p style=\"text-align: center\"><strong>Funkce<\/strong><\/p>\n<\/td>\n<td width=\"302\">\n<p style=\"text-align: center\"><strong>V\u00fdhody<\/strong><\/p>\n<\/td>\n<\/tr>\n<tr>\n<td width=\"302\">Konstrukce z nerezov\u00e9 oceli<\/td>\n<td width=\"302\">\n<ul>\n<li>Pevn\u00fd<\/li>\n<li>Hygenic<\/li>\n<\/ul>\n<\/td>\n<\/tr>\n<tr>\n<td width=\"302\">Vysoce kvalitn\u00ed filtry<\/td>\n<td width=\"302\">\n<ul>\n<li>Snadn\u00e9 \u010di\u0161t\u011bn\u00ed a p\u0159\u00edstup k filtr\u016fm<\/li>\n<\/ul>\n<\/td>\n<\/tr>\n<tr>\n<td width=\"302\">Tryskov\u00e9 syst\u00e9my<\/td>\n<td width=\"302\">\n<ul>\n<li>Optim\u00e1ln\u00ed \u010di\u0161t\u011bn\u00ed<\/li>\n<\/ul>\n<\/td>\n<\/tr>\n<tr>\n<td width=\"302\">Cykly pran\u00ed, m\u00e1ch\u00e1n\u00ed a su\u0161en\u00ed<\/td>\n<td width=\"302\">\n<ul>\n<li>Vynikaj\u00edc\u00ed v\u00fdsledky \u010di\u0161t\u011bn\u00ed<\/li>\n<\/ul>\n<\/td>\n<\/tr>\n<tr>\n<td width=\"302\">Voliteln\u011b<\/td>\n<td width=\"302\">\n<ul>\n<li>skl\u00e1p\u011b\u010d stoh\u016f<\/li>\n<li>odstra\u0148ov\u00e1n\u00ed \u0161t\u00edtk\u016f pod vysok\u00fdm tlakem<\/li>\n<li>Vysokorychlostn\u00ed su\u0161en\u00ed vzduchov\u00fdm no\u017eem<\/li>\n<li>modely s v\u00edce\/jedn\u00edm j\u00edzdn\u00edm pruhem<\/li>\n<li>elektrick\u00e9, plynov\u00e9 nebo parn\u00ed vyt\u00e1p\u011bn\u00ed<\/li>\n<li>zp\u011btn\u00fd dopravn\u00edk pro usnadn\u011bn\u00ed pr\u00e1ce 1 mu\u017ee)<\/li>\n<li>z\u00e1v\u011bre\u010dn\u00fd oplach sladkou vodou<\/li>\n<\/ul>\n<\/td>\n<\/tr>\n<\/tbody>\n<\/table>","protected":false},"excerpt":{"rendered":"<p>My\u010dka beden s v\u00fdkonem a\u017e 8000 beden\/hodinu, zpravidla vyroben\u00e1 podle specifikace z\u00e1kazn\u00edka.<\/p>","protected":false},"featured_media":2445,"comment_status":"open","ping_status":"closed","template":"","meta":{"uix_meta_title":"","uix_meta_description":"","uix_canonical_url":""},"product_brand":[],"product_cat":[108],"product_tag":[],"class_list":{"0":"post-2444","1":"product","2":"type-product","3":"status-publish","4":"has-post-thumbnail","6":"product_cat-hygiene","8":"first","9":"instock","10":"shipping-taxable","11":"product-type-simple"},"_links":{"self":[{"href":"https:\/\/cormac.eu\/cs\/wp-json\/wp\/v2\/product\/2444","targetHints":{"allow":["GET"]}}],"collection":[{"href":"https:\/\/cormac.eu\/cs\/wp-json\/wp\/v2\/product"}],"about":[{"href":"https:\/\/cormac.eu\/cs\/wp-json\/wp\/v2\/types\/product"}],"replies":[{"embeddable":true,"href":"https:\/\/cormac.eu\/cs\/wp-json\/wp\/v2\/comments?post=2444"}],"wp:featuredmedia":[{"embeddable":true,"href":"https:\/\/cormac.eu\/cs\/wp-json\/wp\/v2\/media\/2445"}],"wp:attachment":[{"href":"https:\/\/cormac.eu\/cs\/wp-json\/wp\/v2\/media?parent=2444"}],"wp:term":[{"taxonomy":"product_brand","embeddable":true,"href":"https:\/\/cormac.eu\/cs\/wp-json\/wp\/v2\/product_brand?post=2444"},{"taxonomy":"product_cat","embeddable":true,"href":"https:\/\/cormac.eu\/cs\/wp-json\/wp\/v2\/product_cat?post=2444"},{"taxonomy":"product_tag","embeddable":true,"href":"https:\/\/cormac.eu\/cs\/wp-json\/wp\/v2\/product_tag?post=2444"}],"curies":[{"name":"wp","href":"https:\/\/api.w.org\/{rel}","templated":true}]}}