{"id":2439,"date":"2022-04-02T15:02:33","date_gmt":"2022-04-02T13:02:33","guid":{"rendered":"https:\/\/cormac.eu\/?post_type=product&#038;p=2439"},"modified":"2022-06-06T00:44:06","modified_gmt":"2022-06-05T22:44:06","slug":"podlozka-pod-stojan","status":"publish","type":"product","link":"https:\/\/cormac.eu\/cs\/product\/rack-washer\/","title":{"rendered":"Stojanov\u00e1 pra\u010dka"},"content":{"rendered":"<p>Tato flexibiln\u00ed my\u010dka reg\u00e1l\u016f si porad\u00ed s reg\u00e1ly, velk\u00fdmi n\u00e1dobami i voz\u00edky a zajist\u00ed dokonal\u00fd v\u00fdsledek myt\u00ed. M\u016f\u017ee b\u00fdt provedena s \u0161\u00ed\u0159kou dve\u0159\u00ed a velikost\u00ed sk\u0159\u00edn\u011b podle specifick\u00fdch po\u017eadavk\u016f z\u00e1kazn\u00edka. Tak\u00e9 myc\u00ed plocha je p\u0159izp\u016fsobiteln\u00e1. Tento \u00fa\u010dinn\u00fd stroj je vhodn\u00fd k obsluze jednou osobou. P\u0159i um\u00edst\u011bn\u00ed na vy\u0161\u0161\u00ed \u00farovni podlahy lze stroj vybavit rampou. Rovn\u011b\u017e m\u016f\u017ee b\u00fdt proveden pro mont\u00e1\u017e do stavebn\u00ed j\u00e1my.<\/p>\n<table width=\"604\">\n<tbody>\n<tr>\n<td width=\"302\"><strong>Funkce<\/strong><\/td>\n<td width=\"302\"><strong>V\u00fdhody<\/strong><\/td>\n<\/tr>\n<tr>\n<td width=\"302\">Konstrukce z nerezov\u00e9 oceli<\/td>\n<td width=\"302\">\n<ul>\n<li>Pevn\u00fd<\/li>\n<li>Hygenic<\/li>\n<\/ul>\n<\/td>\n<\/tr>\n<tr>\n<td width=\"302\">Rota\u010dn\u00ed st\u0159\u00edkac\u00ed trysky<\/td>\n<td width=\"302\">\n<ul>\n<li>Intenzivn\u00ed myc\u00ed s\u00edla<\/li>\n<\/ul>\n<\/td>\n<\/tr>\n<tr>\n<td width=\"302\">Recirkula\u010dn\u00ed myt\u00ed z\u00e1sobn\u00edk\u016f<\/td>\n<td width=\"302\">\n<ul>\n<li>Sn\u00ed\u017een\u00ed spot\u0159eby vody<\/li>\n<\/ul>\n<\/td>\n<\/tr>\n<tr>\n<td width=\"302\">Ovl\u00e1d\u00e1n\u00ed pomoc\u00ed dotykov\u00e9 obrazovky<\/td>\n<td width=\"302\">\n<ul>\n<li>V\u00fdb\u011br parametr\u016f<\/li>\n<li>Z\u00e1znam a ukl\u00e1d\u00e1n\u00ed dat<\/li>\n<li>\u0158\u00edzen\u00ed \u010dasu myt\u00ed a oplachov\u00e1n\u00ed<\/li>\n<li>V\u00edce program\u016f myc\u00edho cyklu<\/li>\n<\/ul>\n<\/td>\n<\/tr>\n<tr>\n<td width=\"302\">Energeticky \u00fasporn\u00fd design<\/td>\n<td width=\"302\">\n<ul>\n<li>Sn\u00ed\u017een\u00ed spot\u0159eby prac\u00edch prost\u0159edk\u016f<\/li>\n<li>Ni\u017e\u0161\u00ed provozn\u00ed n\u00e1klady<\/li>\n<li>Men\u0161\u00ed dopad na \u017eivotn\u00ed prost\u0159ed\u00ed<\/li>\n<\/ul>\n<\/td>\n<\/tr>\n<tr>\n<td width=\"302\">Cykly pran\u00ed, m\u00e1ch\u00e1n\u00ed a su\u0161en\u00ed<\/td>\n<td width=\"302\">\n<ul>\n<li>Vynikaj\u00edc\u00ed v\u00fdsledky \u010di\u0161t\u011bn\u00ed<\/li>\n<\/ul>\n<\/td>\n<\/tr>\n<tr>\n<td width=\"302\">Voliteln\u011b<\/td>\n<td width=\"302\">\n<ul>\n<li>Automatick\u00fd oh\u0159ev oplachovac\u00ed n\u00e1dr\u017ee<\/li>\n<li>\u010cerpadlo pro pos\u00edlen\u00ed oplachov\u00e1n\u00ed<\/li>\n<li>Ods\u00e1vac\u00ed ventil\u00e1tor p\u00e1ry<\/li>\n<li>Pr\u016fchoz\u00ed proveden\u00ed se dv\u011bma dve\u0159mi<\/li>\n<li>Parn\u00ed, elektrick\u00e9 nebo plynov\u00e9 vyt\u00e1p\u011bn\u00ed<\/li>\n<\/ul>\n<\/td>\n<\/tr>\n<\/tbody>\n<\/table>","protected":false},"excerpt":{"rendered":"<p>Flexibiln\u00ed reg\u00e1lov\u00e1 my\u010dka pro reg\u00e1ly, velk\u00e9 n\u00e1doby a voz\u00edky.<\/p>","protected":false},"featured_media":2438,"comment_status":"open","ping_status":"closed","template":"","meta":{"uix_meta_title":"","uix_meta_description":"","uix_canonical_url":""},"product_brand":[],"product_cat":[108],"product_tag":[],"class_list":{"0":"post-2439","1":"product","2":"type-product","3":"status-publish","4":"has-post-thumbnail","6":"product_cat-hygiene","8":"first","9":"instock","10":"shipping-taxable","11":"product-type-simple"},"_links":{"self":[{"href":"https:\/\/cormac.eu\/cs\/wp-json\/wp\/v2\/product\/2439","targetHints":{"allow":["GET"]}}],"collection":[{"href":"https:\/\/cormac.eu\/cs\/wp-json\/wp\/v2\/product"}],"about":[{"href":"https:\/\/cormac.eu\/cs\/wp-json\/wp\/v2\/types\/product"}],"replies":[{"embeddable":true,"href":"https:\/\/cormac.eu\/cs\/wp-json\/wp\/v2\/comments?post=2439"}],"wp:featuredmedia":[{"embeddable":true,"href":"https:\/\/cormac.eu\/cs\/wp-json\/wp\/v2\/media\/2438"}],"wp:attachment":[{"href":"https:\/\/cormac.eu\/cs\/wp-json\/wp\/v2\/media?parent=2439"}],"wp:term":[{"taxonomy":"product_brand","embeddable":true,"href":"https:\/\/cormac.eu\/cs\/wp-json\/wp\/v2\/product_brand?post=2439"},{"taxonomy":"product_cat","embeddable":true,"href":"https:\/\/cormac.eu\/cs\/wp-json\/wp\/v2\/product_cat?post=2439"},{"taxonomy":"product_tag","embeddable":true,"href":"https:\/\/cormac.eu\/cs\/wp-json\/wp\/v2\/product_tag?post=2439"}],"curies":[{"name":"wp","href":"https:\/\/api.w.org\/{rel}","templated":true}]}}