{"id":2437,"date":"2022-04-01T23:08:48","date_gmt":"2022-04-01T21:08:48","guid":{"rendered":"https:\/\/cormac.eu\/?post_type=product&#038;p=2437"},"modified":"2022-06-06T00:35:29","modified_gmt":"2022-06-05T22:35:29","slug":"mycka-odpadkovych-kosu-2","status":"publish","type":"product","link":"https:\/\/cormac.eu\/cs\/product\/bin-washer\/","title":{"rendered":"Podlo\u017eka pod ko\u0161"},"content":{"rendered":"<p>My\u010dky odpadkov\u00fdch ko\u0161\u016f lze pou\u017e\u00edt k myt\u00ed a \u010di\u0161t\u011bn\u00ed r\u016fzn\u00fdch typ\u016f ko\u0161\u016f na kole\u010dk\u00e1ch nebo bez kole\u010dek. Jsou tak\u00e9 ide\u00e1ln\u00ed k myt\u00ed palet a IBC kontejner\u016f. Stroje jsou vyr\u00e1b\u011bny na m\u00edru v z\u00e1vislosti na rozm\u011brech a vlastnostech va\u0161ich ko\u0161\u016f\/kontejner\u016f na potraviny a odpad. Stroj m\u016f\u017ee b\u00fdt vybaven rampou pro p\u0159\u00edpad, \u017ee je podlaha zv\u00fd\u0161en\u00e1. A v opa\u010dn\u00e9m p\u0159\u00edpad\u011b je mo\u017en\u00e9 dodat i proveden\u00ed vhodn\u00e9 k instalaci do j\u00e1my. Ko\u0161 se ot\u00e1\u010d\u00ed pomoc\u00ed indexovac\u00edho sch\u00e9matu \u0159\u00edzen\u00e9ho PLC, co\u017e umo\u017e\u0148uje nekone\u010dnou variabilitu cykl\u016f. T\u00edmto zp\u016fsobem jsou sanitov\u00e1ny v\u0161echny povrchy uvnit\u0159 i vn\u011b ko\u0161\u016f. Stroj m\u016f\u017ee obsluhovat jedna osoba.<\/p>\n<p>&nbsp;<\/p>\n<table width=\"604\">\n<tbody>\n<tr>\n<td width=\"302\"><strong>Funkce<\/strong><\/td>\n<td width=\"302\"><strong>V\u00fdhody<\/strong><\/td>\n<\/tr>\n<tr>\n<td width=\"302\">Konstrukce z nerezov\u00e9 oceli<\/td>\n<td width=\"302\">\n<ul>\n<li>Pevn\u00fd<\/li>\n<li>Hygenic<\/li>\n<\/ul>\n<\/td>\n<\/tr>\n<tr>\n<td width=\"302\">Vysoce \u00fa\u010dinn\u00fd syst\u00e9m trysk\u00e1n\u00ed<\/td>\n<td width=\"302\">\n<ul>\n<li>Intenzivn\u00ed \u010distic\u00ed v\u00fdkon<\/li>\n<\/ul>\n<\/td>\n<\/tr>\n<tr>\n<td width=\"302\">Recirkula\u010dn\u00ed myt\u00ed z\u00e1sobn\u00edk\u016f<\/td>\n<td width=\"302\">\n<ul>\n<li>Sn\u00ed\u017een\u00ed spot\u0159eby vody<\/li>\n<\/ul>\n<\/td>\n<\/tr>\n<tr>\n<td width=\"302\">Ovl\u00e1d\u00e1n\u00ed pomoc\u00ed dotykov\u00e9 obrazovky<\/td>\n<td width=\"302\">\n<ul>\n<li>V\u00fdb\u011br parametr\u016f<\/li>\n<li>Z\u00e1znam a ukl\u00e1d\u00e1n\u00ed dat<\/li>\n<li>\u0158\u00edzen\u00ed \u010dasu myt\u00ed a oplachov\u00e1n\u00ed<\/li>\n<li>V\u00edce program\u016f myc\u00edho cyklu<\/li>\n<\/ul>\n<\/td>\n<\/tr>\n<tr>\n<td width=\"302\">Energeticky \u00fasporn\u00fd design<\/td>\n<td width=\"302\">\n<ul>\n<li>Sn\u00ed\u017een\u00ed spot\u0159eby prac\u00edch prost\u0159edk\u016f<\/li>\n<li>Ni\u017e\u0161\u00ed provozn\u00ed n\u00e1klady<\/li>\n<li>Men\u0161\u00ed dopad na \u017eivotn\u00ed prost\u0159ed\u00ed<\/li>\n<\/ul>\n<\/td>\n<\/tr>\n<tr>\n<td width=\"302\">Cykly pran\u00ed, m\u00e1ch\u00e1n\u00ed a su\u0161en\u00ed<\/td>\n<td width=\"302\">\n<ul>\n<li>Vynikaj\u00edc\u00ed v\u00fdsledky \u010di\u0161t\u011bn\u00ed<\/li>\n<\/ul>\n<\/td>\n<\/tr>\n<tr>\n<td width=\"302\">Voliteln\u00e9 vybaven\u00ed<\/td>\n<td width=\"302\">\n<ul>\n<li>N\u00e1dr\u017e na oplachov\u00e1n\u00ed ( s \u010derpadlem)<\/li>\n<li>Parn\u00ed, plynov\u00e9 nebo elektrick\u00e9 vyt\u00e1p\u011bn\u00ed<\/li>\n<li>Proveden\u00ed se dv\u011bma dve\u0159mi<\/li>\n<li>Ventil\u00e1tor pro ods\u00e1v\u00e1n\u00ed p\u00e1ry (sv. ocel)<\/li>\n<li>D\u00e1vkova\u010d myc\u00edho a oplachovac\u00edho prost\u0159edku<\/li>\n<li>Automatick\u00e9 pod\u00e1v\u00e1n\u00ed a vyprazd\u0148ov\u00e1n\u00ed dopravn\u00edku<\/li>\n<li>Automatick\u00fd dezinfek\u010dn\u00ed ko\u0161<\/li>\n<li>Speci\u00e1ln\u00ed stojan na myt\u00ed v\u00edka<\/li>\n<li>Z\u00e1v\u011bre\u010dn\u00fd oplach sladkou vodou<\/li>\n<\/ul>\n<\/td>\n<\/tr>\n<\/tbody>\n<\/table>","protected":false},"excerpt":{"rendered":"<p>M\u00e1chac\u00ed stroj pro z\u00e1sobn\u00edky na kole\u010dk\u00e1ch nebo bez kole\u010dek, palety a IBC kontejnery.<\/p>","protected":false},"featured_media":2436,"comment_status":"open","ping_status":"closed","template":"","meta":{"uix_meta_title":"","uix_meta_description":"","uix_canonical_url":""},"product_brand":[],"product_cat":[108],"product_tag":[],"class_list":{"0":"post-2437","1":"product","2":"type-product","3":"status-publish","4":"has-post-thumbnail","6":"product_cat-hygiene","8":"first","9":"instock","10":"shipping-taxable","11":"product-type-simple"},"_links":{"self":[{"href":"https:\/\/cormac.eu\/cs\/wp-json\/wp\/v2\/product\/2437","targetHints":{"allow":["GET"]}}],"collection":[{"href":"https:\/\/cormac.eu\/cs\/wp-json\/wp\/v2\/product"}],"about":[{"href":"https:\/\/cormac.eu\/cs\/wp-json\/wp\/v2\/types\/product"}],"replies":[{"embeddable":true,"href":"https:\/\/cormac.eu\/cs\/wp-json\/wp\/v2\/comments?post=2437"}],"wp:featuredmedia":[{"embeddable":true,"href":"https:\/\/cormac.eu\/cs\/wp-json\/wp\/v2\/media\/2436"}],"wp:attachment":[{"href":"https:\/\/cormac.eu\/cs\/wp-json\/wp\/v2\/media?parent=2437"}],"wp:term":[{"taxonomy":"product_brand","embeddable":true,"href":"https:\/\/cormac.eu\/cs\/wp-json\/wp\/v2\/product_brand?post=2437"},{"taxonomy":"product_cat","embeddable":true,"href":"https:\/\/cormac.eu\/cs\/wp-json\/wp\/v2\/product_cat?post=2437"},{"taxonomy":"product_tag","embeddable":true,"href":"https:\/\/cormac.eu\/cs\/wp-json\/wp\/v2\/product_tag?post=2437"}],"curies":[{"name":"wp","href":"https:\/\/api.w.org\/{rel}","templated":true}]}}