{"id":2433,"date":"2022-04-01T22:38:57","date_gmt":"2022-04-01T20:38:57","guid":{"rendered":"https:\/\/cormac.eu\/?post_type=product&#038;p=2433"},"modified":"2022-06-06T00:36:17","modified_gmt":"2022-06-05T22:36:17","slug":"chocolate-plaque-washers","status":"publish","type":"product","link":"https:\/\/cormac.eu\/cs\/product\/chocolate-plaque-washers\/","title":{"rendered":"\u010cokol\u00e1dov\u00e9 formy a podlo\u017eky pod plakety"},"content":{"rendered":"<p>The Newsmith Chocolate Mould and Plaque washers can be built both in single and in multi lane execution. They are used not only for the washing of chocolate moulds and plaques, but also for different plastic trays.<br \/>\nThey are generally more compact than other similar purpose machines in the market, mostly staying under 4 meters in length..These are special purpose machines built to customer requirement. Multiple cycle options include for instance pre-wash, wash, multiple rinsing and drying.<\/p>\n<p>&nbsp;<\/p>\n<table width=\"604\">\n<tbody>\n<tr>\n<td width=\"302\"><strong>Funkce<\/strong><\/td>\n<td width=\"302\"><strong>V\u00fdhody<\/strong><\/td>\n<\/tr>\n<tr>\n<td width=\"302\">Konstrukce z nerezov\u00e9 oceli<\/td>\n<td width=\"302\">\n<ul>\n<li>Pevn\u00fd<\/li>\n<li>Hygenic<\/li>\n<\/ul>\n<\/td>\n<\/tr>\n<tr>\n<td width=\"302\">Ventilated loading &amp; work station<\/td>\n<td width=\"302\">\n<ul>\n<li>P\u0159\u00edv\u011btiv\u00e9 pro obsluhu<\/li>\n<\/ul>\n<\/td>\n<\/tr>\n<tr>\n<td width=\"302\">Ovl\u00e1d\u00e1n\u00ed pomoc\u00ed dotykov\u00e9 obrazovky<\/td>\n<td width=\"302\">\n<ul>\n<li>Soft start<\/li>\n<li>V\u00fdb\u011br parametr\u016f<\/li>\n<li>Z\u00e1znam a ukl\u00e1d\u00e1n\u00ed dat<\/li>\n<li>Printing &amp; r<span style=\"font-family: inherit;font-size: inherit\">emote download<\/span><\/li>\n<\/ul>\n<\/td>\n<\/tr>\n<tr>\n<td width=\"302\">Energeticky \u00fasporn\u00fd design<\/td>\n<td width=\"302\">\n<ul>\n<li>Sn\u00ed\u017een\u00ed spot\u0159eby prac\u00edch prost\u0159edk\u016f<\/li>\n<li>Ni\u017e\u0161\u00ed provozn\u00ed n\u00e1klady<\/li>\n<li>Men\u0161\u00ed dopad na \u017eivotn\u00ed prost\u0159ed\u00ed<\/li>\n<\/ul>\n<\/td>\n<\/tr>\n<tr>\n<td width=\"302\">Full drying option<\/td>\n<td width=\"302\">\n<ul>\n<li>Extra dry objects<\/li>\n<\/ul>\n<\/td>\n<\/tr>\n<tr>\n<td width=\"302\">Cykly pran\u00ed, m\u00e1ch\u00e1n\u00ed a su\u0161en\u00ed<\/td>\n<td width=\"302\">\n<ul>\n<li>Vynikaj\u00edc\u00ed v\u00fdsledky \u010di\u0161t\u011bn\u00ed<\/li>\n<\/ul>\n<\/td>\n<\/tr>\n<tr>\n<td width=\"302\">Voliteln\u00e9 vybaven\u00ed<\/td>\n<td width=\"302\">\n<ul>\n<li>Steam, gas, electric or hot water heating<\/li>\n<\/ul>\n<\/td>\n<\/tr>\n<\/tbody>\n<\/table>\n<p>&nbsp;<\/p>","protected":false},"excerpt":{"rendered":"<p>My\u010dka v jednop\u00e1sov\u00e9m nebo v\u00edcep\u00e1sov\u00e9m proveden\u00ed pro formy na \u010dokol\u00e1du, \u010dokol\u00e1dov\u00e9 tabulky a plastov\u00e9 t\u00e1cky.<\/p>","protected":false},"featured_media":2434,"comment_status":"open","ping_status":"closed","template":"","meta":{"uix_meta_title":"","uix_meta_description":"","uix_canonical_url":""},"product_brand":[],"product_cat":[108],"product_tag":[],"class_list":{"0":"post-2433","1":"product","2":"type-product","3":"status-publish","4":"has-post-thumbnail","6":"product_cat-hygiene","8":"first","9":"instock","10":"shipping-taxable","11":"product-type-simple"},"_links":{"self":[{"href":"https:\/\/cormac.eu\/cs\/wp-json\/wp\/v2\/product\/2433","targetHints":{"allow":["GET"]}}],"collection":[{"href":"https:\/\/cormac.eu\/cs\/wp-json\/wp\/v2\/product"}],"about":[{"href":"https:\/\/cormac.eu\/cs\/wp-json\/wp\/v2\/types\/product"}],"replies":[{"embeddable":true,"href":"https:\/\/cormac.eu\/cs\/wp-json\/wp\/v2\/comments?post=2433"}],"wp:featuredmedia":[{"embeddable":true,"href":"https:\/\/cormac.eu\/cs\/wp-json\/wp\/v2\/media\/2434"}],"wp:attachment":[{"href":"https:\/\/cormac.eu\/cs\/wp-json\/wp\/v2\/media?parent=2433"}],"wp:term":[{"taxonomy":"product_brand","embeddable":true,"href":"https:\/\/cormac.eu\/cs\/wp-json\/wp\/v2\/product_brand?post=2433"},{"taxonomy":"product_cat","embeddable":true,"href":"https:\/\/cormac.eu\/cs\/wp-json\/wp\/v2\/product_cat?post=2433"},{"taxonomy":"product_tag","embeddable":true,"href":"https:\/\/cormac.eu\/cs\/wp-json\/wp\/v2\/product_tag?post=2433"}],"curies":[{"name":"wp","href":"https:\/\/api.w.org\/{rel}","templated":true}]}}