{"id":2418,"date":"2022-04-01T17:30:31","date_gmt":"2022-04-01T15:30:31","guid":{"rendered":"https:\/\/cormac.eu\/?post_type=product&#038;p=2418"},"modified":"2022-06-06T00:37:12","modified_gmt":"2022-06-05T22:37:12","slug":"podlozka-pod-kos-2","status":"publish","type":"product","link":"https:\/\/cormac.eu\/cs\/product\/basket-washer\/","title":{"rendered":"Podlo\u017eka pod ko\u0161"},"content":{"rendered":"<p>Pra\u010dky na ko\u0161e, kter\u00e9 lze dodat podle specifikace z\u00e1kazn\u00edka, a kter\u00e9 poskytuj\u00ed z\u00e1kazn\u00edkovi efektivn\u00ed a v\u0161estrann\u00e9 \u0159e\u0161en\u00ed pro myt\u00ed v\u0161ech typ\u016f beden, p\u0159epravek a ko\u0161\u016f. Tuto \u0159adu stroj\u016f lze dodat s variabiln\u00edm v\u00fdkonem v rozmez\u00ed 100-8000 ko\u0161\u016f za hodinu. Tyto my\u010dky mohou m\u00edt r\u016fzn\u00e9 mo\u017enosti filtrace v z\u00e1vislosti na odv\u011btv\u00ed a stupni zne\u010di\u0161t\u011bn\u00ed. Cykly stroje zahrnuj\u00ed cyklus p\u0159edmyt\u00ed, myt\u00ed, oplach (recyklovateln\u00fd), oplach ko\u0161e a su\u0161en\u00ed. Oh\u0159ev, kter\u00fd je \u0159\u00edzen termostatem, m\u016f\u017ee prob\u00edhat pomoc\u00ed elekt\u0159iny, p\u00e1ry nebo plynu.<\/p>\n<p>&nbsp;<\/p>\n<table>\n<tbody>\n<tr>\n<td width=\"302\"><strong>Funkce<\/strong><\/td>\n<td width=\"302\"><strong>V\u00fdhody<\/strong><\/td>\n<\/tr>\n<tr>\n<td width=\"302\">Velk\u00fd vztek v\u00fdstup\u016f<\/td>\n<td width=\"302\">\n<ul>\n<li>tvo\u0159\u00ed 100 ko\u0161\u016f\/hod.<\/li>\n<li>a\u017e 8 000 ko\u0161\u016f\/hod.<\/li>\n<\/ul>\n<\/td>\n<\/tr>\n<tr>\n<td width=\"302\">Modul\u00e1rn\u00ed konstruk\u010dn\u00ed form\u00e1t<\/td>\n<td width=\"302\">\n<ul>\n<li>univerz\u00e1ln\u00ed<\/li>\n<li>lze m\u00fdt v\u0161echny typy ko\u0161\u016f<\/li>\n<li>mo\u017enosti filtrace na m\u00edru<\/li>\n<li>jedno- a v\u00edcep\u00e1sov\u00e9 stroje<\/li>\n<\/ul>\n<\/td>\n<\/tr>\n<tr>\n<td width=\"302\">Su\u0161en\u00ed no\u017e\u016f vzduchem<\/p>\n<p>&nbsp;<\/td>\n<td width=\"302\">\n<ul>\n<li>execllentn\u00ed schopnost su\u0161en\u00ed<\/li>\n<\/ul>\n<\/td>\n<\/tr>\n<tr>\n<td width=\"302\">Dotykov\u00e1 obrazovka<\/td>\n<td width=\"302\">\n<ul>\n<li>nastaviteln\u00e9 ovl\u00e1d\u00e1n\u00ed parametr\u016f<\/li>\n<li>skladov\u00e1n\u00ed recept\u016f<\/li>\n<\/ul>\n<\/td>\n<\/tr>\n<tr>\n<td width=\"302\">Integrace<\/td>\n<td width=\"302\">\n<ul>\n<li>lze integrovat do roz\u0161\u00ed\u0159en\u00fdch syst\u00e9m\u016f s automatick\u00fdm stohov\u00e1n\u00edm a vysklad\u0148ov\u00e1n\u00edm.<\/li>\n<\/ul>\n<\/td>\n<\/tr>\n<tr>\n<td width=\"302\">\u017d\u00e1dn\u00e9 n\u00e1stroje pro \u00fadr\u017ebu<\/td>\n<td width=\"302\">\n<ul>\n<li>Snadn\u00fd p\u0159\u00edstup pro \u00fadr\u017ebu<\/li>\n<\/ul>\n<\/td>\n<\/tr>\n<\/tbody>\n<\/table>\n<p>&nbsp;<\/p>","protected":false},"excerpt":{"rendered":"<p>V\u0161estrann\u00fd stroj na myt\u00ed ko\u0161\u016f, p\u0159epravek a beden s v\u00fdkonem 100-8000 ko\u0161\u016f za hodinu, vyroben\u00fd podle specifikace z\u00e1kazn\u00edka.<\/p>","protected":false},"featured_media":2420,"comment_status":"open","ping_status":"closed","template":"","meta":{"uix_meta_title":"","uix_meta_description":"","uix_canonical_url":""},"product_brand":[],"product_cat":[108],"product_tag":[],"class_list":{"0":"post-2418","1":"product","2":"type-product","3":"status-publish","4":"has-post-thumbnail","6":"product_cat-hygiene","8":"first","9":"instock","10":"shipping-taxable","11":"product-type-simple"},"_links":{"self":[{"href":"https:\/\/cormac.eu\/cs\/wp-json\/wp\/v2\/product\/2418","targetHints":{"allow":["GET"]}}],"collection":[{"href":"https:\/\/cormac.eu\/cs\/wp-json\/wp\/v2\/product"}],"about":[{"href":"https:\/\/cormac.eu\/cs\/wp-json\/wp\/v2\/types\/product"}],"replies":[{"embeddable":true,"href":"https:\/\/cormac.eu\/cs\/wp-json\/wp\/v2\/comments?post=2418"}],"wp:featuredmedia":[{"embeddable":true,"href":"https:\/\/cormac.eu\/cs\/wp-json\/wp\/v2\/media\/2420"}],"wp:attachment":[{"href":"https:\/\/cormac.eu\/cs\/wp-json\/wp\/v2\/media?parent=2418"}],"wp:term":[{"taxonomy":"product_brand","embeddable":true,"href":"https:\/\/cormac.eu\/cs\/wp-json\/wp\/v2\/product_brand?post=2418"},{"taxonomy":"product_cat","embeddable":true,"href":"https:\/\/cormac.eu\/cs\/wp-json\/wp\/v2\/product_cat?post=2418"},{"taxonomy":"product_tag","embeddable":true,"href":"https:\/\/cormac.eu\/cs\/wp-json\/wp\/v2\/product_tag?post=2418"}],"curies":[{"name":"wp","href":"https:\/\/api.w.org\/{rel}","templated":true}]}}