{"id":2390,"date":"2022-03-20T12:25:04","date_gmt":"2022-03-20T11:25:04","guid":{"rendered":"https:\/\/cormac.eu\/?post_type=product&#038;p=2390"},"modified":"2022-05-30T16:25:08","modified_gmt":"2022-05-30T14:25:08","slug":"ball-forming-machine-cbf","status":"publish","type":"product","link":"https:\/\/cormac.eu\/cs\/product\/ball-forming-machine-cbf\/","title":{"rendered":"Kulov\u00fd tv\u00e1\u0159ec\u00ed stroj CBF"},"content":{"rendered":"<p>The continuous ball formers of the CBF range are suitable for the production of cylindrical shaped products like soft candies, fruit pastes, bubble gums\u00a0 and comparable masses, be it center filled, solid or hollow. These ball formers make a high quality product at great speeds up to 6.500 ppm. The machines are servo motor driven and all production parameters can be set and stored on the operator friendly touch screen. Throughout operation of the machine the rotation and translation speeds of the forming rollers can be controlled. A newly designed sizing and cutting system makes it possible to manufacture pieces with a high filling content up to 20%.\u00a0 This machine allows the confectioner to make a wide variety of products at low cost to serve the market in a creative manner and achieve a quick pay back time and high Return of Investment. The CBF-8000 double ball former model features 2 forming phases using rollers 1.000 mm long. This machine can run at a speed of 80 meters\/min. Thus it could replace up to 6 conventional single ball forming machines , at the same time yielding an even better quality product with higher content of center filling. Complete ball forming lines can be delivered.<\/p>\n<p><img decoding=\"async\" class=\"alignnone wp-image-2516\" src=\"https:\/\/cormac.eu\/wp-content\/uploads\/2022\/04\/Gum-center-filled-300x197.jpg\" alt=\"\" width=\"192\" height=\"126\" srcset=\"https:\/\/cormac.eu\/wp-content\/uploads\/2022\/04\/Gum-center-filled-300x197.jpg 300w, https:\/\/cormac.eu\/wp-content\/uploads\/2022\/04\/Gum-center-filled.jpg 600w\" sizes=\"(max-width: 192px) 100vw, 192px\" \/><img decoding=\"async\" class=\"alignnone wp-image-2642\" src=\"https:\/\/cormac.eu\/wp-content\/uploads\/2022\/04\/Mentos-Choco.jpg\" alt=\"\" width=\"175\" height=\"128\" \/><img decoding=\"async\" class=\"alignnone wp-image-2641\" src=\"https:\/\/cormac.eu\/wp-content\/uploads\/2022\/04\/Gum-tennis-balls-300x208.jpg\" alt=\"\" width=\"202\" height=\"141\" srcset=\"https:\/\/cormac.eu\/wp-content\/uploads\/2022\/04\/Gum-tennis-balls-300x208.jpg 300w, https:\/\/cormac.eu\/wp-content\/uploads\/2022\/04\/Gum-tennis-balls.jpg 600w\" sizes=\"(max-width: 202px) 100vw, 202px\" \/><img loading=\"lazy\" decoding=\"async\" class=\"alignnone wp-image-2640\" src=\"https:\/\/cormac.eu\/wp-content\/uploads\/2022\/04\/Gum-dinosaur-eggs.jpg\" alt=\"\" width=\"189\" height=\"138\" \/><\/p>\n<p>&nbsp;<\/p>\n<table>\n<tbody>\n<tr>\n<td width=\"158\">\u00a0<strong>\u00a0\u00a0\u00a0\u00a0\u00a0\u00a0\u00a0\u00a0\u00a0\u00a0\u00a0\u00a0\u00a0\u00a0\u00a0\u00a0\u00a0\u00a0\u00a0\u00a0\u00a0\u00a0\u00a0\u00a0\u00a0\u00a0\u00a0\u00a0 \u00a0\u00a0\u00a0\u00a0\u00a0\u00a0\u00a0\u00a0<\/strong><\/td>\n<td width=\"153\">\n<p style=\"text-align: center;\"><strong>CBF 4000<\/strong><\/p>\n<\/td>\n<td style=\"text-align: center;\" width=\"140\"><strong>CBF 6000<\/strong><\/td>\n<td width=\"153\">\n<p style=\"text-align: center;\"><strong>CBF 8000<\/strong><\/p>\n<\/td>\n<\/tr>\n<tr>\n<td width=\"158\"><strong>speed<\/strong><\/td>\n<td width=\"153\">\n<p style=\"text-align: center;\">40 meters\/min<\/p>\n<\/td>\n<td style=\"text-align: center;\" width=\"140\">60 meters\/min<\/td>\n<td width=\"153\">\n<p style=\"text-align: center;\">80 meters\/min<\/p>\n<\/td>\n<\/tr>\n<tr>\n<td width=\"158\"><strong>Number of rollers<\/strong><\/td>\n<td width=\"153\">\n<p style=\"text-align: center;\">1<\/p>\n<\/td>\n<td width=\"140\">\n<p style=\"text-align: center;\">1, 2<\/p>\n<\/td>\n<td width=\"153\">\n<p style=\"text-align: center;\">2<\/p>\n<\/td>\n<\/tr>\n<tr>\n<td width=\"158\"><strong>Product <\/strong><strong>Rozsah \u00d8<\/strong><\/td>\n<td width=\"153\">\n<p style=\"text-align: center;\">10 &#8211; 30 mm<\/p>\n<\/td>\n<td style=\"text-align: center;\" width=\"140\">10-30 mm<\/td>\n<td width=\"153\">\n<p style=\"text-align: center;\">10-30 mm<\/p>\n<\/td>\n<\/tr>\n<tr>\n<td width=\"158\"><strong>Power<\/strong><\/td>\n<td width=\"153\">\n<p style=\"text-align: center;\">3,9 kW<\/p>\n<\/td>\n<td style=\"text-align: center;\" width=\"140\">4,2 kW<\/td>\n<td width=\"153\">\n<p style=\"text-align: center;\">4,8 kW<\/p>\n<\/td>\n<\/tr>\n<\/tbody>\n<\/table>\n<p>&nbsp;<\/p>\n<table style=\"height: 505px;\" width=\"625\">\n<tbody>\n<tr>\n<td width=\"302\">\n<p style=\"text-align: center;\"><strong>Funkce<\/strong><\/p>\n<\/td>\n<td width=\"302\">\n<p style=\"text-align: center;\"><strong>V\u00fdhody<\/strong><\/p>\n<\/td>\n<\/tr>\n<tr>\n<td width=\"302\">Proveden\u00ed z nerezov\u00e9 oceli<\/td>\n<td width=\"302\">\n<ul>\n<li>Snadn\u00e9 \u010di\u0161t\u011bn\u00ed<\/li>\n<li>Hygienick\u00fd design<\/li>\n<\/ul>\n<\/td>\n<\/tr>\n<tr>\n<td width=\"302\">Robustn\u00ed r\u00e1m stroje<\/td>\n<td width=\"302\">\n<ul>\n<li>Spolehliv\u00e9<\/li>\n<li>Dlouh\u00e1 technick\u00e1 \u017eivotnost<\/li>\n<\/ul>\n<\/td>\n<\/tr>\n<tr>\n<td width=\"302\">1 or 2 sets of rollers (length 1000 mm)<\/td>\n<td width=\"302\">\n<ul>\n<li>High speeds<\/li>\n<\/ul>\n<\/td>\n<\/tr>\n<tr>\n<td width=\"302\">Servo driven motions<\/td>\n<td width=\"302\">\n<ul>\n<li>High level of process control<\/li>\n<\/ul>\n<\/td>\n<\/tr>\n<tr>\n<td width=\"302\">Special cutting system with servo driven knife<\/td>\n<td width=\"302\">\n<ul>\n<li>Prevention of leakage<\/li>\n<li>Precise cut matching rope speed<\/li>\n<\/ul>\n<\/td>\n<\/tr>\n<tr>\n<td width=\"302\">Rychl\u00e1 v\u00fdm\u011bna<\/td>\n<td width=\"302\">\n<ul>\n<li>&lt; 10 minutes for change over<\/li>\n<\/ul>\n<\/td>\n<\/tr>\n<\/tbody>\n<\/table>","protected":false},"excerpt":{"rendered":"<p>Pr\u016fb\u011b\u017en\u00e9 kulov\u00e9 formova\u010de pro v\u00fdrobu v\u00fdrobk\u016f v\u00e1lcovit\u00e9ho tvaru, jako jsou m\u011bkk\u00e9 bonbony, ovocn\u00e9 pasty, bublinkov\u00e9 \u017ev\u00fdka\u010dky a srovnateln\u00e9 hmoty.<\/p>","protected":false},"featured_media":2515,"comment_status":"open","ping_status":"closed","template":"","meta":{"uix_meta_title":"","uix_meta_description":"","uix_canonical_url":""},"product_brand":[],"product_cat":[104],"product_tag":[],"class_list":{"0":"post-2390","1":"product","2":"type-product","3":"status-publish","4":"has-post-thumbnail","6":"product_cat-processing","8":"first","9":"instock","10":"shipping-taxable","11":"product-type-simple"},"_links":{"self":[{"href":"https:\/\/cormac.eu\/cs\/wp-json\/wp\/v2\/product\/2390","targetHints":{"allow":["GET"]}}],"collection":[{"href":"https:\/\/cormac.eu\/cs\/wp-json\/wp\/v2\/product"}],"about":[{"href":"https:\/\/cormac.eu\/cs\/wp-json\/wp\/v2\/types\/product"}],"replies":[{"embeddable":true,"href":"https:\/\/cormac.eu\/cs\/wp-json\/wp\/v2\/comments?post=2390"}],"wp:featuredmedia":[{"embeddable":true,"href":"https:\/\/cormac.eu\/cs\/wp-json\/wp\/v2\/media\/2515"}],"wp:attachment":[{"href":"https:\/\/cormac.eu\/cs\/wp-json\/wp\/v2\/media?parent=2390"}],"wp:term":[{"taxonomy":"product_brand","embeddable":true,"href":"https:\/\/cormac.eu\/cs\/wp-json\/wp\/v2\/product_brand?post=2390"},{"taxonomy":"product_cat","embeddable":true,"href":"https:\/\/cormac.eu\/cs\/wp-json\/wp\/v2\/product_cat?post=2390"},{"taxonomy":"product_tag","embeddable":true,"href":"https:\/\/cormac.eu\/cs\/wp-json\/wp\/v2\/product_tag?post=2390"}],"curies":[{"name":"wp","href":"https:\/\/api.w.org\/{rel}","templated":true}]}}