{"id":1911,"date":"2021-08-12T16:01:33","date_gmt":"2021-08-12T14:01:33","guid":{"rendered":"https:\/\/cormac.tijdelijk.org\/?post_type=product&#038;p=1911"},"modified":"2022-06-06T00:45:26","modified_gmt":"2022-06-05T22:45:26","slug":"newsmith-batch-galaxy","status":"publish","type":"product","link":"https:\/\/cormac.eu\/cs\/product\/newsmith-batch-galaxy\/","title":{"rendered":"D\u00e1vka Galaxy"},"content":{"rendered":"<p>Kompaktn\u00ed v\u00edce\u00fa\u010delov\u00e1 pra\u010dka s vysok\u00fdm v\u00fdkonem, ide\u00e1ln\u00ed pro za\u0159\u00edzen\u00ed s mal\u00fdm prostorem. V\u00fdkonn\u00fd a p\u0159itom jednoduch\u00fd stroj, vyroben\u00fd v\u00fdhradn\u011b z nerezov\u00e9 oceli. Plynul\u00fd chod rota\u010dn\u00ed pra\u010dky zaji\u0161\u0165uje \"drhnut\u00ed podobn\u00e9\". Oto\u010dn\u00fd st\u016fl zaji\u0161\u0165uje, \u017ee jsou \u010di\u0161t\u011bn\u00e9 p\u0159edm\u011bty vystaveny vysokotlak\u00e9mu n\u00e1st\u0159iku hork\u00e9ho prac\u00edho prost\u0159edku pod r\u016fzn\u00fdmi \u00fahly. D\u00e1vkovac\u00ed my\u010dka Batch Galaxy se dod\u00e1v\u00e1 v r\u016fzn\u00fdch velikostech, kter\u00e9 jsou schopny pojmout r\u016fznorod\u00e9 zat\u00ed\u017een\u00ed v souladu s po\u017eadavky na\u0161ich z\u00e1kazn\u00edk\u016f. Jeho cykly zahrnuj\u00ed myt\u00ed, oplachov\u00e1n\u00ed a su\u0161en\u00ed. Tento stroj se \u010dasto pou\u017e\u00edv\u00e1 pro myt\u00ed forem na \u010dokol\u00e1du a n\u00e1dob\u00ed v cukr\u00e1\u0159sk\u00fdch nebo peka\u0159sk\u00fdch provozech, ale je vhodn\u00fd i pro dal\u0161\u00ed potravin\u00e1\u0159sk\u00e9 obory.<\/p>\n<p>&nbsp;<\/p>\n<h3>Rozsah kapacity<\/h3>\n<p>V z\u00e1vislosti na velikosti a tvaru um\u00fdvan\u00fdch p\u0159edm\u011bt\u016f.<\/p>\n<p>&nbsp;<\/p>\n<table class=\"features\" border=\"0\">\n<tbody>\n<tr>\n<td><strong>Funkce<\/strong><\/td>\n<td><strong>V\u00fdhody<\/strong><\/td>\n<\/tr>\n<tr>\n<td>Kompaktn\u00ed stroj<\/td>\n<td>\n<ul>\n<li>\u00faspora m\u00edsta<\/li>\n<li>snadn\u00e9 ovl\u00e1d\u00e1n\u00ed<\/li>\n<\/ul>\n<\/td>\n<\/tr>\n<tr>\n<td>\u00a0Myc\u00ed \u010derpadlo o v\u00fdkonu 5,5 kW<\/td>\n<td>\n<ul>\n<li>Vysok\u00fd \u010distic\u00ed v\u00fdkon<\/li>\n<\/ul>\n<\/td>\n<\/tr>\n<tr>\n<td>Automaticky \u0159\u00edzen\u00e9 cykly stroje<\/td>\n<td>\n<ul>\n<li>Minimalizujte spot\u0159ebu energie, vody a \u010distic\u00edch prost\u0159edk\u016f.<\/li>\n<\/ul>\n<\/td>\n<\/tr>\n<tr>\n<td>Odn\u00edmateln\u00e9 panely<\/td>\n<td>\n<ul>\n<li>Celkov\u00fd p\u0159\u00edstup<\/li>\n<\/ul>\n<\/td>\n<\/tr>\n<tr>\n<td>Velk\u00e9 dve\u0159e<\/td>\n<td>\n<ul>\n<li>Snadn\u00e9 na\u010d\u00edt\u00e1n\u00ed<\/li>\n<\/ul>\n<\/td>\n<\/tr>\n<\/tbody>\n<\/table>","protected":false},"excerpt":{"rendered":"<p>V\u00fdkonn\u00e1, ale jednoduch\u00e1, kompaktn\u00ed a v\u0161estrann\u00e1 v\u00edce\u00fa\u010delov\u00e1 pra\u010dka s vysok\u00fdm v\u00fdkonem, ide\u00e1ln\u00ed pro za\u0159\u00edzen\u00ed s mal\u00fdm prostorem, vyroben\u00e1 v\u00fdhradn\u011b z nerezov\u00e9 oceli.<\/p>","protected":false},"featured_media":2417,"comment_status":"open","ping_status":"closed","template":"","meta":{"uix_meta_title":"","uix_meta_description":"","uix_canonical_url":""},"product_brand":[],"product_cat":[108],"product_tag":[],"class_list":{"0":"post-1911","1":"product","2":"type-product","3":"status-publish","4":"has-post-thumbnail","6":"product_cat-hygiene","8":"first","9":"instock","10":"shipping-taxable","11":"purchasable","12":"product-type-simple"},"_links":{"self":[{"href":"https:\/\/cormac.eu\/cs\/wp-json\/wp\/v2\/product\/1911","targetHints":{"allow":["GET"]}}],"collection":[{"href":"https:\/\/cormac.eu\/cs\/wp-json\/wp\/v2\/product"}],"about":[{"href":"https:\/\/cormac.eu\/cs\/wp-json\/wp\/v2\/types\/product"}],"replies":[{"embeddable":true,"href":"https:\/\/cormac.eu\/cs\/wp-json\/wp\/v2\/comments?post=1911"}],"wp:featuredmedia":[{"embeddable":true,"href":"https:\/\/cormac.eu\/cs\/wp-json\/wp\/v2\/media\/2417"}],"wp:attachment":[{"href":"https:\/\/cormac.eu\/cs\/wp-json\/wp\/v2\/media?parent=1911"}],"wp:term":[{"taxonomy":"product_brand","embeddable":true,"href":"https:\/\/cormac.eu\/cs\/wp-json\/wp\/v2\/product_brand?post=1911"},{"taxonomy":"product_cat","embeddable":true,"href":"https:\/\/cormac.eu\/cs\/wp-json\/wp\/v2\/product_cat?post=1911"},{"taxonomy":"product_tag","embeddable":true,"href":"https:\/\/cormac.eu\/cs\/wp-json\/wp\/v2\/product_tag?post=1911"}],"curies":[{"name":"wp","href":"https:\/\/api.w.org\/{rel}","templated":true}]}}