{"id":1904,"date":"2021-08-12T15:51:32","date_gmt":"2021-08-12T13:51:32","guid":{"rendered":"https:\/\/cormac.tijdelijk.org\/?post_type=product&#038;p=1904"},"modified":"2022-04-21T22:28:06","modified_gmt":"2022-04-21T20:28:06","slug":"rasch-fi-wrapper-2","status":"publish","type":"product","link":"https:\/\/cormac.eu\/cs\/product\/rasch-fi-wrapper\/","title":{"rendered":"Obr\u00e1zkov\u00fd balic\u00ed stroj FI"},"content":{"rendered":"<p>Balic\u00ed stroj vyroben\u00fd na m\u00edru speci\u00e1ln\u011b pro dut\u00e9 figurky (symetrick\u00e9 a asymetrick\u00e9), jako jsou kr\u00e1l\u00edci, sed\u00edc\u00ed kr\u00e1l\u00edci, Santa Clause a podobn\u00e9 figurky. Speci\u00e1ln\u011b vyvinut\u00fd Raschem je tzv. Z-sklad, co\u017e je vlastn\u011b trojit\u00fd sklad na zadn\u00ed stran\u011b figurky, kter\u00fd zabra\u0148uje tomu, aby na \u0161vu byla vid\u011bt nepoti\u0161t\u011bn\u00e1 leskl\u00e1 \u010d\u00e1st f\u00f3lie. V kombinaci s p\u0159esnou technikou tepeln\u00e9ho zatavov\u00e1n\u00ed tak vznikaj\u00ed dokonale zabalen\u00e9 v\u00fdrobky, u nich\u017e jsou dodr\u017eeny v\u0161echny detaily reli\u00e9fu.  Pod\u00e1v\u00e1n\u00ed stroje lze prov\u00e1d\u011bt ru\u010dn\u011b nebo automaticky pomoc\u00ed n\u011bkolika dostupn\u00fdch pod\u00e1vac\u00edch syst\u00e9m\u016f. Hmotnost p\u0159ibli\u017en\u011b 3400 kg; v\u00fdkon 3,5 kVA;<\/p>\n<p>Pou\u017eit\u00ed: figurky, v\u0161echny druhy dut\u00fdch figurek, jako jsou: Santa Claus, and\u011bl, ku\u0159e, medv\u00eddek, tu\u010d\u0148\u00e1k, kr\u00e1l\u00edk, zaj\u00edc, komiksov\u00e9 figurky atd.<br \/>\nZp\u016fsob balen\u00ed: p\u0159edn\u00ed skl\u00e1d\u00e1n\u00ed, tepeln\u00e9 zatavov\u00e1n\u00ed, \u0161t\u00edtkov\u00e1n\u00ed, f\u00f3liov\u00e1n\u00ed, zadn\u00ed \u0161ev;<\/p>\n<p><img decoding=\"async\" class=\"alignnone wp-image-2698\" src=\"https:\/\/cormac.eu\/wp-content\/uploads\/2022\/04\/sample-2.jpg\" alt=\"\" width=\"120\" height=\"129\" \/><img decoding=\"async\" class=\"alignnone wp-image-2741\" src=\"https:\/\/cormac.eu\/wp-content\/uploads\/2022\/04\/Product-Knipsel.jpg\" alt=\"\" width=\"107\" height=\"148\" \/><img decoding=\"async\" class=\"alignnone wp-image-2697\" src=\"https:\/\/cormac.eu\/wp-content\/uploads\/2022\/04\/sample-1.jpg\" alt=\"\" width=\"163\" height=\"118\" \/><\/p>\n<p>Rozsah kapacity: A\u017e 33, 50 nebo 60 v\u00fdrobk\u016f za minutu v z\u00e1vislosti na modelu a vlastnostech v\u00fdrobku.<\/p>\n<table>\n<tbody>\n<tr>\n<td width=\"293\">\n<p style=\"text-align: center\"><strong>Funkce ( n\u011bkter\u00e9 voliteln\u00e9)<\/strong><\/p>\n<\/td>\n<td width=\"293\">\n<p style=\"text-align: center\"><strong>V\u00fdhody<\/strong><\/p>\n<\/td>\n<\/tr>\n<tr>\n<td width=\"293\">Pohon servomotorem<\/td>\n<td width=\"293\">\n<ul>\n<li>P\u0159esn\u00e1 synchronizace modul\u016f<\/li>\n<\/ul>\n<\/td>\n<\/tr>\n<tr>\n<td width=\"293\">Syst\u00e9my pro rychlou v\u00fdm\u011bnu<\/td>\n<td width=\"293\">\n<ul>\n<li>M\u00e9n\u011b prostoj\u016f<\/li>\n<\/ul>\n<\/td>\n<\/tr>\n<tr>\n<td width=\"293\">Speci\u00e1ln\u00ed bez\u00fadr\u017ebov\u00e9 medv\u011bd\u00ed krou\u017eky<\/td>\n<td width=\"293\">\n<ul>\n<li>N\u00edzk\u00e9 n\u00e1klady na \u00fadr\u017ebu<\/li>\n<\/ul>\n<\/td>\n<\/tr>\n<tr>\n<td width=\"293\">Fotoelektrick\u00fd \u010dl\u00e1nek<\/td>\n<td width=\"293\">\n<ul>\n<li>\u017d\u00e1dn\u00fd dotek produktu<\/li>\n<\/ul>\n<\/td>\n<\/tr>\n<tr>\n<td width=\"293\">Programovateln\u00fd \u0159\u00eddic\u00ed a monitorovac\u00ed syst\u00e9m sps<\/td>\n<td width=\"293\">\n<ul>\n<li>Nep\u0159etr\u017eit\u00e1 v\u00fdroba<\/li>\n<\/ul>\n<\/td>\n<\/tr>\n<tr>\n<td width=\"293\">Syst\u00e9m pod\u00e1v\u00e1n\u00ed Pick &amp; Place<\/td>\n<td width=\"293\">\n<ul>\n<li>Zv\u00fd\u0161en\u00ed efektivity a zlep\u0161en\u00ed hygieny<\/li>\n<\/ul>\n<\/td>\n<\/tr>\n<tr>\n<td width=\"293\">Odoln\u00e1 konstrukce<\/td>\n<td width=\"293\">\n<ul>\n<li>Stabiln\u00ed chod Vysok\u00e1 klidov\u00e1 hodnota stroje<\/li>\n<\/ul>\n<\/td>\n<\/tr>\n<tr>\n<td width=\"293\">Z-sklad \/ trojit\u00fd sklad<\/td>\n<td width=\"293\">\n<ul>\n<li>\u017d\u00e1dn\u00e9 leskl\u00e9 nepoti\u0161t\u011bn\u00e9 \u010d\u00e1sti f\u00f3lie viditeln\u00e9 na \u0161vu<\/li>\n<\/ul>\n<\/td>\n<\/tr>\n<tr>\n<td width=\"293\">Obr\u00e1zek vyhlazovac\u00ed stanice<\/td>\n<td width=\"293\">\n<ul>\n<li>Hladk\u00fd vzhled a jemn\u00fd dotek<\/li>\n<\/ul>\n<\/td>\n<\/tr>\n<tr>\n<td width=\"293\">Za\u0159\u00edzen\u00ed pro p\u0159ipevn\u011bn\u00ed \u0161t\u00edtk\u016f<\/td>\n<td width=\"293\">\n<ul>\n<li>Dal\u0161\u00ed informace o produktu<\/li>\n<\/ul>\n<\/td>\n<\/tr>\n<\/tbody>\n<\/table>","protected":false},"excerpt":{"rendered":"<p>Rasch \u0159ady FI-14, FI-15 a FI-16 jsou specializovan\u00e9 balic\u00ed stroje pro dut\u00e9 figurky (symetrick\u00e9 a asymetrick\u00e9), jako jsou kr\u00e1l\u00edci , sed\u00edc\u00ed kr\u00e1l\u00edci , Santa Clause a podobn\u00e9 figurky.<\/p>","protected":false},"featured_media":2742,"comment_status":"open","ping_status":"closed","template":"","meta":{"uix_meta_title":"","uix_meta_description":"","uix_canonical_url":""},"product_brand":[],"product_cat":[105],"product_tag":[],"class_list":{"0":"post-1904","1":"product","2":"type-product","3":"status-publish","4":"has-post-thumbnail","6":"product_cat-packaging","8":"first","9":"instock","10":"shipping-taxable","11":"product-type-simple"},"_links":{"self":[{"href":"https:\/\/cormac.eu\/cs\/wp-json\/wp\/v2\/product\/1904","targetHints":{"allow":["GET"]}}],"collection":[{"href":"https:\/\/cormac.eu\/cs\/wp-json\/wp\/v2\/product"}],"about":[{"href":"https:\/\/cormac.eu\/cs\/wp-json\/wp\/v2\/types\/product"}],"replies":[{"embeddable":true,"href":"https:\/\/cormac.eu\/cs\/wp-json\/wp\/v2\/comments?post=1904"}],"wp:featuredmedia":[{"embeddable":true,"href":"https:\/\/cormac.eu\/cs\/wp-json\/wp\/v2\/media\/2742"}],"wp:attachment":[{"href":"https:\/\/cormac.eu\/cs\/wp-json\/wp\/v2\/media?parent=1904"}],"wp:term":[{"taxonomy":"product_brand","embeddable":true,"href":"https:\/\/cormac.eu\/cs\/wp-json\/wp\/v2\/product_brand?post=1904"},{"taxonomy":"product_cat","embeddable":true,"href":"https:\/\/cormac.eu\/cs\/wp-json\/wp\/v2\/product_cat?post=1904"},{"taxonomy":"product_tag","embeddable":true,"href":"https:\/\/cormac.eu\/cs\/wp-json\/wp\/v2\/product_tag?post=1904"}],"curies":[{"name":"wp","href":"https:\/\/api.w.org\/{rel}","templated":true}]}}