{"id":184,"date":"2021-02-02T11:30:23","date_gmt":"2021-02-02T11:30:23","guid":{"rendered":"https:\/\/cormac.tijdelijk.org\/?post_type=product&#038;p=184"},"modified":"2022-05-30T16:27:13","modified_gmt":"2022-05-30T14:27:13","slug":"lloveras-sire-enrobing-line","status":"publish","type":"product","link":"https:\/\/cormac.eu\/cs\/product\/lloveras-sire-enrobing-line\/","title":{"rendered":"Lloveras Sire enrobing line"},"content":{"rendered":"<p>Za\u0159\u00edzen\u00ed Lloveras Sire-N(N) nab\u00edzela \u00fapln\u00e9 a \u010d\u00e1ste\u010dn\u00e9 potahov\u00e9 linky. Dod\u00e1vaj\u00ed se v \u0161esti \u0161\u00ed\u0159k\u00e1ch ok od 400 do 12 000 mm a nab\u00edzej\u00ed \u0161irokou \u0161k\u00e1lu mo\u017enost\u00ed enrobov\u00e1n\u00ed.Enrob\u00e1tory Sire-N mohou enrobovat jak\u00fdkoli druh v\u00fdrobku, od cukr\u00e1\u0159sk\u00fdch v\u00fdrobk\u016f a\u017e po oplatky, su\u0161enky nebo jin\u00e9 peka\u0159sk\u00e9 v\u00fdrobky. Linky lze p\u0159izp\u016fsobit p\u0159id\u00e1n\u00edm voliteln\u00fdch komponent\u016f, jako jsou nap\u0159\u00edklad p\u0159eds\u00e1dky, dvojit\u00e9 enrobovac\u00ed hlavy, post\u0159ikova\u010de o\u0159ech\u016f a zdobi\u010de \u0159et\u011bz\u016f. Chladic\u00ed tunely linky lze nastavit tak, aby chladily v\u00fdrobky konvekc\u00ed a\/nebo s\u00e1l\u00e1n\u00edm podle pot\u0159eby dan\u00e9ho v\u00fdrobku, a lze p\u0159idat jednu nebo v\u00edce nez\u00e1visl\u00fdch chladic\u00edch jednotek. V\u0161echny funkce se ovl\u00e1daj\u00ed pomoc\u00ed komplexn\u00edho ovl\u00e1dac\u00edho panelu. Do v\u0161ech mechanism\u016f, kter\u00e9 vy\u017eaduj\u00ed \u0159\u00edzen\u00ed pohybu, byly za\u010dlen\u011bny nov\u00e9 motorizovan\u00e9 komponenty s ohledem na dosa\u017een\u00ed standardizace a snadn\u00e9 v\u00fdm\u011bny. Pou\u017eit\u00ed line\u00e1rn\u00edch a rota\u010dn\u00edch pohon\u016f eliminuje pot\u0159ebu dod\u00e1vky stla\u010den\u00e9ho vzduchu.<\/p>\n<h3>Aplikace<\/h3>\n<p>Potahov\u00e1n\u00ed cukr\u00e1\u0159sk\u00fdch a peka\u0159sk\u00fdch v\u00fdrobk\u016f \u010dokol\u00e1dou nebo sm\u011bs\u00ed s n\u00e1sledn\u00fdm nan\u00e1\u0161en\u00edm o\u0159ech\u016f, zdoben\u00edm prov\u00e1zk\u016f a chlazen\u00edm.<\/p>\n<p>&nbsp;<\/p>\n<h3>Rozsah kapacity<\/h3>\n<p>\u0160\u00ed\u0159ky 400, 500, 600 800 a 12000 mm<br \/>\nKapacita z\u00e1vis\u00ed na v\u00fdrobku, tlou\u0161\u0165ce n\u00e1t\u011brov\u00e9 vrstvy, typu n\u00e1t\u011brov\u00e9ho materi\u00e1lu a po\u017eadovan\u00e9 dob\u011b chlazen\u00ed.<\/p>\n<p>&nbsp;<\/p>\n<table class=\"features\" border=\"0\">\n<tbody>\n<tr>\n<td><strong>Funkce<\/strong><\/td>\n<td><strong>V\u00fdhody<\/strong><\/td>\n<\/tr>\n<tr>\n<td>Cantylever design<\/td>\n<td>\n<ul>\n<li>Snadn\u00fd p\u0159\u00edstup pro \u00fadr\u017ebu<\/li>\n<li>Snadn\u00e9 \u010di\u0161t\u011bn\u00ed<\/li>\n<\/ul>\n<\/td>\n<\/tr>\n<tr>\n<td>Cel\u00e9 proveden\u00ed z nerezov\u00e9 oceli s materi\u00e1ly schv\u00e1len\u00fdmi FDA<\/td>\n<td>\n<ul>\n<li>Kompaktn\u00ed koncepce \"v\u0161e v jednom<\/li>\n<\/ul>\n<\/td>\n<\/tr>\n<tr>\n<td>Odn\u00edmateln\u00e1 spodn\u00ed n\u00e1dr\u017e a dopravn\u00edk<\/td>\n<td>\n<ul>\n<li>Zabra\u0148te zne\u010di\u0161t\u011bn\u00ed podlahy<\/li>\n<li>Snadn\u00e1 zm\u011bna na jin\u00fd typ \u010dokol\u00e1dy<\/li>\n<li>Splachovac\u00ed spodn\u00ed modul (\"\u010dokol\u00e1dov\u00e1 vani\u010dka\")<\/li>\n<\/ul>\n<\/td>\n<\/tr>\n<tr>\n<td>Vestav\u011bn\u00fd ovl\u00e1dac\u00ed panel<\/td>\n<td>\n<ul>\n<li>\u00dapln\u00e1 kontrola procesu<\/li>\n<li>P\u0159\u00edv\u011btiv\u00e9 pro obsluhu<\/li>\n<\/ul>\n<\/td>\n<\/tr>\n<tr>\n<td>Elektricky tit\u011brn\u00fd s\u00ed\u0165ov\u00fd st\u016fl<\/td>\n<td>\n<ul>\n<li>dobr\u00e1 ergonomie<\/li>\n<\/ul>\n<\/td>\n<\/tr>\n<tr>\n<td>Pou\u017eit\u00ed line\u00e1rn\u00edch a rota\u010dn\u00edch pohon\u016f<\/td>\n<td>\n<ul>\n<li>Vysok\u00e1 \u00farove\u0148 p\u0159izp\u016fsoben\u00ed<\/li>\n<\/ul>\n<\/td>\n<\/tr>\n<\/tbody>\n<\/table>","protected":false},"excerpt":{"rendered":"<p>Za\u0159\u00edzen\u00ed Lloveras Sire-N(N) nab\u00edzej\u00ed nejmodern\u011bj\u0161\u00ed kompletn\u00ed a \u010d\u00e1ste\u010dn\u00e9 potahov\u00e9 linky. Dod\u00e1vaj\u00ed se v \u0161esti \u0161\u00ed\u0159k\u00e1ch ok od 400 do 12 000 mm a nab\u00edzej\u00ed \u0161irokou \u0161k\u00e1lu mo\u017enost\u00ed pro zu\u0161lech\u0165ov\u00e1n\u00ed.<\/p>","protected":false},"featured_media":995,"comment_status":"open","ping_status":"closed","template":"","meta":{"uix_meta_title":"","uix_meta_description":"","uix_canonical_url":""},"product_brand":[],"product_cat":[104],"product_tag":[],"class_list":{"0":"post-184","1":"product","2":"type-product","3":"status-publish","4":"has-post-thumbnail","6":"product_cat-processing","8":"first","9":"instock","10":"downloadable","11":"virtual","12":"product-type-simple"},"_links":{"self":[{"href":"https:\/\/cormac.eu\/cs\/wp-json\/wp\/v2\/product\/184","targetHints":{"allow":["GET"]}}],"collection":[{"href":"https:\/\/cormac.eu\/cs\/wp-json\/wp\/v2\/product"}],"about":[{"href":"https:\/\/cormac.eu\/cs\/wp-json\/wp\/v2\/types\/product"}],"replies":[{"embeddable":true,"href":"https:\/\/cormac.eu\/cs\/wp-json\/wp\/v2\/comments?post=184"}],"wp:featuredmedia":[{"embeddable":true,"href":"https:\/\/cormac.eu\/cs\/wp-json\/wp\/v2\/media\/995"}],"wp:attachment":[{"href":"https:\/\/cormac.eu\/cs\/wp-json\/wp\/v2\/media?parent=184"}],"wp:term":[{"taxonomy":"product_brand","embeddable":true,"href":"https:\/\/cormac.eu\/cs\/wp-json\/wp\/v2\/product_brand?post=184"},{"taxonomy":"product_cat","embeddable":true,"href":"https:\/\/cormac.eu\/cs\/wp-json\/wp\/v2\/product_cat?post=184"},{"taxonomy":"product_tag","embeddable":true,"href":"https:\/\/cormac.eu\/cs\/wp-json\/wp\/v2\/product_tag?post=184"}],"curies":[{"name":"wp","href":"https:\/\/api.w.org\/{rel}","templated":true}]}}