{"id":183,"date":"2021-02-02T11:30:04","date_gmt":"2021-02-02T11:30:04","guid":{"rendered":"https:\/\/cormac.tijdelijk.org\/?post_type=product&#038;p=183"},"modified":"2022-05-30T16:27:39","modified_gmt":"2022-05-30T14:27:39","slug":"chladici-tunel-lloveras","status":"publish","type":"product","link":"https:\/\/cormac.eu\/cs\/product\/lloveras-cooling-tunnel\/","title":{"rendered":"Chladic\u00ed tunel Lloveras"},"content":{"rendered":"<p>Chladic\u00ed tunel Lloveras je vyroben ze siln\u00e9ho strojn\u00edho r\u00e1mu. Kryty jsou opl\u00e1\u0161t\u011bny ocelov\u00fdm plechem s dekorem s pvc laminovan\u00fdm povrchem a polyuretanovou izolac\u00ed, jeho\u017e v\u00fdhodou je n\u00edzk\u00e1 hmotnost. D\u00e9lka chladic\u00edho tunelu je flexibiln\u00ed a skl\u00e1d\u00e1 se ze skl\u00e1d\u00e1n\u00ed sekc\u00ed standardn\u00edch rozm\u011br\u016f. Kryt ka\u017ed\u00e9 sekce lze zcela otev\u0159\u00edt pro kontrolu a \u010di\u0161t\u011bn\u00ed. Cirkulace vzduchu uvnit\u0159 tunelu je pod\u00e9ln\u00e1 a jednotka obsahuje ve\u0161ker\u00e9 kan\u00e1lky nezbytn\u00e9 pro optim\u00e1ln\u00ed proud\u011bn\u00ed vzduchu pod\u00e9l tunelu a rovnom\u011brn\u00e9 rozlo\u017een\u00ed teploty. Chladic\u00ed tunel je p\u0159ipraven pracovat s proudem studen\u00e9ho vzduchu bu\u010f v konvekci (p\u0159\u00edm\u00e9 chlazen\u00ed), nebo v radiaci (nep\u0159\u00edm\u00e9 chlazen\u00ed). V\u00fdparn\u00edk a turb\u00edny jsou um\u00edst\u011bny ve spodn\u00ed \u010d\u00e1sti tunelu. Kompresor a kondenz\u00e1tor se dod\u00e1vaj\u00ed jako samostatn\u00e9 jednotky, kter\u00e9 lze um\u00edstit podle p\u0159\u00e1n\u00ed z\u00e1kazn\u00edka. Chladic\u00ed tunel se doporu\u010duje instalovat v klimatizovan\u00e9m prostoru, kde je teplota 20-22 \u00b0C a maxim\u00e1ln\u00ed vlhkost 55%.<\/p>\n<p>&nbsp;<\/p>\n<h3>Aplikace<\/h3>\n<p>Chlazen\u00ed \u010dokol\u00e1dov\u00e9ho nebo sm\u011bsn\u00e9ho produktu v n\u00e1plni<\/p>\n<p>&nbsp;<\/p>\n<h3>Rozsah kapacity<\/h3>\n<p>Kapacita je d\u00e1na d\u00e9lkou chladic\u00edho tunelu.<\/p>\n<p>&nbsp;<\/p>\n<table class=\"features\" border=\"0\">\n<tbody>\n<tr>\n<td><strong>Funkce<\/strong><\/td>\n<td><strong>V\u00fdhody<\/strong><\/td>\n<\/tr>\n<tr>\n<td>PVC laminovan\u00e9 oblo\u017een\u00ed z nerezov\u00e9 oceli<\/td>\n<td>\n<ul>\n<li>Hygienick\u00fd design<\/li>\n<li>Snadn\u00e1 kontrola a \u010di\u0161t\u011bn\u00ed<\/li>\n<\/ul>\n<\/td>\n<\/tr>\n<tr>\n<td>PU izolace<\/td>\n<td>\n<ul>\n<li>ni\u017e\u0161\u00ed spot\u0159eba energie<\/li>\n<\/ul>\n<\/td>\n<\/tr>\n<tr>\n<td>Konvek\u010dn\u00ed nebo radia\u010dn\u00ed chlazen\u00ed<\/td>\n<td>\n<ul>\n<li>Vynikaj\u00edc\u00ed regulace proud\u011bn\u00ed vzduchu<\/li>\n<li>Vynikaj\u00edc\u00ed chladic\u00ed schopnosti<\/li>\n<\/ul>\n<\/td>\n<\/tr>\n<tr>\n<td>Syst\u00e9m automatick\u00e9ho centrov\u00e1n\u00ed p\u00e1su<\/td>\n<td>\n<ul>\n<li>spolehliv\u00fd pohyb p\u00e1su<\/li>\n<li>Men\u0161\u00ed zne\u010di\u0161t\u011bn\u00ed p\u00e1su<\/li>\n<\/ul>\n<\/td>\n<\/tr>\n<tr>\n<td>Nez\u00e1visl\u00e9 zm\u011bny rychlosti p\u00e1su a s\u00edt\u011b<\/td>\n<td>\n<ul>\n<li>dobr\u00e1 kontrola procesu<\/li>\n<\/ul>\n<\/td>\n<\/tr>\n<tr>\n<td>PLC plus LCD<\/td>\n<td>\n<ul>\n<li>p\u0159\u00edv\u011btiv\u00e9 pro obsluhu<\/li>\n<\/ul>\n<\/td>\n<\/tr>\n<\/tbody>\n<\/table>","protected":false},"excerpt":{"rendered":"<p>Chladic\u00ed tunel Lloveras je vyroben ze siln\u00e9ho strojn\u00edho r\u00e1mu. Kryty jsou opl\u00e1\u0161t\u011bny ocelov\u00fdm plechem s dekorem s pvc laminovan\u00fdm povrchem a polyuretanovou izolac\u00ed, jeho\u017e v\u00fdhodou je n\u00edzk\u00e1 hmotnost.<\/p>","protected":false},"featured_media":996,"comment_status":"open","ping_status":"closed","template":"","meta":{"uix_meta_title":"","uix_meta_description":"","uix_canonical_url":""},"product_brand":[],"product_cat":[104],"product_tag":[],"class_list":{"0":"post-183","1":"product","2":"type-product","3":"status-publish","4":"has-post-thumbnail","6":"product_cat-processing","8":"first","9":"instock","10":"downloadable","11":"virtual","12":"product-type-simple"},"_links":{"self":[{"href":"https:\/\/cormac.eu\/cs\/wp-json\/wp\/v2\/product\/183","targetHints":{"allow":["GET"]}}],"collection":[{"href":"https:\/\/cormac.eu\/cs\/wp-json\/wp\/v2\/product"}],"about":[{"href":"https:\/\/cormac.eu\/cs\/wp-json\/wp\/v2\/types\/product"}],"replies":[{"embeddable":true,"href":"https:\/\/cormac.eu\/cs\/wp-json\/wp\/v2\/comments?post=183"}],"wp:featuredmedia":[{"embeddable":true,"href":"https:\/\/cormac.eu\/cs\/wp-json\/wp\/v2\/media\/996"}],"wp:attachment":[{"href":"https:\/\/cormac.eu\/cs\/wp-json\/wp\/v2\/media?parent=183"}],"wp:term":[{"taxonomy":"product_brand","embeddable":true,"href":"https:\/\/cormac.eu\/cs\/wp-json\/wp\/v2\/product_brand?post=183"},{"taxonomy":"product_cat","embeddable":true,"href":"https:\/\/cormac.eu\/cs\/wp-json\/wp\/v2\/product_cat?post=183"},{"taxonomy":"product_tag","embeddable":true,"href":"https:\/\/cormac.eu\/cs\/wp-json\/wp\/v2\/product_tag?post=183"}],"curies":[{"name":"wp","href":"https:\/\/api.w.org\/{rel}","templated":true}]}}