{"id":172,"date":"2021-02-02T11:27:41","date_gmt":"2021-02-02T11:27:41","guid":{"rendered":"https:\/\/cormac.tijdelijk.org\/?post_type=product&#038;p=172"},"modified":"2022-05-30T16:25:18","modified_gmt":"2022-05-30T14:25:18","slug":"carugil-omnia-bunch-wrapper-2","status":"publish","type":"product","link":"https:\/\/cormac.eu\/cs\/product\/carugil-omnia-bunch-wrapper\/","title":{"rendered":"Carugil Omnia Bunch wrapper"},"content":{"rendered":"<p>Balic\u00ed stroje \u0159ady Omnia na l\u00edz\u00e1tka jsou nov\u00e9 a inovativn\u00ed balic\u00ed stroje od spole\u010dnosti Carugil. Stroj Omnia je v\u00fdsledkem dlouholet\u00fdch zku\u0161enost\u00ed, v\u00fdzkumu a v\u00fdvoje a byl vyvinut s ohledem na podn\u011bty a v\u00fdrobn\u00ed zku\u0161enosti z\u00e1kazn\u00edk\u016f spole\u010dnosti Carugil po cel\u00e9m sv\u011bt\u011b. Tento nov\u00fd stroj poskytuje spolehlivost, flexibilitu, efektivitu, vysok\u00fd v\u00fdkon a nab\u00edz\u00ed v\u00fdrobci dal\u0161\u00ed funkce, kter\u00e9 pos\u00edl\u00ed jeho l\u00edz\u00e1tka o p\u0159idanou hodnotu, d\u00edky n\u00ed\u017e vyniknou na trhu. Stroj integruje etiketovac\u00ed za\u0159\u00edzen\u00ed, inkoustovou tisk\u00e1rnu, po\u010d\u00edta\u010dov\u00e9 vid\u011bn\u00ed kontroly kvality, integr\u00e1ln\u00ed \u0159\u00edzen\u00ed a komunikaci, automatick\u00e9 plnic\u00ed za\u0159\u00edzen\u00ed,samo\u010distic\u00ed syst\u00e9m pro odstran\u011bn\u00ed p\u0159\u00edpadn\u00fdch pr\u00e1\u0161k\u016f v pod\u00e1vac\u00edm prostoru, pohotovostn\u00ed dr\u017e\u00e1k kotou\u010d\u016f, automatick\u00fd splicer, centrovac\u00ed syst\u00e9my a dal\u0161\u00ed. Stroj m\u016f\u017ee prov\u00e9st bu\u010f t\u011bsn\u00e9 uzav\u0159en\u00ed kolem ty\u010dinky, nebo ponechat mal\u00fd snadno otev\u00edrateln\u00fd okraj. T\u011bsnic\u00ed prvky vyu\u017e\u00edvaj\u00ed elektrick\u00e9 odporov\u00e9 oh\u0159\u00edva\u010de s n\u00edzkou spot\u0159ebou energie.<\/p>\n<p>&nbsp;<\/p>\n<h3>Aplikace<\/h3>\n<p>Jednoduch\u00e9 balen\u00ed svazku pro l\u00edz\u00e1tka ve tvaru koule.<\/p>\n<p>&nbsp;<\/p>\n<h3>Rozsah kapacity<\/h3>\n<p>Omnia 600 :a\u017e 600 ppm<br \/>\nOmnia 2000: a\u017e 1500 ppm<\/p>\n<p>&nbsp;<\/p>\n<table class=\"features\" border=\"0\">\n<tbody>\n<tr>\n<td><strong>Funkce<\/strong><\/td>\n<td><strong>V\u00fdhody<\/strong><\/td>\n<\/tr>\n<tr>\n<td>Konstrukce z nerezov\u00e9 oceli<\/td>\n<td>\n<ul>\n<li>Hygienick\u00e9<\/li>\n<li>Snadn\u00e9 \u010di\u0161t\u011bn\u00ed<\/li>\n<\/ul>\n<\/td>\n<\/tr>\n<tr>\n<td>Bezkart\u00e1\u010dov\u00fd servopohon s n\u00edzkou setrva\u010dnost\u00ed<\/td>\n<td>\n<ul>\n<li>p\u0159esn\u00e9 st\u0159ihy filmu<\/li>\n<li>p\u0159esn\u00e9 polohov\u00e1n\u00ed f\u00f3lie p\u0159i vysokorychlostn\u00edm provozu<\/li>\n<\/ul>\n<\/td>\n<\/tr>\n<tr>\n<td>Snadno vyj\u00edmateln\u00e9 t\u011bsnic\u00ed \u010delisti<\/td>\n<td>\n<ul>\n<li>rychl\u00e9 \u010di\u0161t\u011bn\u00ed<\/li>\n<\/ul>\n<\/td>\n<\/tr>\n<tr>\n<td>Integrovan\u00e9 WIFI + SCADA + RFID + Vision control<\/td>\n<td>\n<ul>\n<li>integrace do intranetu z\u00e1kazn\u00edka<\/li>\n<li>veden\u00ed protokol\u016f a statistik pro jednotliv\u00e9 provozovatele<\/li>\n<li>snadn\u00e9 funkce dotykov\u00e9 obrazovky<\/li>\n<li>Detekce a odm\u00edtnut\u00ed necentrick\u00fdch l\u00edz\u00e1tek po spojov\u00e1n\u00ed<\/li>\n<li>D\u00e1lkov\u00e1 diagnostika<\/li>\n<\/ul>\n<\/td>\n<\/tr>\n<tr>\n<td>Ergonomick\u00fd design<\/td>\n<td>\n<ul>\n<li>v\u0161e viditeln\u00e9<\/li>\n<li>snadn\u00fd p\u0159\u00edstup do vnit\u0159ku stroje<\/li>\n<\/ul>\n<\/td>\n<\/tr>\n<tr>\n<td>Elektrostatick\u00fd vyb\u00edjec\u00ed syst\u00e9m<\/td>\n<td>\n<ul>\n<li>odstran\u011bn\u00ed statick\u00e9ho n\u00e1boje film\u016f<\/li>\n<\/ul>\n<\/td>\n<\/tr>\n<tr>\n<td>Automatick\u00e9 pod\u00e1vac\u00ed a plnic\u00ed za\u0159\u00edzen\u00ed<\/td>\n<td>\n<ul>\n<li>Vysok\u00e1 \u00fa\u010dinnost a sn\u00ed\u017een\u00ed investic<\/li>\n<\/ul>\n<\/td>\n<\/tr>\n<\/tbody>\n<\/table>\n<p>&nbsp;<\/p>","protected":false},"excerpt":{"rendered":"<p>Balic\u00ed stroje \u0159ady Omnia na l\u00edz\u00e1tka jsou nov\u00e9 a inovativn\u00ed balic\u00ed stroje od spole\u010dnosti Carugil. Stroj Omnia je v\u00fdsledkem dlouholet\u00fdch zku\u0161enost\u00ed, v\u00fdzkumu a v\u00fdvoje.<\/p>","protected":false},"featured_media":997,"comment_status":"open","ping_status":"closed","template":"","meta":{"uix_meta_title":"","uix_meta_description":"","uix_canonical_url":""},"product_brand":[],"product_cat":[105],"product_tag":[],"class_list":{"0":"post-172","1":"product","2":"type-product","3":"status-publish","4":"has-post-thumbnail","6":"product_cat-packaging","8":"first","9":"instock","10":"shipping-taxable","11":"product-type-simple"},"_links":{"self":[{"href":"https:\/\/cormac.eu\/cs\/wp-json\/wp\/v2\/product\/172","targetHints":{"allow":["GET"]}}],"collection":[{"href":"https:\/\/cormac.eu\/cs\/wp-json\/wp\/v2\/product"}],"about":[{"href":"https:\/\/cormac.eu\/cs\/wp-json\/wp\/v2\/types\/product"}],"replies":[{"embeddable":true,"href":"https:\/\/cormac.eu\/cs\/wp-json\/wp\/v2\/comments?post=172"}],"wp:featuredmedia":[{"embeddable":true,"href":"https:\/\/cormac.eu\/cs\/wp-json\/wp\/v2\/media\/997"}],"wp:attachment":[{"href":"https:\/\/cormac.eu\/cs\/wp-json\/wp\/v2\/media?parent=172"}],"wp:term":[{"taxonomy":"product_brand","embeddable":true,"href":"https:\/\/cormac.eu\/cs\/wp-json\/wp\/v2\/product_brand?post=172"},{"taxonomy":"product_cat","embeddable":true,"href":"https:\/\/cormac.eu\/cs\/wp-json\/wp\/v2\/product_cat?post=172"},{"taxonomy":"product_tag","embeddable":true,"href":"https:\/\/cormac.eu\/cs\/wp-json\/wp\/v2\/product_tag?post=172"}],"curies":[{"name":"wp","href":"https:\/\/api.w.org\/{rel}","templated":true}]}}